{"id":19339,"date":"2026-04-18T18:19:12","date_gmt":"2026-04-18T16:19:12","guid":{"rendered":"https:\/\/yescase.shop\/?post_type=product&#038;p=19339"},"modified":"2026-04-18T18:19:12","modified_gmt":"2026-04-18T16:19:12","slug":"chargeur-apple-magsafe","status":"publish","type":"product","link":"https:\/\/yescase.shop\/?product=chargeur-apple-magsafe","title":{"rendered":"Chargeur Apple MagSafe"},"content":{"rendered":"","protected":false},"excerpt":{"rendered":"<p>Avec le chargeur MagSafe, la recharge sans fil est une simple formalit\u00e9. Les aimants parfaitement align\u00e9s se fixent aux mod\u00e8les d\u2019iPhone compatibles.<\/p>\n<p>Seuls l\u2019iPhone\u00a012, l\u2019iPhone\u00a013, l\u2019iPhone\u00a014, l\u2019iPhone\u00a015, les mod\u00e8les d\u2019iPhone\u00a016, les mod\u00e8les d\u2019iPhone\u00a017 et l\u2019iPhone\u00a0Air offrent un alignement magn\u00e9tique.<\/p>\n","protected":false},"featured_media":15312,"template":"","meta":[],"product_brand":[],"product_cat":[86,139],"product_tag":[],"class_list":{"0":"post-19339","1":"product","2":"type-product","3":"status-publish","4":"has-post-thumbnail","6":"product_cat-accessoires","7":"product_cat-coques","9":"first","10":"instock","11":"shipping-taxable","12":"purchasable","13":"product-type-simple"},"yoast_head":"<!-- This site is optimized with the Yoast SEO plugin v26.3 - https:\/\/yoast.com\/wordpress\/plugins\/seo\/ -->\n<title>Chargeur Apple MagSafe - YESCASE<\/title>\n<meta name=\"robots\" content=\"index, follow, max-snippet:-1, max-image-preview:large, max-video-preview:-1\" \/>\n<link rel=\"canonical\" href=\"https:\/\/yescase.shop\/?product=chargeur-apple-magsafe\" \/>\n<meta property=\"og:locale\" content=\"fr_FR\" \/>\n<meta property=\"og:type\" content=\"article\" \/>\n<meta property=\"og:title\" content=\"Chargeur Apple MagSafe - YESCASE\" \/>\n<meta property=\"og:description\" content=\"Avec le chargeur MagSafe, la recharge sans fil est une simple formalit\u00e9. Les aimants parfaitement align\u00e9s se fixent aux mod\u00e8les d\u2019iPhone compatibles.  Seuls l\u2019iPhone\u00a012, l\u2019iPhone\u00a013, l\u2019iPhone\u00a014, l\u2019iPhone\u00a015, les mod\u00e8les d\u2019iPhone\u00a016, les mod\u00e8les d\u2019iPhone\u00a017 et l\u2019iPhone\u00a0Air offrent un alignement magn\u00e9tique.\" \/>\n<meta property=\"og:url\" content=\"https:\/\/yescase.shop\/?product=chargeur-apple-magsafe\" \/>\n<meta property=\"og:site_name\" content=\"YESCASE\" \/>\n<meta property=\"og:image\" content=\"https:\/\/yescase.shop\/wp-content\/uploads\/2025\/03\/MX6X3_AV2.jpeg\" \/>\n\t<meta property=\"og:image:width\" content=\"1144\" \/>\n\t<meta property=\"og:image:height\" content=\"1144\" \/>\n\t<meta property=\"og:image:type\" content=\"image\/jpeg\" \/>\n<meta name=\"twitter:card\" content=\"summary_large_image\" \/>\n<meta name=\"twitter:label1\" content=\"Dur\u00e9e de lecture estim\u00e9e\" \/>\n\t<meta name=\"twitter:data1\" content=\"1 minute\" \/>\n<script type=\"application\/ld+json\" class=\"yoast-schema-graph\">{\"@context\":\"https:\/\/schema.org\",\"@graph\":[{\"@type\":\"WebPage\",\"@id\":\"https:\/\/yescase.shop\/?product=chargeur-apple-magsafe\",\"url\":\"https:\/\/yescase.shop\/?product=chargeur-apple-magsafe\",\"name\":\"Chargeur Apple MagSafe - YESCASE\",\"isPartOf\":{\"@id\":\"https:\/\/yescase.shop\/#website\"},\"primaryImageOfPage\":{\"@id\":\"https:\/\/yescase.shop\/?product=chargeur-apple-magsafe#primaryimage\"},\"image\":{\"@id\":\"https:\/\/yescase.shop\/?product=chargeur-apple-magsafe#primaryimage\"},\"thumbnailUrl\":\"https:\/\/yescase.shop\/wp-content\/uploads\/2025\/03\/MX6X3_AV2.jpeg\",\"datePublished\":\"2026-04-18T16:19:12+00:00\",\"breadcrumb\":{\"@id\":\"https:\/\/yescase.shop\/?product=chargeur-apple-magsafe#breadcrumb\"},\"inLanguage\":\"fr-FR\",\"potentialAction\":[{\"@type\":\"ReadAction\",\"target\":[\"https:\/\/yescase.shop\/?product=chargeur-apple-magsafe\"]}]},{\"@type\":\"ImageObject\",\"inLanguage\":\"fr-FR\",\"@id\":\"https:\/\/yescase.shop\/?product=chargeur-apple-magsafe#primaryimage\",\"url\":\"https:\/\/yescase.shop\/wp-content\/uploads\/2025\/03\/MX6X3_AV2.jpeg\",\"contentUrl\":\"https:\/\/yescase.shop\/wp-content\/uploads\/2025\/03\/MX6X3_AV2.jpeg\",\"width\":1144,\"height\":1144},{\"@type\":\"BreadcrumbList\",\"@id\":\"https:\/\/yescase.shop\/?product=chargeur-apple-magsafe#breadcrumb\",\"itemListElement\":[{\"@type\":\"ListItem\",\"position\":1,\"name\":\"Accueil\",\"item\":\"https:\/\/yescase.shop\/\"},{\"@type\":\"ListItem\",\"position\":2,\"name\":\"Boutique\",\"item\":\"https:\/\/yescase.shop\/?page_id=9\"},{\"@type\":\"ListItem\",\"position\":3,\"name\":\"Chargeur Apple MagSafe\"}]},{\"@type\":\"WebSite\",\"@id\":\"https:\/\/yescase.shop\/#website\",\"url\":\"https:\/\/yescase.shop\/\",\"name\":\"FRA\u00ceCHEUR MARINE\",\"description\":\"Site de vente de coques et d\u2019accessoires pour t\u00e9l\u00e9phone.\",\"publisher\":{\"@id\":\"https:\/\/yescase.shop\/#organization\"},\"potentialAction\":[{\"@type\":\"SearchAction\",\"target\":{\"@type\":\"EntryPoint\",\"urlTemplate\":\"https:\/\/yescase.shop\/?s={search_term_string}\"},\"query-input\":{\"@type\":\"PropertyValueSpecification\",\"valueRequired\":true,\"valueName\":\"search_term_string\"}}],\"inLanguage\":\"fr-FR\"},{\"@type\":\"Organization\",\"@id\":\"https:\/\/yescase.shop\/#organization\",\"name\":\"FRA\u00ceCHEUR MARINE\",\"url\":\"https:\/\/yescase.shop\/\",\"logo\":{\"@type\":\"ImageObject\",\"inLanguage\":\"fr-FR\",\"@id\":\"https:\/\/yescase.shop\/#\/schema\/logo\/image\/\",\"url\":\"https:\/\/yescase.shop\/wp-content\/uploads\/2023\/12\/cropped-Plan-de-travail-1.png\",\"contentUrl\":\"https:\/\/yescase.shop\/wp-content\/uploads\/2023\/12\/cropped-Plan-de-travail-1.png\",\"width\":512,\"height\":512,\"caption\":\"FRA\u00ceCHEUR MARINE\"},\"image\":{\"@id\":\"https:\/\/yescase.shop\/#\/schema\/logo\/image\/\"}}]}<\/script>\n<!-- \/ Yoast SEO plugin. -->","yoast_head_json":{"title":"Chargeur Apple MagSafe - YESCASE","robots":{"index":"index","follow":"follow","max-snippet":"max-snippet:-1","max-image-preview":"max-image-preview:large","max-video-preview":"max-video-preview:-1"},"canonical":"https:\/\/yescase.shop\/?product=chargeur-apple-magsafe","og_locale":"fr_FR","og_type":"article","og_title":"Chargeur Apple MagSafe - YESCASE","og_description":"Avec le chargeur MagSafe, la recharge sans fil est une simple formalit\u00e9. Les aimants parfaitement align\u00e9s se fixent aux mod\u00e8les d\u2019iPhone compatibles.  Seuls l\u2019iPhone\u00a012, l\u2019iPhone\u00a013, l\u2019iPhone\u00a014, l\u2019iPhone\u00a015, les mod\u00e8les d\u2019iPhone\u00a016, les mod\u00e8les d\u2019iPhone\u00a017 et l\u2019iPhone\u00a0Air offrent un alignement magn\u00e9tique.","og_url":"https:\/\/yescase.shop\/?product=chargeur-apple-magsafe","og_site_name":"YESCASE","og_image":[{"width":1144,"height":1144,"url":"https:\/\/yescase.shop\/wp-content\/uploads\/2025\/03\/MX6X3_AV2.jpeg","type":"image\/jpeg"}],"twitter_card":"summary_large_image","twitter_misc":{"Dur\u00e9e de lecture estim\u00e9e":"1 minute"},"schema":{"@context":"https:\/\/schema.org","@graph":[{"@type":"WebPage","@id":"https:\/\/yescase.shop\/?product=chargeur-apple-magsafe","url":"https:\/\/yescase.shop\/?product=chargeur-apple-magsafe","name":"Chargeur Apple MagSafe - YESCASE","isPartOf":{"@id":"https:\/\/yescase.shop\/#website"},"primaryImageOfPage":{"@id":"https:\/\/yescase.shop\/?product=chargeur-apple-magsafe#primaryimage"},"image":{"@id":"https:\/\/yescase.shop\/?product=chargeur-apple-magsafe#primaryimage"},"thumbnailUrl":"https:\/\/yescase.shop\/wp-content\/uploads\/2025\/03\/MX6X3_AV2.jpeg","datePublished":"2026-04-18T16:19:12+00:00","breadcrumb":{"@id":"https:\/\/yescase.shop\/?product=chargeur-apple-magsafe#breadcrumb"},"inLanguage":"fr-FR","potentialAction":[{"@type":"ReadAction","target":["https:\/\/yescase.shop\/?product=chargeur-apple-magsafe"]}]},{"@type":"ImageObject","inLanguage":"fr-FR","@id":"https:\/\/yescase.shop\/?product=chargeur-apple-magsafe#primaryimage","url":"https:\/\/yescase.shop\/wp-content\/uploads\/2025\/03\/MX6X3_AV2.jpeg","contentUrl":"https:\/\/yescase.shop\/wp-content\/uploads\/2025\/03\/MX6X3_AV2.jpeg","width":1144,"height":1144},{"@type":"BreadcrumbList","@id":"https:\/\/yescase.shop\/?product=chargeur-apple-magsafe#breadcrumb","itemListElement":[{"@type":"ListItem","position":1,"name":"Accueil","item":"https:\/\/yescase.shop\/"},{"@type":"ListItem","position":2,"name":"Boutique","item":"https:\/\/yescase.shop\/?page_id=9"},{"@type":"ListItem","position":3,"name":"Chargeur Apple MagSafe"}]},{"@type":"WebSite","@id":"https:\/\/yescase.shop\/#website","url":"https:\/\/yescase.shop\/","name":"FRA\u00ceCHEUR MARINE","description":"Site de vente de coques et d\u2019accessoires pour t\u00e9l\u00e9phone.","publisher":{"@id":"https:\/\/yescase.shop\/#organization"},"potentialAction":[{"@type":"SearchAction","target":{"@type":"EntryPoint","urlTemplate":"https:\/\/yescase.shop\/?s={search_term_string}"},"query-input":{"@type":"PropertyValueSpecification","valueRequired":true,"valueName":"search_term_string"}}],"inLanguage":"fr-FR"},{"@type":"Organization","@id":"https:\/\/yescase.shop\/#organization","name":"FRA\u00ceCHEUR MARINE","url":"https:\/\/yescase.shop\/","logo":{"@type":"ImageObject","inLanguage":"fr-FR","@id":"https:\/\/yescase.shop\/#\/schema\/logo\/image\/","url":"https:\/\/yescase.shop\/wp-content\/uploads\/2023\/12\/cropped-Plan-de-travail-1.png","contentUrl":"https:\/\/yescase.shop\/wp-content\/uploads\/2023\/12\/cropped-Plan-de-travail-1.png","width":512,"height":512,"caption":"FRA\u00ceCHEUR MARINE"},"image":{"@id":"https:\/\/yescase.shop\/#\/schema\/logo\/image\/"}}]}},"jetpack_sharing_enabled":true,"_links":{"self":[{"href":"https:\/\/yescase.shop\/index.php?rest_route=\/wp\/v2\/product\/19339","targetHints":{"allow":["GET"]}}],"collection":[{"href":"https:\/\/yescase.shop\/index.php?rest_route=\/wp\/v2\/product"}],"about":[{"href":"https:\/\/yescase.shop\/index.php?rest_route=\/wp\/v2\/types\/product"}],"version-history":[{"count":1,"href":"https:\/\/yescase.shop\/index.php?rest_route=\/wp\/v2\/product\/19339\/revisions"}],"predecessor-version":[{"id":19340,"href":"https:\/\/yescase.shop\/index.php?rest_route=\/wp\/v2\/product\/19339\/revisions\/19340"}],"wp:featuredmedia":[{"embeddable":true,"href":"https:\/\/yescase.shop\/index.php?rest_route=\/wp\/v2\/media\/15312"}],"wp:attachment":[{"href":"https:\/\/yescase.shop\/index.php?rest_route=%2Fwp%2Fv2%2Fmedia&parent=19339"}],"wp:term":[{"taxonomy":"product_brand","embeddable":true,"href":"https:\/\/yescase.shop\/index.php?rest_route=%2Fwp%2Fv2%2Fproduct_brand&post=19339"},{"taxonomy":"product_cat","embeddable":true,"href":"https:\/\/yescase.shop\/index.php?rest_route=%2Fwp%2Fv2%2Fproduct_cat&post=19339"},{"taxonomy":"product_tag","embeddable":true,"href":"https:\/\/yescase.shop\/index.php?rest_route=%2Fwp%2Fv2%2Fproduct_tag&post=19339"}],"curies":[{"name":"wp","href":"https:\/\/api.w.org\/{rel}","templated":true}]}}