{"id":18632,"date":"2025-10-27T22:34:22","date_gmt":"2025-10-27T21:34:22","guid":{"rendered":"https:\/\/yescase.shop\/?post_type=product&#038;p=18632"},"modified":"2025-10-27T22:35:04","modified_gmt":"2025-10-27T21:35:04","slug":"bracelet-silicone-blanc-casse-apple-watch","status":"publish","type":"product","link":"https:\/\/yescase.shop\/?product=bracelet-silicone-blanc-casse-apple-watch","title":{"rendered":"Bracelet Silicone blanc cass\u00e9 &#8211; Apple Watch"},"content":{"rendered":"","protected":false},"excerpt":{"rendered":"<p>L\u00e9ger, r\u00e9sistant \u00e0 l&rsquo;eau et confortable, ce bracelet en silicone est id\u00e9al pour les esprits actifs.<\/p>\n<p><strong>Caract\u00e9ristiques :<\/strong><\/p>\n<ul>\n<li>Mat\u00e9riau : Silicone<\/li>\n<li>Compatibilit\u00e9 :\u00a0disponible pour Apple Watch (38mm, 40mm, 41mm, 42mm, 44mm, 45mm, 46mm et 49mm.)<\/li>\n<li>R\u00e9sistant \u00e0 l&rsquo;eau et \u00e0 la transpiration<\/li>\n<\/ul>\n<hr \/>\n","protected":false},"featured_media":18642,"template":"","meta":[],"product_brand":[],"product_cat":[88,91],"product_tag":[],"class_list":{"0":"post-18632","1":"product","2":"type-product","3":"status-publish","4":"has-post-thumbnail","6":"product_cat-bracelet-apple-watch","7":"product_cat-home-bracelet","9":"first","10":"instock","11":"shipping-taxable","12":"purchasable","13":"product-type-variable"},"yoast_head":"<!-- This site is optimized with the Yoast SEO plugin v26.3 - https:\/\/yoast.com\/wordpress\/plugins\/seo\/ -->\n<title>Bracelet Silicone blanc cass\u00e9 - Apple Watch - YESCASE<\/title>\n<meta name=\"robots\" content=\"index, follow, max-snippet:-1, max-image-preview:large, max-video-preview:-1\" \/>\n<link rel=\"canonical\" href=\"https:\/\/yescase.shop\/?product=bracelet-silicone-blanc-casse-apple-watch\" \/>\n<meta property=\"og:locale\" content=\"fr_FR\" \/>\n<meta property=\"og:type\" content=\"article\" \/>\n<meta property=\"og:title\" content=\"Bracelet Silicone blanc cass\u00e9 - Apple Watch - YESCASE\" \/>\n<meta property=\"og:description\" content=\"L\u00e9ger, r\u00e9sistant \u00e0 l&#039;eau et confortable, ce bracelet en silicone est id\u00e9al pour les esprits actifs.  Caract\u00e9ristiques :   Mat\u00e9riau : Silicone  Compatibilit\u00e9 :\u00a0disponible pour Apple Watch (38mm, 40mm, 41mm, 42mm, 44mm, 45mm, 46mm et 49mm.)  R\u00e9sistant \u00e0 l&#039;eau et \u00e0 la transpiration\" \/>\n<meta property=\"og:url\" content=\"https:\/\/yescase.shop\/?product=bracelet-silicone-blanc-casse-apple-watch\" \/>\n<meta property=\"og:site_name\" content=\"YESCASE\" \/>\n<meta property=\"article:modified_time\" content=\"2025-10-27T21:35:04+00:00\" \/>\n<meta property=\"og:image\" content=\"https:\/\/yescase.shop\/wp-content\/uploads\/2025\/10\/sku-\u3010\u8774\u8776\u6263\u3011\u4e91\u96fe\u7070\u8272.jpg\" \/>\n\t<meta property=\"og:image:width\" content=\"800\" \/>\n\t<meta property=\"og:image:height\" content=\"800\" \/>\n\t<meta property=\"og:image:type\" content=\"image\/jpeg\" \/>\n<meta name=\"twitter:card\" content=\"summary_large_image\" \/>\n<meta name=\"twitter:label1\" content=\"Dur\u00e9e de lecture estim\u00e9e\" \/>\n\t<meta name=\"twitter:data1\" content=\"1 minute\" \/>\n<script type=\"application\/ld+json\" class=\"yoast-schema-graph\">{\"@context\":\"https:\/\/schema.org\",\"@graph\":[{\"@type\":\"WebPage\",\"@id\":\"https:\/\/yescase.shop\/?product=bracelet-silicone-blanc-casse-apple-watch\",\"url\":\"https:\/\/yescase.shop\/?product=bracelet-silicone-blanc-casse-apple-watch\",\"name\":\"Bracelet Silicone blanc cass\u00e9 - Apple Watch - YESCASE\",\"isPartOf\":{\"@id\":\"https:\/\/yescase.shop\/#website\"},\"primaryImageOfPage\":{\"@id\":\"https:\/\/yescase.shop\/?product=bracelet-silicone-blanc-casse-apple-watch#primaryimage\"},\"image\":{\"@id\":\"https:\/\/yescase.shop\/?product=bracelet-silicone-blanc-casse-apple-watch#primaryimage\"},\"thumbnailUrl\":\"https:\/\/yescase.shop\/wp-content\/uploads\/2025\/10\/sku-\u3010\u8774\u8776\u6263\u3011\u4e91\u96fe\u7070\u8272.jpg\",\"datePublished\":\"2025-10-27T21:34:22+00:00\",\"dateModified\":\"2025-10-27T21:35:04+00:00\",\"breadcrumb\":{\"@id\":\"https:\/\/yescase.shop\/?product=bracelet-silicone-blanc-casse-apple-watch#breadcrumb\"},\"inLanguage\":\"fr-FR\",\"potentialAction\":[{\"@type\":\"ReadAction\",\"target\":[\"https:\/\/yescase.shop\/?product=bracelet-silicone-blanc-casse-apple-watch\"]}]},{\"@type\":\"ImageObject\",\"inLanguage\":\"fr-FR\",\"@id\":\"https:\/\/yescase.shop\/?product=bracelet-silicone-blanc-casse-apple-watch#primaryimage\",\"url\":\"https:\/\/yescase.shop\/wp-content\/uploads\/2025\/10\/sku-\u3010\u8774\u8776\u6263\u3011\u4e91\u96fe\u7070\u8272.jpg\",\"contentUrl\":\"https:\/\/yescase.shop\/wp-content\/uploads\/2025\/10\/sku-\u3010\u8774\u8776\u6263\u3011\u4e91\u96fe\u7070\u8272.jpg\",\"width\":800,\"height\":800},{\"@type\":\"BreadcrumbList\",\"@id\":\"https:\/\/yescase.shop\/?product=bracelet-silicone-blanc-casse-apple-watch#breadcrumb\",\"itemListElement\":[{\"@type\":\"ListItem\",\"position\":1,\"name\":\"Accueil\",\"item\":\"https:\/\/yescase.shop\/\"},{\"@type\":\"ListItem\",\"position\":2,\"name\":\"Boutique\",\"item\":\"https:\/\/yescase.shop\/?page_id=9\"},{\"@type\":\"ListItem\",\"position\":3,\"name\":\"Bracelet Silicone blanc cass\u00e9 &#8211; Apple Watch\"}]},{\"@type\":\"WebSite\",\"@id\":\"https:\/\/yescase.shop\/#website\",\"url\":\"https:\/\/yescase.shop\/\",\"name\":\"FRA\u00ceCHEUR MARINE\",\"description\":\"Site de vente de coques et d\u2019accessoires pour t\u00e9l\u00e9phone.\",\"publisher\":{\"@id\":\"https:\/\/yescase.shop\/#organization\"},\"potentialAction\":[{\"@type\":\"SearchAction\",\"target\":{\"@type\":\"EntryPoint\",\"urlTemplate\":\"https:\/\/yescase.shop\/?s={search_term_string}\"},\"query-input\":{\"@type\":\"PropertyValueSpecification\",\"valueRequired\":true,\"valueName\":\"search_term_string\"}}],\"inLanguage\":\"fr-FR\"},{\"@type\":\"Organization\",\"@id\":\"https:\/\/yescase.shop\/#organization\",\"name\":\"FRA\u00ceCHEUR MARINE\",\"url\":\"https:\/\/yescase.shop\/\",\"logo\":{\"@type\":\"ImageObject\",\"inLanguage\":\"fr-FR\",\"@id\":\"https:\/\/yescase.shop\/#\/schema\/logo\/image\/\",\"url\":\"https:\/\/yescase.shop\/wp-content\/uploads\/2023\/12\/cropped-Plan-de-travail-1.png\",\"contentUrl\":\"https:\/\/yescase.shop\/wp-content\/uploads\/2023\/12\/cropped-Plan-de-travail-1.png\",\"width\":512,\"height\":512,\"caption\":\"FRA\u00ceCHEUR MARINE\"},\"image\":{\"@id\":\"https:\/\/yescase.shop\/#\/schema\/logo\/image\/\"}}]}<\/script>\n<!-- \/ Yoast SEO plugin. -->","yoast_head_json":{"title":"Bracelet Silicone blanc cass\u00e9 - Apple Watch - YESCASE","robots":{"index":"index","follow":"follow","max-snippet":"max-snippet:-1","max-image-preview":"max-image-preview:large","max-video-preview":"max-video-preview:-1"},"canonical":"https:\/\/yescase.shop\/?product=bracelet-silicone-blanc-casse-apple-watch","og_locale":"fr_FR","og_type":"article","og_title":"Bracelet Silicone blanc cass\u00e9 - Apple Watch - YESCASE","og_description":"L\u00e9ger, r\u00e9sistant \u00e0 l'eau et confortable, ce bracelet en silicone est id\u00e9al pour les esprits actifs.  Caract\u00e9ristiques :   Mat\u00e9riau : Silicone  Compatibilit\u00e9 :\u00a0disponible pour Apple Watch (38mm, 40mm, 41mm, 42mm, 44mm, 45mm, 46mm et 49mm.)  R\u00e9sistant \u00e0 l'eau et \u00e0 la transpiration","og_url":"https:\/\/yescase.shop\/?product=bracelet-silicone-blanc-casse-apple-watch","og_site_name":"YESCASE","article_modified_time":"2025-10-27T21:35:04+00:00","og_image":[{"width":800,"height":800,"url":"https:\/\/yescase.shop\/wp-content\/uploads\/2025\/10\/sku-\u3010\u8774\u8776\u6263\u3011\u4e91\u96fe\u7070\u8272.jpg","type":"image\/jpeg"}],"twitter_card":"summary_large_image","twitter_misc":{"Dur\u00e9e de lecture estim\u00e9e":"1 minute"},"schema":{"@context":"https:\/\/schema.org","@graph":[{"@type":"WebPage","@id":"https:\/\/yescase.shop\/?product=bracelet-silicone-blanc-casse-apple-watch","url":"https:\/\/yescase.shop\/?product=bracelet-silicone-blanc-casse-apple-watch","name":"Bracelet Silicone blanc cass\u00e9 - Apple Watch - YESCASE","isPartOf":{"@id":"https:\/\/yescase.shop\/#website"},"primaryImageOfPage":{"@id":"https:\/\/yescase.shop\/?product=bracelet-silicone-blanc-casse-apple-watch#primaryimage"},"image":{"@id":"https:\/\/yescase.shop\/?product=bracelet-silicone-blanc-casse-apple-watch#primaryimage"},"thumbnailUrl":"https:\/\/yescase.shop\/wp-content\/uploads\/2025\/10\/sku-\u3010\u8774\u8776\u6263\u3011\u4e91\u96fe\u7070\u8272.jpg","datePublished":"2025-10-27T21:34:22+00:00","dateModified":"2025-10-27T21:35:04+00:00","breadcrumb":{"@id":"https:\/\/yescase.shop\/?product=bracelet-silicone-blanc-casse-apple-watch#breadcrumb"},"inLanguage":"fr-FR","potentialAction":[{"@type":"ReadAction","target":["https:\/\/yescase.shop\/?product=bracelet-silicone-blanc-casse-apple-watch"]}]},{"@type":"ImageObject","inLanguage":"fr-FR","@id":"https:\/\/yescase.shop\/?product=bracelet-silicone-blanc-casse-apple-watch#primaryimage","url":"https:\/\/yescase.shop\/wp-content\/uploads\/2025\/10\/sku-\u3010\u8774\u8776\u6263\u3011\u4e91\u96fe\u7070\u8272.jpg","contentUrl":"https:\/\/yescase.shop\/wp-content\/uploads\/2025\/10\/sku-\u3010\u8774\u8776\u6263\u3011\u4e91\u96fe\u7070\u8272.jpg","width":800,"height":800},{"@type":"BreadcrumbList","@id":"https:\/\/yescase.shop\/?product=bracelet-silicone-blanc-casse-apple-watch#breadcrumb","itemListElement":[{"@type":"ListItem","position":1,"name":"Accueil","item":"https:\/\/yescase.shop\/"},{"@type":"ListItem","position":2,"name":"Boutique","item":"https:\/\/yescase.shop\/?page_id=9"},{"@type":"ListItem","position":3,"name":"Bracelet Silicone blanc cass\u00e9 &#8211; Apple Watch"}]},{"@type":"WebSite","@id":"https:\/\/yescase.shop\/#website","url":"https:\/\/yescase.shop\/","name":"FRA\u00ceCHEUR MARINE","description":"Site de vente de coques et d\u2019accessoires pour t\u00e9l\u00e9phone.","publisher":{"@id":"https:\/\/yescase.shop\/#organization"},"potentialAction":[{"@type":"SearchAction","target":{"@type":"EntryPoint","urlTemplate":"https:\/\/yescase.shop\/?s={search_term_string}"},"query-input":{"@type":"PropertyValueSpecification","valueRequired":true,"valueName":"search_term_string"}}],"inLanguage":"fr-FR"},{"@type":"Organization","@id":"https:\/\/yescase.shop\/#organization","name":"FRA\u00ceCHEUR MARINE","url":"https:\/\/yescase.shop\/","logo":{"@type":"ImageObject","inLanguage":"fr-FR","@id":"https:\/\/yescase.shop\/#\/schema\/logo\/image\/","url":"https:\/\/yescase.shop\/wp-content\/uploads\/2023\/12\/cropped-Plan-de-travail-1.png","contentUrl":"https:\/\/yescase.shop\/wp-content\/uploads\/2023\/12\/cropped-Plan-de-travail-1.png","width":512,"height":512,"caption":"FRA\u00ceCHEUR MARINE"},"image":{"@id":"https:\/\/yescase.shop\/#\/schema\/logo\/image\/"}}]}},"jetpack_sharing_enabled":true,"_links":{"self":[{"href":"https:\/\/yescase.shop\/index.php?rest_route=\/wp\/v2\/product\/18632","targetHints":{"allow":["GET"]}}],"collection":[{"href":"https:\/\/yescase.shop\/index.php?rest_route=\/wp\/v2\/product"}],"about":[{"href":"https:\/\/yescase.shop\/index.php?rest_route=\/wp\/v2\/types\/product"}],"version-history":[{"count":1,"href":"https:\/\/yescase.shop\/index.php?rest_route=\/wp\/v2\/product\/18632\/revisions"}],"predecessor-version":[{"id":18643,"href":"https:\/\/yescase.shop\/index.php?rest_route=\/wp\/v2\/product\/18632\/revisions\/18643"}],"wp:featuredmedia":[{"embeddable":true,"href":"https:\/\/yescase.shop\/index.php?rest_route=\/wp\/v2\/media\/18642"}],"wp:attachment":[{"href":"https:\/\/yescase.shop\/index.php?rest_route=%2Fwp%2Fv2%2Fmedia&parent=18632"}],"wp:term":[{"taxonomy":"product_brand","embeddable":true,"href":"https:\/\/yescase.shop\/index.php?rest_route=%2Fwp%2Fv2%2Fproduct_brand&post=18632"},{"taxonomy":"product_cat","embeddable":true,"href":"https:\/\/yescase.shop\/index.php?rest_route=%2Fwp%2Fv2%2Fproduct_cat&post=18632"},{"taxonomy":"product_tag","embeddable":true,"href":"https:\/\/yescase.shop\/index.php?rest_route=%2Fwp%2Fv2%2Fproduct_tag&post=18632"}],"curies":[{"name":"wp","href":"https:\/\/api.w.org\/{rel}","templated":true}]}}