{"id":18548,"date":"2025-10-27T22:05:47","date_gmt":"2025-10-27T21:05:47","guid":{"rendered":"https:\/\/yescase.shop\/?post_type=product&#038;p=18548"},"modified":"2026-04-13T16:13:27","modified_gmt":"2026-04-13T14:13:27","slug":"bracelet-en-cuir-a-maillons-magnetiques-marron","status":"publish","type":"product","link":"https:\/\/yescase.shop\/?product=bracelet-en-cuir-a-maillons-magnetiques-marron","title":{"rendered":"Bracelet en cuir \u00e0 maillons magn\u00e9tiques \u2013 Marron"},"content":{"rendered":"","protected":false},"excerpt":{"rendered":"<div class=\"para-list as-pdp-lastparalist\">\n<p>Le Bracelet \u00e0 maillons magn\u00e9tique en tissage fin s\u2019enroule \u00e9l\u00e9gamment autour du poignet et se fixe comme par magie, gr\u00e2ce \u00e0 des aimants moul\u00e9s flexibles qui se courbent l\u00e9g\u00e8rement pour assurer un maintien s\u00fbr et confortable tout au long de la journ\u00e9e.<\/p>\n<\/div>\n<div class=\"para-list as-pdp-lastparalist\">\n<p>Fabriqu\u00e9 dans un micro-serg\u00e9 r\u00e9sistant, le mat\u00e9riau en tissage fin a un toucher doux et velours.<\/p>\n<\/div>\n","protected":false},"featured_media":18558,"template":"","meta":[],"product_brand":[],"product_cat":[88],"product_tag":[],"class_list":{"0":"post-18548","1":"product","2":"type-product","3":"status-publish","4":"has-post-thumbnail","6":"product_cat-bracelet-apple-watch","8":"first","9":"instock","10":"shipping-taxable","11":"purchasable","12":"product-type-variable"},"yoast_head":"<!-- This site is optimized with the Yoast SEO plugin v26.3 - https:\/\/yoast.com\/wordpress\/plugins\/seo\/ -->\n<title>Bracelet en cuir \u00e0 maillons magn\u00e9tiques \u2013 Marron - YESCASE<\/title>\n<meta name=\"robots\" content=\"index, follow, max-snippet:-1, max-image-preview:large, max-video-preview:-1\" \/>\n<link rel=\"canonical\" href=\"https:\/\/yescase.shop\/?product=bracelet-en-cuir-a-maillons-magnetiques-marron\" \/>\n<meta property=\"og:locale\" content=\"fr_FR\" \/>\n<meta property=\"og:type\" content=\"article\" \/>\n<meta property=\"og:title\" content=\"Bracelet en cuir \u00e0 maillons magn\u00e9tiques \u2013 Marron - YESCASE\" \/>\n<meta property=\"og:description\" content=\"Le Bracelet \u00e0 maillons magn\u00e9tique en tissage fin s\u2019enroule \u00e9l\u00e9gamment autour du poignet et se fixe comme par magie, gr\u00e2ce \u00e0 des aimants moul\u00e9s flexibles qui se courbent l\u00e9g\u00e8rement pour assurer un maintien s\u00fbr et confortable tout au long de la journ\u00e9e.     Fabriqu\u00e9 dans un micro-serg\u00e9 r\u00e9sistant, le mat\u00e9riau en tissage fin a un toucher doux et velours.\" \/>\n<meta property=\"og:url\" content=\"https:\/\/yescase.shop\/?product=bracelet-en-cuir-a-maillons-magnetiques-marron\" \/>\n<meta property=\"og:site_name\" content=\"YESCASE\" \/>\n<meta property=\"article:modified_time\" content=\"2026-04-13T14:13:27+00:00\" \/>\n<meta property=\"og:image\" content=\"https:\/\/yescase.shop\/wp-content\/uploads\/2025\/10\/IMG_6581.jpg\" \/>\n\t<meta property=\"og:image:width\" content=\"800\" \/>\n\t<meta property=\"og:image:height\" content=\"800\" \/>\n\t<meta property=\"og:image:type\" content=\"image\/jpeg\" \/>\n<meta name=\"twitter:card\" content=\"summary_large_image\" \/>\n<meta name=\"twitter:label1\" content=\"Dur\u00e9e de lecture estim\u00e9e\" \/>\n\t<meta name=\"twitter:data1\" content=\"1 minute\" \/>\n<script type=\"application\/ld+json\" class=\"yoast-schema-graph\">{\"@context\":\"https:\/\/schema.org\",\"@graph\":[{\"@type\":\"WebPage\",\"@id\":\"https:\/\/yescase.shop\/?product=bracelet-en-cuir-a-maillons-magnetiques-marron\",\"url\":\"https:\/\/yescase.shop\/?product=bracelet-en-cuir-a-maillons-magnetiques-marron\",\"name\":\"Bracelet en cuir \u00e0 maillons magn\u00e9tiques \u2013 Marron - YESCASE\",\"isPartOf\":{\"@id\":\"https:\/\/yescase.shop\/#website\"},\"primaryImageOfPage\":{\"@id\":\"https:\/\/yescase.shop\/?product=bracelet-en-cuir-a-maillons-magnetiques-marron#primaryimage\"},\"image\":{\"@id\":\"https:\/\/yescase.shop\/?product=bracelet-en-cuir-a-maillons-magnetiques-marron#primaryimage\"},\"thumbnailUrl\":\"https:\/\/yescase.shop\/wp-content\/uploads\/2025\/10\/IMG_6581.jpg\",\"datePublished\":\"2025-10-27T21:05:47+00:00\",\"dateModified\":\"2026-04-13T14:13:27+00:00\",\"breadcrumb\":{\"@id\":\"https:\/\/yescase.shop\/?product=bracelet-en-cuir-a-maillons-magnetiques-marron#breadcrumb\"},\"inLanguage\":\"fr-FR\",\"potentialAction\":[{\"@type\":\"ReadAction\",\"target\":[\"https:\/\/yescase.shop\/?product=bracelet-en-cuir-a-maillons-magnetiques-marron\"]}]},{\"@type\":\"ImageObject\",\"inLanguage\":\"fr-FR\",\"@id\":\"https:\/\/yescase.shop\/?product=bracelet-en-cuir-a-maillons-magnetiques-marron#primaryimage\",\"url\":\"https:\/\/yescase.shop\/wp-content\/uploads\/2025\/10\/IMG_6581.jpg\",\"contentUrl\":\"https:\/\/yescase.shop\/wp-content\/uploads\/2025\/10\/IMG_6581.jpg\",\"width\":800,\"height\":800},{\"@type\":\"BreadcrumbList\",\"@id\":\"https:\/\/yescase.shop\/?product=bracelet-en-cuir-a-maillons-magnetiques-marron#breadcrumb\",\"itemListElement\":[{\"@type\":\"ListItem\",\"position\":1,\"name\":\"Accueil\",\"item\":\"https:\/\/yescase.shop\/\"},{\"@type\":\"ListItem\",\"position\":2,\"name\":\"Boutique\",\"item\":\"https:\/\/yescase.shop\/?page_id=9\"},{\"@type\":\"ListItem\",\"position\":3,\"name\":\"Bracelet en cuir \u00e0 maillons magn\u00e9tiques \u2013 Marron\"}]},{\"@type\":\"WebSite\",\"@id\":\"https:\/\/yescase.shop\/#website\",\"url\":\"https:\/\/yescase.shop\/\",\"name\":\"FRA\u00ceCHEUR MARINE\",\"description\":\"Site de vente de coques et d\u2019accessoires pour t\u00e9l\u00e9phone.\",\"publisher\":{\"@id\":\"https:\/\/yescase.shop\/#organization\"},\"potentialAction\":[{\"@type\":\"SearchAction\",\"target\":{\"@type\":\"EntryPoint\",\"urlTemplate\":\"https:\/\/yescase.shop\/?s={search_term_string}\"},\"query-input\":{\"@type\":\"PropertyValueSpecification\",\"valueRequired\":true,\"valueName\":\"search_term_string\"}}],\"inLanguage\":\"fr-FR\"},{\"@type\":\"Organization\",\"@id\":\"https:\/\/yescase.shop\/#organization\",\"name\":\"FRA\u00ceCHEUR MARINE\",\"url\":\"https:\/\/yescase.shop\/\",\"logo\":{\"@type\":\"ImageObject\",\"inLanguage\":\"fr-FR\",\"@id\":\"https:\/\/yescase.shop\/#\/schema\/logo\/image\/\",\"url\":\"https:\/\/yescase.shop\/wp-content\/uploads\/2023\/12\/cropped-Plan-de-travail-1.png\",\"contentUrl\":\"https:\/\/yescase.shop\/wp-content\/uploads\/2023\/12\/cropped-Plan-de-travail-1.png\",\"width\":512,\"height\":512,\"caption\":\"FRA\u00ceCHEUR MARINE\"},\"image\":{\"@id\":\"https:\/\/yescase.shop\/#\/schema\/logo\/image\/\"}}]}<\/script>\n<!-- \/ Yoast SEO plugin. -->","yoast_head_json":{"title":"Bracelet en cuir \u00e0 maillons magn\u00e9tiques \u2013 Marron - YESCASE","robots":{"index":"index","follow":"follow","max-snippet":"max-snippet:-1","max-image-preview":"max-image-preview:large","max-video-preview":"max-video-preview:-1"},"canonical":"https:\/\/yescase.shop\/?product=bracelet-en-cuir-a-maillons-magnetiques-marron","og_locale":"fr_FR","og_type":"article","og_title":"Bracelet en cuir \u00e0 maillons magn\u00e9tiques \u2013 Marron - YESCASE","og_description":"Le Bracelet \u00e0 maillons magn\u00e9tique en tissage fin s\u2019enroule \u00e9l\u00e9gamment autour du poignet et se fixe comme par magie, gr\u00e2ce \u00e0 des aimants moul\u00e9s flexibles qui se courbent l\u00e9g\u00e8rement pour assurer un maintien s\u00fbr et confortable tout au long de la journ\u00e9e.     Fabriqu\u00e9 dans un micro-serg\u00e9 r\u00e9sistant, le mat\u00e9riau en tissage fin a un toucher doux et velours.","og_url":"https:\/\/yescase.shop\/?product=bracelet-en-cuir-a-maillons-magnetiques-marron","og_site_name":"YESCASE","article_modified_time":"2026-04-13T14:13:27+00:00","og_image":[{"width":800,"height":800,"url":"https:\/\/yescase.shop\/wp-content\/uploads\/2025\/10\/IMG_6581.jpg","type":"image\/jpeg"}],"twitter_card":"summary_large_image","twitter_misc":{"Dur\u00e9e de lecture estim\u00e9e":"1 minute"},"schema":{"@context":"https:\/\/schema.org","@graph":[{"@type":"WebPage","@id":"https:\/\/yescase.shop\/?product=bracelet-en-cuir-a-maillons-magnetiques-marron","url":"https:\/\/yescase.shop\/?product=bracelet-en-cuir-a-maillons-magnetiques-marron","name":"Bracelet en cuir \u00e0 maillons magn\u00e9tiques \u2013 Marron - YESCASE","isPartOf":{"@id":"https:\/\/yescase.shop\/#website"},"primaryImageOfPage":{"@id":"https:\/\/yescase.shop\/?product=bracelet-en-cuir-a-maillons-magnetiques-marron#primaryimage"},"image":{"@id":"https:\/\/yescase.shop\/?product=bracelet-en-cuir-a-maillons-magnetiques-marron#primaryimage"},"thumbnailUrl":"https:\/\/yescase.shop\/wp-content\/uploads\/2025\/10\/IMG_6581.jpg","datePublished":"2025-10-27T21:05:47+00:00","dateModified":"2026-04-13T14:13:27+00:00","breadcrumb":{"@id":"https:\/\/yescase.shop\/?product=bracelet-en-cuir-a-maillons-magnetiques-marron#breadcrumb"},"inLanguage":"fr-FR","potentialAction":[{"@type":"ReadAction","target":["https:\/\/yescase.shop\/?product=bracelet-en-cuir-a-maillons-magnetiques-marron"]}]},{"@type":"ImageObject","inLanguage":"fr-FR","@id":"https:\/\/yescase.shop\/?product=bracelet-en-cuir-a-maillons-magnetiques-marron#primaryimage","url":"https:\/\/yescase.shop\/wp-content\/uploads\/2025\/10\/IMG_6581.jpg","contentUrl":"https:\/\/yescase.shop\/wp-content\/uploads\/2025\/10\/IMG_6581.jpg","width":800,"height":800},{"@type":"BreadcrumbList","@id":"https:\/\/yescase.shop\/?product=bracelet-en-cuir-a-maillons-magnetiques-marron#breadcrumb","itemListElement":[{"@type":"ListItem","position":1,"name":"Accueil","item":"https:\/\/yescase.shop\/"},{"@type":"ListItem","position":2,"name":"Boutique","item":"https:\/\/yescase.shop\/?page_id=9"},{"@type":"ListItem","position":3,"name":"Bracelet en cuir \u00e0 maillons magn\u00e9tiques \u2013 Marron"}]},{"@type":"WebSite","@id":"https:\/\/yescase.shop\/#website","url":"https:\/\/yescase.shop\/","name":"FRA\u00ceCHEUR MARINE","description":"Site de vente de coques et d\u2019accessoires pour t\u00e9l\u00e9phone.","publisher":{"@id":"https:\/\/yescase.shop\/#organization"},"potentialAction":[{"@type":"SearchAction","target":{"@type":"EntryPoint","urlTemplate":"https:\/\/yescase.shop\/?s={search_term_string}"},"query-input":{"@type":"PropertyValueSpecification","valueRequired":true,"valueName":"search_term_string"}}],"inLanguage":"fr-FR"},{"@type":"Organization","@id":"https:\/\/yescase.shop\/#organization","name":"FRA\u00ceCHEUR MARINE","url":"https:\/\/yescase.shop\/","logo":{"@type":"ImageObject","inLanguage":"fr-FR","@id":"https:\/\/yescase.shop\/#\/schema\/logo\/image\/","url":"https:\/\/yescase.shop\/wp-content\/uploads\/2023\/12\/cropped-Plan-de-travail-1.png","contentUrl":"https:\/\/yescase.shop\/wp-content\/uploads\/2023\/12\/cropped-Plan-de-travail-1.png","width":512,"height":512,"caption":"FRA\u00ceCHEUR MARINE"},"image":{"@id":"https:\/\/yescase.shop\/#\/schema\/logo\/image\/"}}]}},"jetpack_sharing_enabled":true,"_links":{"self":[{"href":"https:\/\/yescase.shop\/index.php?rest_route=\/wp\/v2\/product\/18548","targetHints":{"allow":["GET"]}}],"collection":[{"href":"https:\/\/yescase.shop\/index.php?rest_route=\/wp\/v2\/product"}],"about":[{"href":"https:\/\/yescase.shop\/index.php?rest_route=\/wp\/v2\/types\/product"}],"version-history":[{"count":1,"href":"https:\/\/yescase.shop\/index.php?rest_route=\/wp\/v2\/product\/18548\/revisions"}],"predecessor-version":[{"id":18559,"href":"https:\/\/yescase.shop\/index.php?rest_route=\/wp\/v2\/product\/18548\/revisions\/18559"}],"wp:featuredmedia":[{"embeddable":true,"href":"https:\/\/yescase.shop\/index.php?rest_route=\/wp\/v2\/media\/18558"}],"wp:attachment":[{"href":"https:\/\/yescase.shop\/index.php?rest_route=%2Fwp%2Fv2%2Fmedia&parent=18548"}],"wp:term":[{"taxonomy":"product_brand","embeddable":true,"href":"https:\/\/yescase.shop\/index.php?rest_route=%2Fwp%2Fv2%2Fproduct_brand&post=18548"},{"taxonomy":"product_cat","embeddable":true,"href":"https:\/\/yescase.shop\/index.php?rest_route=%2Fwp%2Fv2%2Fproduct_cat&post=18548"},{"taxonomy":"product_tag","embeddable":true,"href":"https:\/\/yescase.shop\/index.php?rest_route=%2Fwp%2Fv2%2Fproduct_tag&post=18548"}],"curies":[{"name":"wp","href":"https:\/\/api.w.org\/{rel}","templated":true}]}}