{"id":16110,"date":"2025-03-30T22:07:15","date_gmt":"2025-03-30T20:07:15","guid":{"rendered":"https:\/\/yescase.shop\/?post_type=product&#038;p=16110"},"modified":"2026-04-01T18:16:57","modified_gmt":"2026-04-01T16:16:57","slug":"coque-en-cuir-elegante-a-texture-marbre-compatible-magsafe-bleu","status":"publish","type":"product","link":"https:\/\/yescase.shop\/?product=coque-en-cuir-elegante-a-texture-marbre-compatible-magsafe-bleu","title":{"rendered":"Coque en cuir \u00e9l\u00e9gante \u00e0 texture marbre, compatible MagSafe &#8211; Bleu"},"content":{"rendered":"","protected":false},"excerpt":{"rendered":"","protected":false},"featured_media":16129,"template":"","meta":[],"product_brand":[],"product_cat":[139],"product_tag":[],"class_list":{"0":"post-16110","1":"product","2":"type-product","3":"status-publish","4":"has-post-thumbnail","6":"product_cat-coques","8":"first","9":"instock","10":"sale","11":"shipping-taxable","12":"purchasable","13":"product-type-variable"},"yoast_head":"<!-- This site is optimized with the Yoast SEO plugin v26.3 - https:\/\/yoast.com\/wordpress\/plugins\/seo\/ -->\n<title>Coque en cuir \u00e9l\u00e9gante \u00e0 texture marbre, compatible MagSafe - Bleu - YESCASE<\/title>\n<meta name=\"robots\" content=\"index, follow, max-snippet:-1, max-image-preview:large, max-video-preview:-1\" \/>\n<link rel=\"canonical\" href=\"https:\/\/yescase.shop\/?product=coque-en-cuir-elegante-a-texture-marbre-compatible-magsafe-bleu\" \/>\n<meta property=\"og:locale\" content=\"fr_FR\" \/>\n<meta property=\"og:type\" content=\"article\" \/>\n<meta property=\"og:title\" content=\"Coque en cuir \u00e9l\u00e9gante \u00e0 texture marbre, compatible MagSafe - Bleu - YESCASE\" \/>\n<meta property=\"og:url\" content=\"https:\/\/yescase.shop\/?product=coque-en-cuir-elegante-a-texture-marbre-compatible-magsafe-bleu\" \/>\n<meta property=\"og:site_name\" content=\"YESCASE\" \/>\n<meta property=\"article:modified_time\" content=\"2026-04-01T16:16:57+00:00\" \/>\n<meta property=\"og:image\" content=\"https:\/\/yescase.shop\/wp-content\/uploads\/2025\/03\/www-1.jpg\" \/>\n\t<meta property=\"og:image:width\" content=\"1080\" \/>\n\t<meta property=\"og:image:height\" content=\"1080\" \/>\n\t<meta property=\"og:image:type\" content=\"image\/jpeg\" \/>\n<meta name=\"twitter:card\" content=\"summary_large_image\" \/>\n<meta name=\"twitter:label1\" content=\"Dur\u00e9e de lecture estim\u00e9e\" \/>\n\t<meta name=\"twitter:data1\" content=\"1 minute\" \/>\n<script type=\"application\/ld+json\" class=\"yoast-schema-graph\">{\"@context\":\"https:\/\/schema.org\",\"@graph\":[{\"@type\":\"WebPage\",\"@id\":\"https:\/\/yescase.shop\/?product=coque-en-cuir-elegante-a-texture-marbre-compatible-magsafe-bleu\",\"url\":\"https:\/\/yescase.shop\/?product=coque-en-cuir-elegante-a-texture-marbre-compatible-magsafe-bleu\",\"name\":\"Coque en cuir \u00e9l\u00e9gante \u00e0 texture marbre, compatible MagSafe - Bleu - YESCASE\",\"isPartOf\":{\"@id\":\"https:\/\/yescase.shop\/#website\"},\"primaryImageOfPage\":{\"@id\":\"https:\/\/yescase.shop\/?product=coque-en-cuir-elegante-a-texture-marbre-compatible-magsafe-bleu#primaryimage\"},\"image\":{\"@id\":\"https:\/\/yescase.shop\/?product=coque-en-cuir-elegante-a-texture-marbre-compatible-magsafe-bleu#primaryimage\"},\"thumbnailUrl\":\"https:\/\/yescase.shop\/wp-content\/uploads\/2025\/03\/www-1.jpg\",\"datePublished\":\"2025-03-30T20:07:15+00:00\",\"dateModified\":\"2026-04-01T16:16:57+00:00\",\"breadcrumb\":{\"@id\":\"https:\/\/yescase.shop\/?product=coque-en-cuir-elegante-a-texture-marbre-compatible-magsafe-bleu#breadcrumb\"},\"inLanguage\":\"fr-FR\",\"potentialAction\":[{\"@type\":\"ReadAction\",\"target\":[\"https:\/\/yescase.shop\/?product=coque-en-cuir-elegante-a-texture-marbre-compatible-magsafe-bleu\"]}]},{\"@type\":\"ImageObject\",\"inLanguage\":\"fr-FR\",\"@id\":\"https:\/\/yescase.shop\/?product=coque-en-cuir-elegante-a-texture-marbre-compatible-magsafe-bleu#primaryimage\",\"url\":\"https:\/\/yescase.shop\/wp-content\/uploads\/2025\/03\/www-1.jpg\",\"contentUrl\":\"https:\/\/yescase.shop\/wp-content\/uploads\/2025\/03\/www-1.jpg\",\"width\":1080,\"height\":1080},{\"@type\":\"BreadcrumbList\",\"@id\":\"https:\/\/yescase.shop\/?product=coque-en-cuir-elegante-a-texture-marbre-compatible-magsafe-bleu#breadcrumb\",\"itemListElement\":[{\"@type\":\"ListItem\",\"position\":1,\"name\":\"Accueil\",\"item\":\"https:\/\/yescase.shop\/\"},{\"@type\":\"ListItem\",\"position\":2,\"name\":\"Boutique\",\"item\":\"https:\/\/yescase.shop\/?page_id=9\"},{\"@type\":\"ListItem\",\"position\":3,\"name\":\"Coque en cuir \u00e9l\u00e9gante \u00e0 texture marbre, compatible MagSafe &#8211; Bleu\"}]},{\"@type\":\"WebSite\",\"@id\":\"https:\/\/yescase.shop\/#website\",\"url\":\"https:\/\/yescase.shop\/\",\"name\":\"FRA\u00ceCHEUR MARINE\",\"description\":\"Site de vente de coques et d\u2019accessoires pour t\u00e9l\u00e9phone.\",\"publisher\":{\"@id\":\"https:\/\/yescase.shop\/#organization\"},\"potentialAction\":[{\"@type\":\"SearchAction\",\"target\":{\"@type\":\"EntryPoint\",\"urlTemplate\":\"https:\/\/yescase.shop\/?s={search_term_string}\"},\"query-input\":{\"@type\":\"PropertyValueSpecification\",\"valueRequired\":true,\"valueName\":\"search_term_string\"}}],\"inLanguage\":\"fr-FR\"},{\"@type\":\"Organization\",\"@id\":\"https:\/\/yescase.shop\/#organization\",\"name\":\"FRA\u00ceCHEUR MARINE\",\"url\":\"https:\/\/yescase.shop\/\",\"logo\":{\"@type\":\"ImageObject\",\"inLanguage\":\"fr-FR\",\"@id\":\"https:\/\/yescase.shop\/#\/schema\/logo\/image\/\",\"url\":\"https:\/\/yescase.shop\/wp-content\/uploads\/2023\/12\/cropped-Plan-de-travail-1.png\",\"contentUrl\":\"https:\/\/yescase.shop\/wp-content\/uploads\/2023\/12\/cropped-Plan-de-travail-1.png\",\"width\":512,\"height\":512,\"caption\":\"FRA\u00ceCHEUR MARINE\"},\"image\":{\"@id\":\"https:\/\/yescase.shop\/#\/schema\/logo\/image\/\"}}]}<\/script>\n<!-- \/ Yoast SEO plugin. -->","yoast_head_json":{"title":"Coque en cuir \u00e9l\u00e9gante \u00e0 texture marbre, compatible MagSafe - Bleu - YESCASE","robots":{"index":"index","follow":"follow","max-snippet":"max-snippet:-1","max-image-preview":"max-image-preview:large","max-video-preview":"max-video-preview:-1"},"canonical":"https:\/\/yescase.shop\/?product=coque-en-cuir-elegante-a-texture-marbre-compatible-magsafe-bleu","og_locale":"fr_FR","og_type":"article","og_title":"Coque en cuir \u00e9l\u00e9gante \u00e0 texture marbre, compatible MagSafe - Bleu - YESCASE","og_url":"https:\/\/yescase.shop\/?product=coque-en-cuir-elegante-a-texture-marbre-compatible-magsafe-bleu","og_site_name":"YESCASE","article_modified_time":"2026-04-01T16:16:57+00:00","og_image":[{"width":1080,"height":1080,"url":"https:\/\/yescase.shop\/wp-content\/uploads\/2025\/03\/www-1.jpg","type":"image\/jpeg"}],"twitter_card":"summary_large_image","twitter_misc":{"Dur\u00e9e de lecture estim\u00e9e":"1 minute"},"schema":{"@context":"https:\/\/schema.org","@graph":[{"@type":"WebPage","@id":"https:\/\/yescase.shop\/?product=coque-en-cuir-elegante-a-texture-marbre-compatible-magsafe-bleu","url":"https:\/\/yescase.shop\/?product=coque-en-cuir-elegante-a-texture-marbre-compatible-magsafe-bleu","name":"Coque en cuir \u00e9l\u00e9gante \u00e0 texture marbre, compatible MagSafe - Bleu - YESCASE","isPartOf":{"@id":"https:\/\/yescase.shop\/#website"},"primaryImageOfPage":{"@id":"https:\/\/yescase.shop\/?product=coque-en-cuir-elegante-a-texture-marbre-compatible-magsafe-bleu#primaryimage"},"image":{"@id":"https:\/\/yescase.shop\/?product=coque-en-cuir-elegante-a-texture-marbre-compatible-magsafe-bleu#primaryimage"},"thumbnailUrl":"https:\/\/yescase.shop\/wp-content\/uploads\/2025\/03\/www-1.jpg","datePublished":"2025-03-30T20:07:15+00:00","dateModified":"2026-04-01T16:16:57+00:00","breadcrumb":{"@id":"https:\/\/yescase.shop\/?product=coque-en-cuir-elegante-a-texture-marbre-compatible-magsafe-bleu#breadcrumb"},"inLanguage":"fr-FR","potentialAction":[{"@type":"ReadAction","target":["https:\/\/yescase.shop\/?product=coque-en-cuir-elegante-a-texture-marbre-compatible-magsafe-bleu"]}]},{"@type":"ImageObject","inLanguage":"fr-FR","@id":"https:\/\/yescase.shop\/?product=coque-en-cuir-elegante-a-texture-marbre-compatible-magsafe-bleu#primaryimage","url":"https:\/\/yescase.shop\/wp-content\/uploads\/2025\/03\/www-1.jpg","contentUrl":"https:\/\/yescase.shop\/wp-content\/uploads\/2025\/03\/www-1.jpg","width":1080,"height":1080},{"@type":"BreadcrumbList","@id":"https:\/\/yescase.shop\/?product=coque-en-cuir-elegante-a-texture-marbre-compatible-magsafe-bleu#breadcrumb","itemListElement":[{"@type":"ListItem","position":1,"name":"Accueil","item":"https:\/\/yescase.shop\/"},{"@type":"ListItem","position":2,"name":"Boutique","item":"https:\/\/yescase.shop\/?page_id=9"},{"@type":"ListItem","position":3,"name":"Coque en cuir \u00e9l\u00e9gante \u00e0 texture marbre, compatible MagSafe &#8211; Bleu"}]},{"@type":"WebSite","@id":"https:\/\/yescase.shop\/#website","url":"https:\/\/yescase.shop\/","name":"FRA\u00ceCHEUR MARINE","description":"Site de vente de coques et d\u2019accessoires pour t\u00e9l\u00e9phone.","publisher":{"@id":"https:\/\/yescase.shop\/#organization"},"potentialAction":[{"@type":"SearchAction","target":{"@type":"EntryPoint","urlTemplate":"https:\/\/yescase.shop\/?s={search_term_string}"},"query-input":{"@type":"PropertyValueSpecification","valueRequired":true,"valueName":"search_term_string"}}],"inLanguage":"fr-FR"},{"@type":"Organization","@id":"https:\/\/yescase.shop\/#organization","name":"FRA\u00ceCHEUR MARINE","url":"https:\/\/yescase.shop\/","logo":{"@type":"ImageObject","inLanguage":"fr-FR","@id":"https:\/\/yescase.shop\/#\/schema\/logo\/image\/","url":"https:\/\/yescase.shop\/wp-content\/uploads\/2023\/12\/cropped-Plan-de-travail-1.png","contentUrl":"https:\/\/yescase.shop\/wp-content\/uploads\/2023\/12\/cropped-Plan-de-travail-1.png","width":512,"height":512,"caption":"FRA\u00ceCHEUR MARINE"},"image":{"@id":"https:\/\/yescase.shop\/#\/schema\/logo\/image\/"}}]}},"jetpack_sharing_enabled":true,"_links":{"self":[{"href":"https:\/\/yescase.shop\/index.php?rest_route=\/wp\/v2\/product\/16110","targetHints":{"allow":["GET"]}}],"collection":[{"href":"https:\/\/yescase.shop\/index.php?rest_route=\/wp\/v2\/product"}],"about":[{"href":"https:\/\/yescase.shop\/index.php?rest_route=\/wp\/v2\/types\/product"}],"version-history":[{"count":1,"href":"https:\/\/yescase.shop\/index.php?rest_route=\/wp\/v2\/product\/16110\/revisions"}],"predecessor-version":[{"id":16131,"href":"https:\/\/yescase.shop\/index.php?rest_route=\/wp\/v2\/product\/16110\/revisions\/16131"}],"wp:featuredmedia":[{"embeddable":true,"href":"https:\/\/yescase.shop\/index.php?rest_route=\/wp\/v2\/media\/16129"}],"wp:attachment":[{"href":"https:\/\/yescase.shop\/index.php?rest_route=%2Fwp%2Fv2%2Fmedia&parent=16110"}],"wp:term":[{"taxonomy":"product_brand","embeddable":true,"href":"https:\/\/yescase.shop\/index.php?rest_route=%2Fwp%2Fv2%2Fproduct_brand&post=16110"},{"taxonomy":"product_cat","embeddable":true,"href":"https:\/\/yescase.shop\/index.php?rest_route=%2Fwp%2Fv2%2Fproduct_cat&post=16110"},{"taxonomy":"product_tag","embeddable":true,"href":"https:\/\/yescase.shop\/index.php?rest_route=%2Fwp%2Fv2%2Fproduct_tag&post=16110"}],"curies":[{"name":"wp","href":"https:\/\/api.w.org\/{rel}","templated":true}]}}