{"id":15921,"date":"2025-03-17T13:27:49","date_gmt":"2025-03-17T12:27:49","guid":{"rendered":"https:\/\/yescase.shop\/?post_type=product&#038;p=15921"},"modified":"2025-10-17T21:00:09","modified_gmt":"2025-10-17T19:00:09","slug":"housse-airpods-en-cuir-bleu","status":"publish","type":"product","link":"https:\/\/yescase.shop\/?product=housse-airpods-en-cuir-bleu","title":{"rendered":"Housse AirPods en cuir veritable &#8211; Bleu"},"content":{"rendered":"","protected":false},"excerpt":{"rendered":"<p>\u00c9tui en cuir de qualit\u00e9 sup\u00e9rieure pour Airpods avec porte-cl\u00e9s. L&rsquo;ext\u00e9rieur de l&rsquo;\u00e9tui pour Airpods est recouvert de cuir de qualit\u00e9 sup\u00e9rieure pour une protection quotidienne raffin\u00e9e. L&rsquo;int\u00e9rieur est doubl\u00e9 d&rsquo;un cadre en polycarbonate pour une double protection et une r\u00e9sistance accrue. La surface en cuir conservera sa beaut\u00e9 au fil du temps ! Cet \u00e9tui de chargement sans fil offre une protection compl\u00e8te et optimale aux Apple Airpods.<\/p>\n","protected":false},"featured_media":15922,"template":"","meta":[],"product_brand":[],"product_cat":[86,88],"product_tag":[],"class_list":{"0":"post-15921","1":"product","2":"type-product","3":"status-publish","4":"has-post-thumbnail","6":"product_cat-accessoires","7":"product_cat-bracelet-apple-watch","9":"first","10":"instock","11":"shipping-taxable","12":"purchasable","13":"product-type-variable"},"yoast_head":"<!-- This site is optimized with the Yoast SEO plugin v26.3 - https:\/\/yoast.com\/wordpress\/plugins\/seo\/ -->\n<title>Housse AirPods en cuir veritable - Bleu - YESCASE<\/title>\n<meta name=\"robots\" content=\"index, follow, max-snippet:-1, max-image-preview:large, max-video-preview:-1\" \/>\n<link rel=\"canonical\" href=\"https:\/\/yescase.shop\/?product=housse-airpods-en-cuir-bleu\" \/>\n<meta property=\"og:locale\" content=\"fr_FR\" \/>\n<meta property=\"og:type\" content=\"article\" \/>\n<meta property=\"og:title\" content=\"Housse AirPods en cuir veritable - Bleu - YESCASE\" \/>\n<meta property=\"og:description\" content=\"\u00c9tui en cuir de qualit\u00e9 sup\u00e9rieure pour Airpods avec porte-cl\u00e9s. L&#039;ext\u00e9rieur de l&#039;\u00e9tui pour Airpods est recouvert de cuir de qualit\u00e9 sup\u00e9rieure pour une protection quotidienne raffin\u00e9e. L&#039;int\u00e9rieur est doubl\u00e9 d&#039;un cadre en polycarbonate pour une double protection et une r\u00e9sistance accrue. La surface en cuir conservera sa beaut\u00e9 au fil du temps ! Cet \u00e9tui de chargement sans fil offre une protection compl\u00e8te et optimale aux Apple Airpods.\" \/>\n<meta property=\"og:url\" content=\"https:\/\/yescase.shop\/?product=housse-airpods-en-cuir-bleu\" \/>\n<meta property=\"og:site_name\" content=\"YESCASE\" \/>\n<meta property=\"article:modified_time\" content=\"2025-10-17T19:00:09+00:00\" \/>\n<meta property=\"og:image\" content=\"https:\/\/yescase.shop\/wp-content\/uploads\/2025\/03\/H5aede576b7ee4cd2975d0b983f619cf25.jpeg\" \/>\n\t<meta property=\"og:image:width\" content=\"1000\" \/>\n\t<meta property=\"og:image:height\" content=\"1000\" \/>\n\t<meta property=\"og:image:type\" content=\"image\/jpeg\" \/>\n<meta name=\"twitter:card\" content=\"summary_large_image\" \/>\n<meta name=\"twitter:label1\" content=\"Dur\u00e9e de lecture estim\u00e9e\" \/>\n\t<meta name=\"twitter:data1\" content=\"1 minute\" \/>\n<script type=\"application\/ld+json\" class=\"yoast-schema-graph\">{\"@context\":\"https:\/\/schema.org\",\"@graph\":[{\"@type\":\"WebPage\",\"@id\":\"https:\/\/yescase.shop\/?product=housse-airpods-en-cuir-bleu\",\"url\":\"https:\/\/yescase.shop\/?product=housse-airpods-en-cuir-bleu\",\"name\":\"Housse AirPods en cuir veritable - Bleu - YESCASE\",\"isPartOf\":{\"@id\":\"https:\/\/yescase.shop\/#website\"},\"primaryImageOfPage\":{\"@id\":\"https:\/\/yescase.shop\/?product=housse-airpods-en-cuir-bleu#primaryimage\"},\"image\":{\"@id\":\"https:\/\/yescase.shop\/?product=housse-airpods-en-cuir-bleu#primaryimage\"},\"thumbnailUrl\":\"https:\/\/yescase.shop\/wp-content\/uploads\/2025\/03\/H5aede576b7ee4cd2975d0b983f619cf25.jpeg\",\"datePublished\":\"2025-03-17T12:27:49+00:00\",\"dateModified\":\"2025-10-17T19:00:09+00:00\",\"breadcrumb\":{\"@id\":\"https:\/\/yescase.shop\/?product=housse-airpods-en-cuir-bleu#breadcrumb\"},\"inLanguage\":\"fr-FR\",\"potentialAction\":[{\"@type\":\"ReadAction\",\"target\":[\"https:\/\/yescase.shop\/?product=housse-airpods-en-cuir-bleu\"]}]},{\"@type\":\"ImageObject\",\"inLanguage\":\"fr-FR\",\"@id\":\"https:\/\/yescase.shop\/?product=housse-airpods-en-cuir-bleu#primaryimage\",\"url\":\"https:\/\/yescase.shop\/wp-content\/uploads\/2025\/03\/H5aede576b7ee4cd2975d0b983f619cf25.jpeg\",\"contentUrl\":\"https:\/\/yescase.shop\/wp-content\/uploads\/2025\/03\/H5aede576b7ee4cd2975d0b983f619cf25.jpeg\",\"width\":1000,\"height\":1000},{\"@type\":\"BreadcrumbList\",\"@id\":\"https:\/\/yescase.shop\/?product=housse-airpods-en-cuir-bleu#breadcrumb\",\"itemListElement\":[{\"@type\":\"ListItem\",\"position\":1,\"name\":\"Accueil\",\"item\":\"https:\/\/yescase.shop\/\"},{\"@type\":\"ListItem\",\"position\":2,\"name\":\"Boutique\",\"item\":\"https:\/\/yescase.shop\/?page_id=9\"},{\"@type\":\"ListItem\",\"position\":3,\"name\":\"Housse AirPods en cuir veritable &#8211; Bleu\"}]},{\"@type\":\"WebSite\",\"@id\":\"https:\/\/yescase.shop\/#website\",\"url\":\"https:\/\/yescase.shop\/\",\"name\":\"FRA\u00ceCHEUR MARINE\",\"description\":\"Site de vente de coques et d\u2019accessoires pour t\u00e9l\u00e9phone.\",\"publisher\":{\"@id\":\"https:\/\/yescase.shop\/#organization\"},\"potentialAction\":[{\"@type\":\"SearchAction\",\"target\":{\"@type\":\"EntryPoint\",\"urlTemplate\":\"https:\/\/yescase.shop\/?s={search_term_string}\"},\"query-input\":{\"@type\":\"PropertyValueSpecification\",\"valueRequired\":true,\"valueName\":\"search_term_string\"}}],\"inLanguage\":\"fr-FR\"},{\"@type\":\"Organization\",\"@id\":\"https:\/\/yescase.shop\/#organization\",\"name\":\"FRA\u00ceCHEUR MARINE\",\"url\":\"https:\/\/yescase.shop\/\",\"logo\":{\"@type\":\"ImageObject\",\"inLanguage\":\"fr-FR\",\"@id\":\"https:\/\/yescase.shop\/#\/schema\/logo\/image\/\",\"url\":\"https:\/\/yescase.shop\/wp-content\/uploads\/2023\/12\/cropped-Plan-de-travail-1.png\",\"contentUrl\":\"https:\/\/yescase.shop\/wp-content\/uploads\/2023\/12\/cropped-Plan-de-travail-1.png\",\"width\":512,\"height\":512,\"caption\":\"FRA\u00ceCHEUR MARINE\"},\"image\":{\"@id\":\"https:\/\/yescase.shop\/#\/schema\/logo\/image\/\"}}]}<\/script>\n<!-- \/ Yoast SEO plugin. -->","yoast_head_json":{"title":"Housse AirPods en cuir veritable - Bleu - YESCASE","robots":{"index":"index","follow":"follow","max-snippet":"max-snippet:-1","max-image-preview":"max-image-preview:large","max-video-preview":"max-video-preview:-1"},"canonical":"https:\/\/yescase.shop\/?product=housse-airpods-en-cuir-bleu","og_locale":"fr_FR","og_type":"article","og_title":"Housse AirPods en cuir veritable - Bleu - YESCASE","og_description":"\u00c9tui en cuir de qualit\u00e9 sup\u00e9rieure pour Airpods avec porte-cl\u00e9s. L'ext\u00e9rieur de l'\u00e9tui pour Airpods est recouvert de cuir de qualit\u00e9 sup\u00e9rieure pour une protection quotidienne raffin\u00e9e. L'int\u00e9rieur est doubl\u00e9 d'un cadre en polycarbonate pour une double protection et une r\u00e9sistance accrue. La surface en cuir conservera sa beaut\u00e9 au fil du temps ! Cet \u00e9tui de chargement sans fil offre une protection compl\u00e8te et optimale aux Apple Airpods.","og_url":"https:\/\/yescase.shop\/?product=housse-airpods-en-cuir-bleu","og_site_name":"YESCASE","article_modified_time":"2025-10-17T19:00:09+00:00","og_image":[{"width":1000,"height":1000,"url":"https:\/\/yescase.shop\/wp-content\/uploads\/2025\/03\/H5aede576b7ee4cd2975d0b983f619cf25.jpeg","type":"image\/jpeg"}],"twitter_card":"summary_large_image","twitter_misc":{"Dur\u00e9e de lecture estim\u00e9e":"1 minute"},"schema":{"@context":"https:\/\/schema.org","@graph":[{"@type":"WebPage","@id":"https:\/\/yescase.shop\/?product=housse-airpods-en-cuir-bleu","url":"https:\/\/yescase.shop\/?product=housse-airpods-en-cuir-bleu","name":"Housse AirPods en cuir veritable - Bleu - YESCASE","isPartOf":{"@id":"https:\/\/yescase.shop\/#website"},"primaryImageOfPage":{"@id":"https:\/\/yescase.shop\/?product=housse-airpods-en-cuir-bleu#primaryimage"},"image":{"@id":"https:\/\/yescase.shop\/?product=housse-airpods-en-cuir-bleu#primaryimage"},"thumbnailUrl":"https:\/\/yescase.shop\/wp-content\/uploads\/2025\/03\/H5aede576b7ee4cd2975d0b983f619cf25.jpeg","datePublished":"2025-03-17T12:27:49+00:00","dateModified":"2025-10-17T19:00:09+00:00","breadcrumb":{"@id":"https:\/\/yescase.shop\/?product=housse-airpods-en-cuir-bleu#breadcrumb"},"inLanguage":"fr-FR","potentialAction":[{"@type":"ReadAction","target":["https:\/\/yescase.shop\/?product=housse-airpods-en-cuir-bleu"]}]},{"@type":"ImageObject","inLanguage":"fr-FR","@id":"https:\/\/yescase.shop\/?product=housse-airpods-en-cuir-bleu#primaryimage","url":"https:\/\/yescase.shop\/wp-content\/uploads\/2025\/03\/H5aede576b7ee4cd2975d0b983f619cf25.jpeg","contentUrl":"https:\/\/yescase.shop\/wp-content\/uploads\/2025\/03\/H5aede576b7ee4cd2975d0b983f619cf25.jpeg","width":1000,"height":1000},{"@type":"BreadcrumbList","@id":"https:\/\/yescase.shop\/?product=housse-airpods-en-cuir-bleu#breadcrumb","itemListElement":[{"@type":"ListItem","position":1,"name":"Accueil","item":"https:\/\/yescase.shop\/"},{"@type":"ListItem","position":2,"name":"Boutique","item":"https:\/\/yescase.shop\/?page_id=9"},{"@type":"ListItem","position":3,"name":"Housse AirPods en cuir veritable &#8211; Bleu"}]},{"@type":"WebSite","@id":"https:\/\/yescase.shop\/#website","url":"https:\/\/yescase.shop\/","name":"FRA\u00ceCHEUR MARINE","description":"Site de vente de coques et d\u2019accessoires pour t\u00e9l\u00e9phone.","publisher":{"@id":"https:\/\/yescase.shop\/#organization"},"potentialAction":[{"@type":"SearchAction","target":{"@type":"EntryPoint","urlTemplate":"https:\/\/yescase.shop\/?s={search_term_string}"},"query-input":{"@type":"PropertyValueSpecification","valueRequired":true,"valueName":"search_term_string"}}],"inLanguage":"fr-FR"},{"@type":"Organization","@id":"https:\/\/yescase.shop\/#organization","name":"FRA\u00ceCHEUR MARINE","url":"https:\/\/yescase.shop\/","logo":{"@type":"ImageObject","inLanguage":"fr-FR","@id":"https:\/\/yescase.shop\/#\/schema\/logo\/image\/","url":"https:\/\/yescase.shop\/wp-content\/uploads\/2023\/12\/cropped-Plan-de-travail-1.png","contentUrl":"https:\/\/yescase.shop\/wp-content\/uploads\/2023\/12\/cropped-Plan-de-travail-1.png","width":512,"height":512,"caption":"FRA\u00ceCHEUR MARINE"},"image":{"@id":"https:\/\/yescase.shop\/#\/schema\/logo\/image\/"}}]}},"jetpack_sharing_enabled":true,"_links":{"self":[{"href":"https:\/\/yescase.shop\/index.php?rest_route=\/wp\/v2\/product\/15921","targetHints":{"allow":["GET"]}}],"collection":[{"href":"https:\/\/yescase.shop\/index.php?rest_route=\/wp\/v2\/product"}],"about":[{"href":"https:\/\/yescase.shop\/index.php?rest_route=\/wp\/v2\/types\/product"}],"version-history":[{"count":4,"href":"https:\/\/yescase.shop\/index.php?rest_route=\/wp\/v2\/product\/15921\/revisions"}],"predecessor-version":[{"id":15987,"href":"https:\/\/yescase.shop\/index.php?rest_route=\/wp\/v2\/product\/15921\/revisions\/15987"}],"wp:featuredmedia":[{"embeddable":true,"href":"https:\/\/yescase.shop\/index.php?rest_route=\/wp\/v2\/media\/15922"}],"wp:attachment":[{"href":"https:\/\/yescase.shop\/index.php?rest_route=%2Fwp%2Fv2%2Fmedia&parent=15921"}],"wp:term":[{"taxonomy":"product_brand","embeddable":true,"href":"https:\/\/yescase.shop\/index.php?rest_route=%2Fwp%2Fv2%2Fproduct_brand&post=15921"},{"taxonomy":"product_cat","embeddable":true,"href":"https:\/\/yescase.shop\/index.php?rest_route=%2Fwp%2Fv2%2Fproduct_cat&post=15921"},{"taxonomy":"product_tag","embeddable":true,"href":"https:\/\/yescase.shop\/index.php?rest_route=%2Fwp%2Fv2%2Fproduct_tag&post=15921"}],"curies":[{"name":"wp","href":"https:\/\/api.w.org\/{rel}","templated":true}]}}