{"id":15775,"date":"2025-03-11T23:36:27","date_gmt":"2025-03-11T22:36:27","guid":{"rendered":"https:\/\/yescase.shop\/?post_type=product&#038;p=15775"},"modified":"2025-05-05T00:19:35","modified_gmt":"2025-05-04T22:19:35","slug":"cable-usb-c-vers-lightning-1-m","status":"publish","type":"product","link":"https:\/\/yescase.shop\/?product=cable-usb-c-vers-lightning-1-m","title":{"rendered":"C\u00e2ble USB-C vers Lightning"},"content":{"rendered":"","protected":false},"excerpt":{"rendered":"<div class=\"para-list as-pdp-lastparalist\">\n<p>Connectez votre appareil avec connecteur Lightning \u00e0 un appareil \u00e9quip\u00e9 d\u2019un port\u00a0USB\u2011C ou Thunderbolt\u00a03 (USB\u2011C) pour la synchronisation et la recharge, ou \u00e0 un iPad \u00e9quip\u00e9 d\u2019un port USB\u2011C pour la recharge.<\/p>\n<\/div>\n<div class=\"para-list as-pdp-lastparalist\">\n<p>Vous pouvez aussi utiliser ce c\u00e2ble avec votre adaptateur secteur Apple USB\u2011C 18\u00a0W, 20\u00a0W, 29\u00a0W, 30\u00a0W, 61\u00a0W, 87\u00a0W ou 96\u00a0W pour recharger votre appareil\u00a0iOS et m\u00eame profiter des capacit\u00e9s de charge rapide de certains mod\u00e8les d\u2019iPhone et d\u2019iPad.<\/p>\n<\/div>\n","protected":false},"featured_media":15778,"template":"","meta":[],"product_brand":[],"product_cat":[86],"product_tag":[],"class_list":{"0":"post-15775","1":"product","2":"type-product","3":"status-publish","4":"has-post-thumbnail","6":"product_cat-accessoires","8":"first","9":"instock","10":"shipping-taxable","11":"purchasable","12":"product-type-simple"},"yoast_head":"<!-- This site is optimized with the Yoast SEO plugin v26.3 - https:\/\/yoast.com\/wordpress\/plugins\/seo\/ -->\n<title>C\u00e2ble USB-C vers Lightning - YESCASE<\/title>\n<meta name=\"robots\" content=\"index, follow, max-snippet:-1, max-image-preview:large, max-video-preview:-1\" \/>\n<link rel=\"canonical\" href=\"https:\/\/yescase.shop\/?product=cable-usb-c-vers-lightning-1-m\" \/>\n<meta property=\"og:locale\" content=\"fr_FR\" \/>\n<meta property=\"og:type\" content=\"article\" \/>\n<meta property=\"og:title\" content=\"C\u00e2ble USB-C vers Lightning - YESCASE\" \/>\n<meta property=\"og:description\" content=\"Connectez votre appareil avec connecteur Lightning \u00e0 un appareil \u00e9quip\u00e9 d\u2019un port\u00a0USB\u2011C ou Thunderbolt\u00a03 (USB\u2011C) pour la synchronisation et la recharge, ou \u00e0 un iPad \u00e9quip\u00e9 d\u2019un port USB\u2011C pour la recharge.     Vous pouvez aussi utiliser ce c\u00e2ble avec votre adaptateur secteur Apple USB\u2011C 18\u00a0W, 20\u00a0W, 29\u00a0W, 30\u00a0W, 61\u00a0W, 87\u00a0W ou 96\u00a0W pour recharger votre appareil\u00a0iOS et m\u00eame profiter des capacit\u00e9s de charge rapide de certains mod\u00e8les d\u2019iPhone et d\u2019iPad.\" \/>\n<meta property=\"og:url\" content=\"https:\/\/yescase.shop\/?product=cable-usb-c-vers-lightning-1-m\" \/>\n<meta property=\"og:site_name\" content=\"YESCASE\" \/>\n<meta property=\"article:modified_time\" content=\"2025-05-04T22:19:35+00:00\" \/>\n<meta property=\"og:image\" content=\"https:\/\/yescase.shop\/wp-content\/uploads\/2025\/03\/MM0A3.jpeg\" \/>\n\t<meta property=\"og:image:width\" content=\"1144\" \/>\n\t<meta property=\"og:image:height\" content=\"1144\" \/>\n\t<meta property=\"og:image:type\" content=\"image\/jpeg\" \/>\n<meta name=\"twitter:card\" content=\"summary_large_image\" \/>\n<script type=\"application\/ld+json\" class=\"yoast-schema-graph\">{\"@context\":\"https:\/\/schema.org\",\"@graph\":[{\"@type\":\"WebPage\",\"@id\":\"https:\/\/yescase.shop\/?product=cable-usb-c-vers-lightning-1-m\",\"url\":\"https:\/\/yescase.shop\/?product=cable-usb-c-vers-lightning-1-m\",\"name\":\"C\u00e2ble USB-C vers Lightning - YESCASE\",\"isPartOf\":{\"@id\":\"https:\/\/yescase.shop\/#website\"},\"primaryImageOfPage\":{\"@id\":\"https:\/\/yescase.shop\/?product=cable-usb-c-vers-lightning-1-m#primaryimage\"},\"image\":{\"@id\":\"https:\/\/yescase.shop\/?product=cable-usb-c-vers-lightning-1-m#primaryimage\"},\"thumbnailUrl\":\"https:\/\/yescase.shop\/wp-content\/uploads\/2025\/03\/MM0A3.jpeg\",\"datePublished\":\"2025-03-11T22:36:27+00:00\",\"dateModified\":\"2025-05-04T22:19:35+00:00\",\"breadcrumb\":{\"@id\":\"https:\/\/yescase.shop\/?product=cable-usb-c-vers-lightning-1-m#breadcrumb\"},\"inLanguage\":\"fr-FR\",\"potentialAction\":[{\"@type\":\"ReadAction\",\"target\":[\"https:\/\/yescase.shop\/?product=cable-usb-c-vers-lightning-1-m\"]}]},{\"@type\":\"ImageObject\",\"inLanguage\":\"fr-FR\",\"@id\":\"https:\/\/yescase.shop\/?product=cable-usb-c-vers-lightning-1-m#primaryimage\",\"url\":\"https:\/\/yescase.shop\/wp-content\/uploads\/2025\/03\/MM0A3.jpeg\",\"contentUrl\":\"https:\/\/yescase.shop\/wp-content\/uploads\/2025\/03\/MM0A3.jpeg\",\"width\":1144,\"height\":1144},{\"@type\":\"BreadcrumbList\",\"@id\":\"https:\/\/yescase.shop\/?product=cable-usb-c-vers-lightning-1-m#breadcrumb\",\"itemListElement\":[{\"@type\":\"ListItem\",\"position\":1,\"name\":\"Accueil\",\"item\":\"https:\/\/yescase.shop\/\"},{\"@type\":\"ListItem\",\"position\":2,\"name\":\"Boutique\",\"item\":\"https:\/\/yescase.shop\/?page_id=9\"},{\"@type\":\"ListItem\",\"position\":3,\"name\":\"C\u00e2ble USB-C vers Lightning\"}]},{\"@type\":\"WebSite\",\"@id\":\"https:\/\/yescase.shop\/#website\",\"url\":\"https:\/\/yescase.shop\/\",\"name\":\"FRA\u00ceCHEUR MARINE\",\"description\":\"Site de vente de coques et d\u2019accessoires pour t\u00e9l\u00e9phone.\",\"publisher\":{\"@id\":\"https:\/\/yescase.shop\/#organization\"},\"potentialAction\":[{\"@type\":\"SearchAction\",\"target\":{\"@type\":\"EntryPoint\",\"urlTemplate\":\"https:\/\/yescase.shop\/?s={search_term_string}\"},\"query-input\":{\"@type\":\"PropertyValueSpecification\",\"valueRequired\":true,\"valueName\":\"search_term_string\"}}],\"inLanguage\":\"fr-FR\"},{\"@type\":\"Organization\",\"@id\":\"https:\/\/yescase.shop\/#organization\",\"name\":\"FRA\u00ceCHEUR MARINE\",\"url\":\"https:\/\/yescase.shop\/\",\"logo\":{\"@type\":\"ImageObject\",\"inLanguage\":\"fr-FR\",\"@id\":\"https:\/\/yescase.shop\/#\/schema\/logo\/image\/\",\"url\":\"https:\/\/yescase.shop\/wp-content\/uploads\/2023\/12\/cropped-Plan-de-travail-1.png\",\"contentUrl\":\"https:\/\/yescase.shop\/wp-content\/uploads\/2023\/12\/cropped-Plan-de-travail-1.png\",\"width\":512,\"height\":512,\"caption\":\"FRA\u00ceCHEUR MARINE\"},\"image\":{\"@id\":\"https:\/\/yescase.shop\/#\/schema\/logo\/image\/\"}}]}<\/script>\n<!-- \/ Yoast SEO plugin. -->","yoast_head_json":{"title":"C\u00e2ble USB-C vers Lightning - YESCASE","robots":{"index":"index","follow":"follow","max-snippet":"max-snippet:-1","max-image-preview":"max-image-preview:large","max-video-preview":"max-video-preview:-1"},"canonical":"https:\/\/yescase.shop\/?product=cable-usb-c-vers-lightning-1-m","og_locale":"fr_FR","og_type":"article","og_title":"C\u00e2ble USB-C vers Lightning - YESCASE","og_description":"Connectez votre appareil avec connecteur Lightning \u00e0 un appareil \u00e9quip\u00e9 d\u2019un port\u00a0USB\u2011C ou Thunderbolt\u00a03 (USB\u2011C) pour la synchronisation et la recharge, ou \u00e0 un iPad \u00e9quip\u00e9 d\u2019un port USB\u2011C pour la recharge.     Vous pouvez aussi utiliser ce c\u00e2ble avec votre adaptateur secteur Apple USB\u2011C 18\u00a0W, 20\u00a0W, 29\u00a0W, 30\u00a0W, 61\u00a0W, 87\u00a0W ou 96\u00a0W pour recharger votre appareil\u00a0iOS et m\u00eame profiter des capacit\u00e9s de charge rapide de certains mod\u00e8les d\u2019iPhone et d\u2019iPad.","og_url":"https:\/\/yescase.shop\/?product=cable-usb-c-vers-lightning-1-m","og_site_name":"YESCASE","article_modified_time":"2025-05-04T22:19:35+00:00","og_image":[{"width":1144,"height":1144,"url":"https:\/\/yescase.shop\/wp-content\/uploads\/2025\/03\/MM0A3.jpeg","type":"image\/jpeg"}],"twitter_card":"summary_large_image","schema":{"@context":"https:\/\/schema.org","@graph":[{"@type":"WebPage","@id":"https:\/\/yescase.shop\/?product=cable-usb-c-vers-lightning-1-m","url":"https:\/\/yescase.shop\/?product=cable-usb-c-vers-lightning-1-m","name":"C\u00e2ble USB-C vers Lightning - YESCASE","isPartOf":{"@id":"https:\/\/yescase.shop\/#website"},"primaryImageOfPage":{"@id":"https:\/\/yescase.shop\/?product=cable-usb-c-vers-lightning-1-m#primaryimage"},"image":{"@id":"https:\/\/yescase.shop\/?product=cable-usb-c-vers-lightning-1-m#primaryimage"},"thumbnailUrl":"https:\/\/yescase.shop\/wp-content\/uploads\/2025\/03\/MM0A3.jpeg","datePublished":"2025-03-11T22:36:27+00:00","dateModified":"2025-05-04T22:19:35+00:00","breadcrumb":{"@id":"https:\/\/yescase.shop\/?product=cable-usb-c-vers-lightning-1-m#breadcrumb"},"inLanguage":"fr-FR","potentialAction":[{"@type":"ReadAction","target":["https:\/\/yescase.shop\/?product=cable-usb-c-vers-lightning-1-m"]}]},{"@type":"ImageObject","inLanguage":"fr-FR","@id":"https:\/\/yescase.shop\/?product=cable-usb-c-vers-lightning-1-m#primaryimage","url":"https:\/\/yescase.shop\/wp-content\/uploads\/2025\/03\/MM0A3.jpeg","contentUrl":"https:\/\/yescase.shop\/wp-content\/uploads\/2025\/03\/MM0A3.jpeg","width":1144,"height":1144},{"@type":"BreadcrumbList","@id":"https:\/\/yescase.shop\/?product=cable-usb-c-vers-lightning-1-m#breadcrumb","itemListElement":[{"@type":"ListItem","position":1,"name":"Accueil","item":"https:\/\/yescase.shop\/"},{"@type":"ListItem","position":2,"name":"Boutique","item":"https:\/\/yescase.shop\/?page_id=9"},{"@type":"ListItem","position":3,"name":"C\u00e2ble USB-C vers Lightning"}]},{"@type":"WebSite","@id":"https:\/\/yescase.shop\/#website","url":"https:\/\/yescase.shop\/","name":"FRA\u00ceCHEUR MARINE","description":"Site de vente de coques et d\u2019accessoires pour t\u00e9l\u00e9phone.","publisher":{"@id":"https:\/\/yescase.shop\/#organization"},"potentialAction":[{"@type":"SearchAction","target":{"@type":"EntryPoint","urlTemplate":"https:\/\/yescase.shop\/?s={search_term_string}"},"query-input":{"@type":"PropertyValueSpecification","valueRequired":true,"valueName":"search_term_string"}}],"inLanguage":"fr-FR"},{"@type":"Organization","@id":"https:\/\/yescase.shop\/#organization","name":"FRA\u00ceCHEUR MARINE","url":"https:\/\/yescase.shop\/","logo":{"@type":"ImageObject","inLanguage":"fr-FR","@id":"https:\/\/yescase.shop\/#\/schema\/logo\/image\/","url":"https:\/\/yescase.shop\/wp-content\/uploads\/2023\/12\/cropped-Plan-de-travail-1.png","contentUrl":"https:\/\/yescase.shop\/wp-content\/uploads\/2023\/12\/cropped-Plan-de-travail-1.png","width":512,"height":512,"caption":"FRA\u00ceCHEUR MARINE"},"image":{"@id":"https:\/\/yescase.shop\/#\/schema\/logo\/image\/"}}]}},"jetpack_sharing_enabled":true,"_links":{"self":[{"href":"https:\/\/yescase.shop\/index.php?rest_route=\/wp\/v2\/product\/15775","targetHints":{"allow":["GET"]}}],"collection":[{"href":"https:\/\/yescase.shop\/index.php?rest_route=\/wp\/v2\/product"}],"about":[{"href":"https:\/\/yescase.shop\/index.php?rest_route=\/wp\/v2\/types\/product"}],"version-history":[{"count":3,"href":"https:\/\/yescase.shop\/index.php?rest_route=\/wp\/v2\/product\/15775\/revisions"}],"predecessor-version":[{"id":16628,"href":"https:\/\/yescase.shop\/index.php?rest_route=\/wp\/v2\/product\/15775\/revisions\/16628"}],"wp:featuredmedia":[{"embeddable":true,"href":"https:\/\/yescase.shop\/index.php?rest_route=\/wp\/v2\/media\/15778"}],"wp:attachment":[{"href":"https:\/\/yescase.shop\/index.php?rest_route=%2Fwp%2Fv2%2Fmedia&parent=15775"}],"wp:term":[{"taxonomy":"product_brand","embeddable":true,"href":"https:\/\/yescase.shop\/index.php?rest_route=%2Fwp%2Fv2%2Fproduct_brand&post=15775"},{"taxonomy":"product_cat","embeddable":true,"href":"https:\/\/yescase.shop\/index.php?rest_route=%2Fwp%2Fv2%2Fproduct_cat&post=15775"},{"taxonomy":"product_tag","embeddable":true,"href":"https:\/\/yescase.shop\/index.php?rest_route=%2Fwp%2Fv2%2Fproduct_tag&post=15775"}],"curies":[{"name":"wp","href":"https:\/\/api.w.org\/{rel}","templated":true}]}}