{"id":15767,"date":"2025-03-11T23:31:43","date_gmt":"2025-03-11T22:31:43","guid":{"rendered":"https:\/\/yescase.shop\/?post_type=product&#038;p=15767"},"modified":"2025-05-03T20:27:04","modified_gmt":"2025-05-03T18:27:04","slug":"cable-de-charge-usb%e2%80%91c-240-w-2-m","status":"publish","type":"product","link":"https:\/\/yescase.shop\/?product=cable-de-charge-usb%e2%80%91c-240-w-2-m","title":{"rendered":"C\u00e2ble de charge USB\u2011C 240 W"},"content":{"rendered":"","protected":false},"excerpt":{"rendered":"<p>Ce c\u00e2ble d\u2019alimentation de 2 m\u00e8tres, avec un connecteur USB\u2011C \u00e0 chaque extr\u00e9mit\u00e9, est id\u00e9al pour charger et synchroniser des appareils USB\u2011C et transf\u00e9rer les donn\u00e9es entre ces appareils. Il permet la charge jusqu\u2019\u00e0 240 watts et des transferts de donn\u00e9es \u00e0 des vitesses USB 2. Associez le C\u00e2ble de charge USB\u2011C \u00e0 un adaptateur secteur USB\u2011C compatible pour recharger vos appareils depuis une prise murale et profiter de capacit\u00e9s de charge rapide.<\/p>\n<p>C\u00e2ble de charge vendu s\u00e9par\u00e9ment.<\/p>\n","protected":false},"featured_media":15768,"template":"","meta":[],"product_brand":[],"product_cat":[86],"product_tag":[],"class_list":{"0":"post-15767","1":"product","2":"type-product","3":"status-publish","4":"has-post-thumbnail","6":"product_cat-accessoires","8":"first","9":"instock","10":"shipping-taxable","11":"purchasable","12":"product-type-simple"},"yoast_head":"<!-- This site is optimized with the Yoast SEO plugin v26.3 - https:\/\/yoast.com\/wordpress\/plugins\/seo\/ -->\n<title>C\u00e2ble de charge USB\u2011C 240 W - YESCASE<\/title>\n<meta name=\"robots\" content=\"index, follow, max-snippet:-1, max-image-preview:large, max-video-preview:-1\" \/>\n<link rel=\"canonical\" href=\"https:\/\/yescase.shop\/?product=cable-de-charge-usb\u2011c-240-w-2-m\" \/>\n<meta property=\"og:locale\" content=\"fr_FR\" \/>\n<meta property=\"og:type\" content=\"article\" \/>\n<meta property=\"og:title\" content=\"C\u00e2ble de charge USB\u2011C 240 W - YESCASE\" \/>\n<meta property=\"og:description\" content=\"Ce c\u00e2ble d\u2019alimentation de 2 m\u00e8tres, avec un connecteur USB\u2011C \u00e0 chaque extr\u00e9mit\u00e9, est id\u00e9al pour charger et synchroniser des appareils USB\u2011C et transf\u00e9rer les donn\u00e9es entre ces appareils. Il permet la charge jusqu\u2019\u00e0 240 watts et des transferts de donn\u00e9es \u00e0 des vitesses USB 2. Associez le C\u00e2ble de charge USB\u2011C \u00e0 un adaptateur secteur USB\u2011C compatible pour recharger vos appareils depuis une prise murale et profiter de capacit\u00e9s de charge rapide.  C\u00e2ble de charge vendu s\u00e9par\u00e9ment.\" \/>\n<meta property=\"og:url\" content=\"https:\/\/yescase.shop\/?product=cable-de-charge-usb\u2011c-240-w-2-m\" \/>\n<meta property=\"og:site_name\" content=\"YESCASE\" \/>\n<meta property=\"article:modified_time\" content=\"2025-05-03T18:27:04+00:00\" \/>\n<meta property=\"og:image\" content=\"https:\/\/yescase.shop\/wp-content\/uploads\/2025\/03\/MU2G3.jpeg\" \/>\n\t<meta property=\"og:image:width\" content=\"1144\" \/>\n\t<meta property=\"og:image:height\" content=\"1144\" \/>\n\t<meta property=\"og:image:type\" content=\"image\/jpeg\" \/>\n<meta name=\"twitter:card\" content=\"summary_large_image\" \/>\n<script type=\"application\/ld+json\" class=\"yoast-schema-graph\">{\"@context\":\"https:\/\/schema.org\",\"@graph\":[{\"@type\":\"WebPage\",\"@id\":\"https:\/\/yescase.shop\/?product=cable-de-charge-usb%e2%80%91c-240-w-2-m\",\"url\":\"https:\/\/yescase.shop\/?product=cable-de-charge-usb%e2%80%91c-240-w-2-m\",\"name\":\"C\u00e2ble de charge USB\u2011C 240 W - YESCASE\",\"isPartOf\":{\"@id\":\"https:\/\/yescase.shop\/#website\"},\"primaryImageOfPage\":{\"@id\":\"https:\/\/yescase.shop\/?product=cable-de-charge-usb%e2%80%91c-240-w-2-m#primaryimage\"},\"image\":{\"@id\":\"https:\/\/yescase.shop\/?product=cable-de-charge-usb%e2%80%91c-240-w-2-m#primaryimage\"},\"thumbnailUrl\":\"https:\/\/yescase.shop\/wp-content\/uploads\/2025\/03\/MU2G3.jpeg\",\"datePublished\":\"2025-03-11T22:31:43+00:00\",\"dateModified\":\"2025-05-03T18:27:04+00:00\",\"breadcrumb\":{\"@id\":\"https:\/\/yescase.shop\/?product=cable-de-charge-usb%e2%80%91c-240-w-2-m#breadcrumb\"},\"inLanguage\":\"fr-FR\",\"potentialAction\":[{\"@type\":\"ReadAction\",\"target\":[\"https:\/\/yescase.shop\/?product=cable-de-charge-usb%e2%80%91c-240-w-2-m\"]}]},{\"@type\":\"ImageObject\",\"inLanguage\":\"fr-FR\",\"@id\":\"https:\/\/yescase.shop\/?product=cable-de-charge-usb%e2%80%91c-240-w-2-m#primaryimage\",\"url\":\"https:\/\/yescase.shop\/wp-content\/uploads\/2025\/03\/MU2G3.jpeg\",\"contentUrl\":\"https:\/\/yescase.shop\/wp-content\/uploads\/2025\/03\/MU2G3.jpeg\",\"width\":1144,\"height\":1144},{\"@type\":\"BreadcrumbList\",\"@id\":\"https:\/\/yescase.shop\/?product=cable-de-charge-usb%e2%80%91c-240-w-2-m#breadcrumb\",\"itemListElement\":[{\"@type\":\"ListItem\",\"position\":1,\"name\":\"Accueil\",\"item\":\"https:\/\/yescase.shop\/\"},{\"@type\":\"ListItem\",\"position\":2,\"name\":\"Boutique\",\"item\":\"https:\/\/yescase.shop\/?page_id=9\"},{\"@type\":\"ListItem\",\"position\":3,\"name\":\"C\u00e2ble de charge USB\u2011C 240 W\"}]},{\"@type\":\"WebSite\",\"@id\":\"https:\/\/yescase.shop\/#website\",\"url\":\"https:\/\/yescase.shop\/\",\"name\":\"FRA\u00ceCHEUR MARINE\",\"description\":\"Site de vente de coques et d\u2019accessoires pour t\u00e9l\u00e9phone.\",\"publisher\":{\"@id\":\"https:\/\/yescase.shop\/#organization\"},\"potentialAction\":[{\"@type\":\"SearchAction\",\"target\":{\"@type\":\"EntryPoint\",\"urlTemplate\":\"https:\/\/yescase.shop\/?s={search_term_string}\"},\"query-input\":{\"@type\":\"PropertyValueSpecification\",\"valueRequired\":true,\"valueName\":\"search_term_string\"}}],\"inLanguage\":\"fr-FR\"},{\"@type\":\"Organization\",\"@id\":\"https:\/\/yescase.shop\/#organization\",\"name\":\"FRA\u00ceCHEUR MARINE\",\"url\":\"https:\/\/yescase.shop\/\",\"logo\":{\"@type\":\"ImageObject\",\"inLanguage\":\"fr-FR\",\"@id\":\"https:\/\/yescase.shop\/#\/schema\/logo\/image\/\",\"url\":\"https:\/\/yescase.shop\/wp-content\/uploads\/2023\/12\/cropped-Plan-de-travail-1.png\",\"contentUrl\":\"https:\/\/yescase.shop\/wp-content\/uploads\/2023\/12\/cropped-Plan-de-travail-1.png\",\"width\":512,\"height\":512,\"caption\":\"FRA\u00ceCHEUR MARINE\"},\"image\":{\"@id\":\"https:\/\/yescase.shop\/#\/schema\/logo\/image\/\"}}]}<\/script>\n<!-- \/ Yoast SEO plugin. -->","yoast_head_json":{"title":"C\u00e2ble de charge USB\u2011C 240 W - YESCASE","robots":{"index":"index","follow":"follow","max-snippet":"max-snippet:-1","max-image-preview":"max-image-preview:large","max-video-preview":"max-video-preview:-1"},"canonical":"https:\/\/yescase.shop\/?product=cable-de-charge-usb\u2011c-240-w-2-m","og_locale":"fr_FR","og_type":"article","og_title":"C\u00e2ble de charge USB\u2011C 240 W - YESCASE","og_description":"Ce c\u00e2ble d\u2019alimentation de 2 m\u00e8tres, avec un connecteur USB\u2011C \u00e0 chaque extr\u00e9mit\u00e9, est id\u00e9al pour charger et synchroniser des appareils USB\u2011C et transf\u00e9rer les donn\u00e9es entre ces appareils. Il permet la charge jusqu\u2019\u00e0 240 watts et des transferts de donn\u00e9es \u00e0 des vitesses USB 2. Associez le C\u00e2ble de charge USB\u2011C \u00e0 un adaptateur secteur USB\u2011C compatible pour recharger vos appareils depuis une prise murale et profiter de capacit\u00e9s de charge rapide.  C\u00e2ble de charge vendu s\u00e9par\u00e9ment.","og_url":"https:\/\/yescase.shop\/?product=cable-de-charge-usb\u2011c-240-w-2-m","og_site_name":"YESCASE","article_modified_time":"2025-05-03T18:27:04+00:00","og_image":[{"width":1144,"height":1144,"url":"https:\/\/yescase.shop\/wp-content\/uploads\/2025\/03\/MU2G3.jpeg","type":"image\/jpeg"}],"twitter_card":"summary_large_image","schema":{"@context":"https:\/\/schema.org","@graph":[{"@type":"WebPage","@id":"https:\/\/yescase.shop\/?product=cable-de-charge-usb%e2%80%91c-240-w-2-m","url":"https:\/\/yescase.shop\/?product=cable-de-charge-usb%e2%80%91c-240-w-2-m","name":"C\u00e2ble de charge USB\u2011C 240 W - YESCASE","isPartOf":{"@id":"https:\/\/yescase.shop\/#website"},"primaryImageOfPage":{"@id":"https:\/\/yescase.shop\/?product=cable-de-charge-usb%e2%80%91c-240-w-2-m#primaryimage"},"image":{"@id":"https:\/\/yescase.shop\/?product=cable-de-charge-usb%e2%80%91c-240-w-2-m#primaryimage"},"thumbnailUrl":"https:\/\/yescase.shop\/wp-content\/uploads\/2025\/03\/MU2G3.jpeg","datePublished":"2025-03-11T22:31:43+00:00","dateModified":"2025-05-03T18:27:04+00:00","breadcrumb":{"@id":"https:\/\/yescase.shop\/?product=cable-de-charge-usb%e2%80%91c-240-w-2-m#breadcrumb"},"inLanguage":"fr-FR","potentialAction":[{"@type":"ReadAction","target":["https:\/\/yescase.shop\/?product=cable-de-charge-usb%e2%80%91c-240-w-2-m"]}]},{"@type":"ImageObject","inLanguage":"fr-FR","@id":"https:\/\/yescase.shop\/?product=cable-de-charge-usb%e2%80%91c-240-w-2-m#primaryimage","url":"https:\/\/yescase.shop\/wp-content\/uploads\/2025\/03\/MU2G3.jpeg","contentUrl":"https:\/\/yescase.shop\/wp-content\/uploads\/2025\/03\/MU2G3.jpeg","width":1144,"height":1144},{"@type":"BreadcrumbList","@id":"https:\/\/yescase.shop\/?product=cable-de-charge-usb%e2%80%91c-240-w-2-m#breadcrumb","itemListElement":[{"@type":"ListItem","position":1,"name":"Accueil","item":"https:\/\/yescase.shop\/"},{"@type":"ListItem","position":2,"name":"Boutique","item":"https:\/\/yescase.shop\/?page_id=9"},{"@type":"ListItem","position":3,"name":"C\u00e2ble de charge USB\u2011C 240 W"}]},{"@type":"WebSite","@id":"https:\/\/yescase.shop\/#website","url":"https:\/\/yescase.shop\/","name":"FRA\u00ceCHEUR MARINE","description":"Site de vente de coques et d\u2019accessoires pour t\u00e9l\u00e9phone.","publisher":{"@id":"https:\/\/yescase.shop\/#organization"},"potentialAction":[{"@type":"SearchAction","target":{"@type":"EntryPoint","urlTemplate":"https:\/\/yescase.shop\/?s={search_term_string}"},"query-input":{"@type":"PropertyValueSpecification","valueRequired":true,"valueName":"search_term_string"}}],"inLanguage":"fr-FR"},{"@type":"Organization","@id":"https:\/\/yescase.shop\/#organization","name":"FRA\u00ceCHEUR MARINE","url":"https:\/\/yescase.shop\/","logo":{"@type":"ImageObject","inLanguage":"fr-FR","@id":"https:\/\/yescase.shop\/#\/schema\/logo\/image\/","url":"https:\/\/yescase.shop\/wp-content\/uploads\/2023\/12\/cropped-Plan-de-travail-1.png","contentUrl":"https:\/\/yescase.shop\/wp-content\/uploads\/2023\/12\/cropped-Plan-de-travail-1.png","width":512,"height":512,"caption":"FRA\u00ceCHEUR MARINE"},"image":{"@id":"https:\/\/yescase.shop\/#\/schema\/logo\/image\/"}}]}},"jetpack_sharing_enabled":true,"_links":{"self":[{"href":"https:\/\/yescase.shop\/index.php?rest_route=\/wp\/v2\/product\/15767","targetHints":{"allow":["GET"]}}],"collection":[{"href":"https:\/\/yescase.shop\/index.php?rest_route=\/wp\/v2\/product"}],"about":[{"href":"https:\/\/yescase.shop\/index.php?rest_route=\/wp\/v2\/types\/product"}],"version-history":[{"count":3,"href":"https:\/\/yescase.shop\/index.php?rest_route=\/wp\/v2\/product\/15767\/revisions"}],"predecessor-version":[{"id":16563,"href":"https:\/\/yescase.shop\/index.php?rest_route=\/wp\/v2\/product\/15767\/revisions\/16563"}],"wp:featuredmedia":[{"embeddable":true,"href":"https:\/\/yescase.shop\/index.php?rest_route=\/wp\/v2\/media\/15768"}],"wp:attachment":[{"href":"https:\/\/yescase.shop\/index.php?rest_route=%2Fwp%2Fv2%2Fmedia&parent=15767"}],"wp:term":[{"taxonomy":"product_brand","embeddable":true,"href":"https:\/\/yescase.shop\/index.php?rest_route=%2Fwp%2Fv2%2Fproduct_brand&post=15767"},{"taxonomy":"product_cat","embeddable":true,"href":"https:\/\/yescase.shop\/index.php?rest_route=%2Fwp%2Fv2%2Fproduct_cat&post=15767"},{"taxonomy":"product_tag","embeddable":true,"href":"https:\/\/yescase.shop\/index.php?rest_route=%2Fwp%2Fv2%2Fproduct_tag&post=15767"}],"curies":[{"name":"wp","href":"https:\/\/api.w.org\/{rel}","templated":true}]}}