{"id":15202,"date":"2025-03-04T23:52:25","date_gmt":"2025-03-04T22:52:25","guid":{"rendered":"https:\/\/yescase.shop\/?post_type=product&#038;p=15202"},"modified":"2025-05-31T06:56:53","modified_gmt":"2025-05-31T04:56:53","slug":"bracelets-elastique-rouge-apple-watch","status":"publish","type":"product","link":"https:\/\/yescase.shop\/?product=bracelets-elastique-rouge-apple-watch","title":{"rendered":"Bracelets Elastique Rouge &#8211; Apple Watch"},"content":{"rendered":"","protected":false},"excerpt":{"rendered":"<p class=\"p2\">\u2705 <b>Caract\u00e9ristiques<\/b> :<\/p>\n<p class=\"p3\">\u2022<b>Compatibles avec toutes les s\u00e9ries Apple Watch<\/b> : 38 mm, 40 mm, 42 mm, 44 mm, 45 mm et Ultra \ud83d\udcf1<\/p>\n<p class=\"p3\">\u2022<b>Tissu respirant et confortable<\/b> pour une utilisation prolong\u00e9e, parfait pour le sport ou la vie quotidienne \ud83e\uddf5<\/p>\n<p class=\"p3\">\u2022<b>Fermoir r\u00e9glable et s\u00e9curis\u00e9<\/b> pour un ajustement parfait \ud83d\udd12<\/p>\n<p class=\"p3\">\u2022<b>Design minimaliste et moderne<\/b> adapt\u00e9 \u00e0 toutes les occasions \ud83c\udfa8<\/p>\n<p class=\"p3\">\u2022<b>L\u00e9ger et r\u00e9sistant<\/b> pour un confort maximal \u270b<\/p>\n","protected":false},"featured_media":14496,"template":"","meta":[],"product_brand":[],"product_cat":[88,91],"product_tag":[],"class_list":{"0":"post-15202","1":"product","2":"type-product","3":"status-publish","4":"has-post-thumbnail","6":"product_cat-bracelet-apple-watch","7":"product_cat-home-bracelet","9":"first","10":"instock","11":"shipping-taxable","12":"purchasable","13":"product-type-variable"},"yoast_head":"<!-- This site is optimized with the Yoast SEO plugin v26.3 - https:\/\/yoast.com\/wordpress\/plugins\/seo\/ -->\n<title>Bracelets Elastique Rouge - Apple Watch - YESCASE<\/title>\n<meta name=\"robots\" content=\"index, follow, max-snippet:-1, max-image-preview:large, max-video-preview:-1\" \/>\n<link rel=\"canonical\" href=\"https:\/\/yescase.shop\/?product=bracelets-elastique-rouge-apple-watch\" \/>\n<meta property=\"og:locale\" content=\"fr_FR\" \/>\n<meta property=\"og:type\" content=\"article\" \/>\n<meta property=\"og:title\" content=\"Bracelets Elastique Rouge - Apple Watch - YESCASE\" \/>\n<meta property=\"og:description\" content=\"\u2705 Caract\u00e9ristiques : \u2022Compatibles avec toutes les s\u00e9ries Apple Watch : 38 mm, 40 mm, 42 mm, 44 mm, 45 mm et Ultra \ud83d\udcf1 \u2022Tissu respirant et confortable pour une utilisation prolong\u00e9e, parfait pour le sport ou la vie quotidienne \ud83e\uddf5 \u2022Fermoir r\u00e9glable et s\u00e9curis\u00e9 pour un ajustement parfait \ud83d\udd12 \u2022Design minimaliste et moderne adapt\u00e9 \u00e0 toutes les occasions \ud83c\udfa8 \u2022L\u00e9ger et r\u00e9sistant pour un confort maximal \u270b\" \/>\n<meta property=\"og:url\" content=\"https:\/\/yescase.shop\/?product=bracelets-elastique-rouge-apple-watch\" \/>\n<meta property=\"og:site_name\" content=\"YESCASE\" \/>\n<meta property=\"article:modified_time\" content=\"2025-05-31T04:56:53+00:00\" \/>\n<meta property=\"og:image\" content=\"https:\/\/yescase.shop\/wp-content\/uploads\/2025\/01\/Rouge-Fonce.jpg\" \/>\n\t<meta property=\"og:image:width\" content=\"800\" \/>\n\t<meta property=\"og:image:height\" content=\"800\" \/>\n\t<meta property=\"og:image:type\" content=\"image\/jpeg\" \/>\n<meta name=\"twitter:card\" content=\"summary_large_image\" \/>\n<script type=\"application\/ld+json\" class=\"yoast-schema-graph\">{\"@context\":\"https:\/\/schema.org\",\"@graph\":[{\"@type\":\"WebPage\",\"@id\":\"https:\/\/yescase.shop\/?product=bracelets-elastique-rouge-apple-watch\",\"url\":\"https:\/\/yescase.shop\/?product=bracelets-elastique-rouge-apple-watch\",\"name\":\"Bracelets Elastique Rouge - Apple Watch - YESCASE\",\"isPartOf\":{\"@id\":\"https:\/\/yescase.shop\/#website\"},\"primaryImageOfPage\":{\"@id\":\"https:\/\/yescase.shop\/?product=bracelets-elastique-rouge-apple-watch#primaryimage\"},\"image\":{\"@id\":\"https:\/\/yescase.shop\/?product=bracelets-elastique-rouge-apple-watch#primaryimage\"},\"thumbnailUrl\":\"https:\/\/yescase.shop\/wp-content\/uploads\/2025\/01\/Rouge-Fonce.jpg\",\"datePublished\":\"2025-03-04T22:52:25+00:00\",\"dateModified\":\"2025-05-31T04:56:53+00:00\",\"breadcrumb\":{\"@id\":\"https:\/\/yescase.shop\/?product=bracelets-elastique-rouge-apple-watch#breadcrumb\"},\"inLanguage\":\"fr-FR\",\"potentialAction\":[{\"@type\":\"ReadAction\",\"target\":[\"https:\/\/yescase.shop\/?product=bracelets-elastique-rouge-apple-watch\"]}]},{\"@type\":\"ImageObject\",\"inLanguage\":\"fr-FR\",\"@id\":\"https:\/\/yescase.shop\/?product=bracelets-elastique-rouge-apple-watch#primaryimage\",\"url\":\"https:\/\/yescase.shop\/wp-content\/uploads\/2025\/01\/Rouge-Fonce.jpg\",\"contentUrl\":\"https:\/\/yescase.shop\/wp-content\/uploads\/2025\/01\/Rouge-Fonce.jpg\",\"width\":800,\"height\":800},{\"@type\":\"BreadcrumbList\",\"@id\":\"https:\/\/yescase.shop\/?product=bracelets-elastique-rouge-apple-watch#breadcrumb\",\"itemListElement\":[{\"@type\":\"ListItem\",\"position\":1,\"name\":\"Accueil\",\"item\":\"https:\/\/yescase.shop\/\"},{\"@type\":\"ListItem\",\"position\":2,\"name\":\"Boutique\",\"item\":\"https:\/\/yescase.shop\/?page_id=9\"},{\"@type\":\"ListItem\",\"position\":3,\"name\":\"Bracelets Elastique Rouge &#8211; Apple Watch\"}]},{\"@type\":\"WebSite\",\"@id\":\"https:\/\/yescase.shop\/#website\",\"url\":\"https:\/\/yescase.shop\/\",\"name\":\"FRA\u00ceCHEUR MARINE\",\"description\":\"Site de vente de coques et d\u2019accessoires pour t\u00e9l\u00e9phone.\",\"publisher\":{\"@id\":\"https:\/\/yescase.shop\/#organization\"},\"potentialAction\":[{\"@type\":\"SearchAction\",\"target\":{\"@type\":\"EntryPoint\",\"urlTemplate\":\"https:\/\/yescase.shop\/?s={search_term_string}\"},\"query-input\":{\"@type\":\"PropertyValueSpecification\",\"valueRequired\":true,\"valueName\":\"search_term_string\"}}],\"inLanguage\":\"fr-FR\"},{\"@type\":\"Organization\",\"@id\":\"https:\/\/yescase.shop\/#organization\",\"name\":\"FRA\u00ceCHEUR MARINE\",\"url\":\"https:\/\/yescase.shop\/\",\"logo\":{\"@type\":\"ImageObject\",\"inLanguage\":\"fr-FR\",\"@id\":\"https:\/\/yescase.shop\/#\/schema\/logo\/image\/\",\"url\":\"https:\/\/yescase.shop\/wp-content\/uploads\/2023\/12\/cropped-Plan-de-travail-1.png\",\"contentUrl\":\"https:\/\/yescase.shop\/wp-content\/uploads\/2023\/12\/cropped-Plan-de-travail-1.png\",\"width\":512,\"height\":512,\"caption\":\"FRA\u00ceCHEUR MARINE\"},\"image\":{\"@id\":\"https:\/\/yescase.shop\/#\/schema\/logo\/image\/\"}}]}<\/script>\n<!-- \/ Yoast SEO plugin. -->","yoast_head_json":{"title":"Bracelets Elastique Rouge - Apple Watch - YESCASE","robots":{"index":"index","follow":"follow","max-snippet":"max-snippet:-1","max-image-preview":"max-image-preview:large","max-video-preview":"max-video-preview:-1"},"canonical":"https:\/\/yescase.shop\/?product=bracelets-elastique-rouge-apple-watch","og_locale":"fr_FR","og_type":"article","og_title":"Bracelets Elastique Rouge - Apple Watch - YESCASE","og_description":"\u2705 Caract\u00e9ristiques : \u2022Compatibles avec toutes les s\u00e9ries Apple Watch : 38 mm, 40 mm, 42 mm, 44 mm, 45 mm et Ultra \ud83d\udcf1 \u2022Tissu respirant et confortable pour une utilisation prolong\u00e9e, parfait pour le sport ou la vie quotidienne \ud83e\uddf5 \u2022Fermoir r\u00e9glable et s\u00e9curis\u00e9 pour un ajustement parfait \ud83d\udd12 \u2022Design minimaliste et moderne adapt\u00e9 \u00e0 toutes les occasions \ud83c\udfa8 \u2022L\u00e9ger et r\u00e9sistant pour un confort maximal \u270b","og_url":"https:\/\/yescase.shop\/?product=bracelets-elastique-rouge-apple-watch","og_site_name":"YESCASE","article_modified_time":"2025-05-31T04:56:53+00:00","og_image":[{"width":800,"height":800,"url":"https:\/\/yescase.shop\/wp-content\/uploads\/2025\/01\/Rouge-Fonce.jpg","type":"image\/jpeg"}],"twitter_card":"summary_large_image","schema":{"@context":"https:\/\/schema.org","@graph":[{"@type":"WebPage","@id":"https:\/\/yescase.shop\/?product=bracelets-elastique-rouge-apple-watch","url":"https:\/\/yescase.shop\/?product=bracelets-elastique-rouge-apple-watch","name":"Bracelets Elastique Rouge - Apple Watch - YESCASE","isPartOf":{"@id":"https:\/\/yescase.shop\/#website"},"primaryImageOfPage":{"@id":"https:\/\/yescase.shop\/?product=bracelets-elastique-rouge-apple-watch#primaryimage"},"image":{"@id":"https:\/\/yescase.shop\/?product=bracelets-elastique-rouge-apple-watch#primaryimage"},"thumbnailUrl":"https:\/\/yescase.shop\/wp-content\/uploads\/2025\/01\/Rouge-Fonce.jpg","datePublished":"2025-03-04T22:52:25+00:00","dateModified":"2025-05-31T04:56:53+00:00","breadcrumb":{"@id":"https:\/\/yescase.shop\/?product=bracelets-elastique-rouge-apple-watch#breadcrumb"},"inLanguage":"fr-FR","potentialAction":[{"@type":"ReadAction","target":["https:\/\/yescase.shop\/?product=bracelets-elastique-rouge-apple-watch"]}]},{"@type":"ImageObject","inLanguage":"fr-FR","@id":"https:\/\/yescase.shop\/?product=bracelets-elastique-rouge-apple-watch#primaryimage","url":"https:\/\/yescase.shop\/wp-content\/uploads\/2025\/01\/Rouge-Fonce.jpg","contentUrl":"https:\/\/yescase.shop\/wp-content\/uploads\/2025\/01\/Rouge-Fonce.jpg","width":800,"height":800},{"@type":"BreadcrumbList","@id":"https:\/\/yescase.shop\/?product=bracelets-elastique-rouge-apple-watch#breadcrumb","itemListElement":[{"@type":"ListItem","position":1,"name":"Accueil","item":"https:\/\/yescase.shop\/"},{"@type":"ListItem","position":2,"name":"Boutique","item":"https:\/\/yescase.shop\/?page_id=9"},{"@type":"ListItem","position":3,"name":"Bracelets Elastique Rouge &#8211; Apple Watch"}]},{"@type":"WebSite","@id":"https:\/\/yescase.shop\/#website","url":"https:\/\/yescase.shop\/","name":"FRA\u00ceCHEUR MARINE","description":"Site de vente de coques et d\u2019accessoires pour t\u00e9l\u00e9phone.","publisher":{"@id":"https:\/\/yescase.shop\/#organization"},"potentialAction":[{"@type":"SearchAction","target":{"@type":"EntryPoint","urlTemplate":"https:\/\/yescase.shop\/?s={search_term_string}"},"query-input":{"@type":"PropertyValueSpecification","valueRequired":true,"valueName":"search_term_string"}}],"inLanguage":"fr-FR"},{"@type":"Organization","@id":"https:\/\/yescase.shop\/#organization","name":"FRA\u00ceCHEUR MARINE","url":"https:\/\/yescase.shop\/","logo":{"@type":"ImageObject","inLanguage":"fr-FR","@id":"https:\/\/yescase.shop\/#\/schema\/logo\/image\/","url":"https:\/\/yescase.shop\/wp-content\/uploads\/2023\/12\/cropped-Plan-de-travail-1.png","contentUrl":"https:\/\/yescase.shop\/wp-content\/uploads\/2023\/12\/cropped-Plan-de-travail-1.png","width":512,"height":512,"caption":"FRA\u00ceCHEUR MARINE"},"image":{"@id":"https:\/\/yescase.shop\/#\/schema\/logo\/image\/"}}]}},"jetpack_sharing_enabled":true,"_links":{"self":[{"href":"https:\/\/yescase.shop\/index.php?rest_route=\/wp\/v2\/product\/15202","targetHints":{"allow":["GET"]}}],"collection":[{"href":"https:\/\/yescase.shop\/index.php?rest_route=\/wp\/v2\/product"}],"about":[{"href":"https:\/\/yescase.shop\/index.php?rest_route=\/wp\/v2\/types\/product"}],"version-history":[{"count":1,"href":"https:\/\/yescase.shop\/index.php?rest_route=\/wp\/v2\/product\/15202\/revisions"}],"predecessor-version":[{"id":15203,"href":"https:\/\/yescase.shop\/index.php?rest_route=\/wp\/v2\/product\/15202\/revisions\/15203"}],"wp:featuredmedia":[{"embeddable":true,"href":"https:\/\/yescase.shop\/index.php?rest_route=\/wp\/v2\/media\/14496"}],"wp:attachment":[{"href":"https:\/\/yescase.shop\/index.php?rest_route=%2Fwp%2Fv2%2Fmedia&parent=15202"}],"wp:term":[{"taxonomy":"product_brand","embeddable":true,"href":"https:\/\/yescase.shop\/index.php?rest_route=%2Fwp%2Fv2%2Fproduct_brand&post=15202"},{"taxonomy":"product_cat","embeddable":true,"href":"https:\/\/yescase.shop\/index.php?rest_route=%2Fwp%2Fv2%2Fproduct_cat&post=15202"},{"taxonomy":"product_tag","embeddable":true,"href":"https:\/\/yescase.shop\/index.php?rest_route=%2Fwp%2Fv2%2Fproduct_tag&post=15202"}],"curies":[{"name":"wp","href":"https:\/\/api.w.org\/{rel}","templated":true}]}}