{"id":15049,"date":"2025-03-01T21:36:34","date_gmt":"2025-03-01T20:36:34","guid":{"rendered":"https:\/\/yescase.shop\/?post_type=product&#038;p=15049"},"modified":"2025-11-14T15:15:48","modified_gmt":"2025-11-14T14:15:48","slug":"x-coque-en-aluminium-inoxydable-gris","status":"publish","type":"product","link":"https:\/\/yescase.shop\/?product=x-coque-en-aluminium-inoxydable-gris","title":{"rendered":"Coque de luxe en aluminium sans cadre en forme de X &#8211; Argent"},"content":{"rendered":"","protected":false},"excerpt":{"rendered":"<p><span class=\"a-list-item\" style=\"color: var(--__n4qdchev6mgo,#0f1111);\">Plus l\u00e9ger que pr\u00e9vu : notre coque anti-chute en forme de X est fabriqu\u00e9e en alliage d&rsquo;aluminium ultra l\u00e9ger, avec un design creux sp\u00e9cial qui le rend de seulement 23 g, plus l\u00e9ger qu&rsquo;une coque en silicone, ce qui le rend l\u00e9ger et confortable \u00e0 utiliser.<\/span><\/p>\n","protected":false},"featured_media":17042,"template":"","meta":[],"product_brand":[],"product_cat":[139],"product_tag":[],"class_list":{"0":"post-15049","1":"product","2":"type-product","3":"status-publish","4":"has-post-thumbnail","6":"product_cat-coques","8":"first","9":"instock","10":"sale","11":"shipping-taxable","12":"purchasable","13":"product-type-variable"},"yoast_head":"<!-- This site is optimized with the Yoast SEO plugin v26.3 - https:\/\/yoast.com\/wordpress\/plugins\/seo\/ -->\n<title>Coque de luxe en aluminium sans cadre en forme de X - Argent - YESCASE<\/title>\n<meta name=\"robots\" content=\"index, follow, max-snippet:-1, max-image-preview:large, max-video-preview:-1\" \/>\n<link rel=\"canonical\" href=\"https:\/\/yescase.shop\/?product=x-coque-en-aluminium-inoxydable-gris\" \/>\n<meta property=\"og:locale\" content=\"fr_FR\" \/>\n<meta property=\"og:type\" content=\"article\" \/>\n<meta property=\"og:title\" content=\"Coque de luxe en aluminium sans cadre en forme de X - Argent - YESCASE\" \/>\n<meta property=\"og:description\" content=\"Plus l\u00e9ger que pr\u00e9vu : notre coque anti-chute en forme de X est fabriqu\u00e9e en alliage d&#039;aluminium ultra l\u00e9ger, avec un design creux sp\u00e9cial qui le rend de seulement 23 g, plus l\u00e9ger qu&#039;une coque en silicone, ce qui le rend l\u00e9ger et confortable \u00e0 utiliser.\" \/>\n<meta property=\"og:url\" content=\"https:\/\/yescase.shop\/?product=x-coque-en-aluminium-inoxydable-gris\" \/>\n<meta property=\"og:site_name\" content=\"YESCASE\" \/>\n<meta property=\"article:modified_time\" content=\"2025-11-14T14:15:48+00:00\" \/>\n<meta property=\"og:image\" content=\"https:\/\/yescase.shop\/wp-content\/uploads\/2025\/03\/IMG_3444-3.jpg\" \/>\n\t<meta property=\"og:image:width\" content=\"800\" \/>\n\t<meta property=\"og:image:height\" content=\"800\" \/>\n\t<meta property=\"og:image:type\" content=\"image\/jpeg\" \/>\n<meta name=\"twitter:card\" content=\"summary_large_image\" \/>\n<meta name=\"twitter:label1\" content=\"Dur\u00e9e de lecture estim\u00e9e\" \/>\n\t<meta name=\"twitter:data1\" content=\"1 minute\" \/>\n<script type=\"application\/ld+json\" class=\"yoast-schema-graph\">{\"@context\":\"https:\/\/schema.org\",\"@graph\":[{\"@type\":\"WebPage\",\"@id\":\"https:\/\/yescase.shop\/?product=x-coque-en-aluminium-inoxydable-gris\",\"url\":\"https:\/\/yescase.shop\/?product=x-coque-en-aluminium-inoxydable-gris\",\"name\":\"Coque de luxe en aluminium sans cadre en forme de X - Argent - YESCASE\",\"isPartOf\":{\"@id\":\"https:\/\/yescase.shop\/#website\"},\"primaryImageOfPage\":{\"@id\":\"https:\/\/yescase.shop\/?product=x-coque-en-aluminium-inoxydable-gris#primaryimage\"},\"image\":{\"@id\":\"https:\/\/yescase.shop\/?product=x-coque-en-aluminium-inoxydable-gris#primaryimage\"},\"thumbnailUrl\":\"https:\/\/yescase.shop\/wp-content\/uploads\/2025\/03\/IMG_3444-3.jpg\",\"datePublished\":\"2025-03-01T20:36:34+00:00\",\"dateModified\":\"2025-11-14T14:15:48+00:00\",\"breadcrumb\":{\"@id\":\"https:\/\/yescase.shop\/?product=x-coque-en-aluminium-inoxydable-gris#breadcrumb\"},\"inLanguage\":\"fr-FR\",\"potentialAction\":[{\"@type\":\"ReadAction\",\"target\":[\"https:\/\/yescase.shop\/?product=x-coque-en-aluminium-inoxydable-gris\"]}]},{\"@type\":\"ImageObject\",\"inLanguage\":\"fr-FR\",\"@id\":\"https:\/\/yescase.shop\/?product=x-coque-en-aluminium-inoxydable-gris#primaryimage\",\"url\":\"https:\/\/yescase.shop\/wp-content\/uploads\/2025\/03\/IMG_3444-3.jpg\",\"contentUrl\":\"https:\/\/yescase.shop\/wp-content\/uploads\/2025\/03\/IMG_3444-3.jpg\",\"width\":800,\"height\":800},{\"@type\":\"BreadcrumbList\",\"@id\":\"https:\/\/yescase.shop\/?product=x-coque-en-aluminium-inoxydable-gris#breadcrumb\",\"itemListElement\":[{\"@type\":\"ListItem\",\"position\":1,\"name\":\"Accueil\",\"item\":\"https:\/\/yescase.shop\/\"},{\"@type\":\"ListItem\",\"position\":2,\"name\":\"Boutique\",\"item\":\"https:\/\/yescase.shop\/?page_id=9\"},{\"@type\":\"ListItem\",\"position\":3,\"name\":\"Coque de luxe en aluminium sans cadre en forme de X &#8211; Argent\"}]},{\"@type\":\"WebSite\",\"@id\":\"https:\/\/yescase.shop\/#website\",\"url\":\"https:\/\/yescase.shop\/\",\"name\":\"FRA\u00ceCHEUR MARINE\",\"description\":\"Site de vente de coques et d\u2019accessoires pour t\u00e9l\u00e9phone.\",\"publisher\":{\"@id\":\"https:\/\/yescase.shop\/#organization\"},\"potentialAction\":[{\"@type\":\"SearchAction\",\"target\":{\"@type\":\"EntryPoint\",\"urlTemplate\":\"https:\/\/yescase.shop\/?s={search_term_string}\"},\"query-input\":{\"@type\":\"PropertyValueSpecification\",\"valueRequired\":true,\"valueName\":\"search_term_string\"}}],\"inLanguage\":\"fr-FR\"},{\"@type\":\"Organization\",\"@id\":\"https:\/\/yescase.shop\/#organization\",\"name\":\"FRA\u00ceCHEUR MARINE\",\"url\":\"https:\/\/yescase.shop\/\",\"logo\":{\"@type\":\"ImageObject\",\"inLanguage\":\"fr-FR\",\"@id\":\"https:\/\/yescase.shop\/#\/schema\/logo\/image\/\",\"url\":\"https:\/\/yescase.shop\/wp-content\/uploads\/2023\/12\/cropped-Plan-de-travail-1.png\",\"contentUrl\":\"https:\/\/yescase.shop\/wp-content\/uploads\/2023\/12\/cropped-Plan-de-travail-1.png\",\"width\":512,\"height\":512,\"caption\":\"FRA\u00ceCHEUR MARINE\"},\"image\":{\"@id\":\"https:\/\/yescase.shop\/#\/schema\/logo\/image\/\"}}]}<\/script>\n<!-- \/ Yoast SEO plugin. -->","yoast_head_json":{"title":"Coque de luxe en aluminium sans cadre en forme de X - Argent - YESCASE","robots":{"index":"index","follow":"follow","max-snippet":"max-snippet:-1","max-image-preview":"max-image-preview:large","max-video-preview":"max-video-preview:-1"},"canonical":"https:\/\/yescase.shop\/?product=x-coque-en-aluminium-inoxydable-gris","og_locale":"fr_FR","og_type":"article","og_title":"Coque de luxe en aluminium sans cadre en forme de X - Argent - YESCASE","og_description":"Plus l\u00e9ger que pr\u00e9vu : notre coque anti-chute en forme de X est fabriqu\u00e9e en alliage d'aluminium ultra l\u00e9ger, avec un design creux sp\u00e9cial qui le rend de seulement 23 g, plus l\u00e9ger qu'une coque en silicone, ce qui le rend l\u00e9ger et confortable \u00e0 utiliser.","og_url":"https:\/\/yescase.shop\/?product=x-coque-en-aluminium-inoxydable-gris","og_site_name":"YESCASE","article_modified_time":"2025-11-14T14:15:48+00:00","og_image":[{"width":800,"height":800,"url":"https:\/\/yescase.shop\/wp-content\/uploads\/2025\/03\/IMG_3444-3.jpg","type":"image\/jpeg"}],"twitter_card":"summary_large_image","twitter_misc":{"Dur\u00e9e de lecture estim\u00e9e":"1 minute"},"schema":{"@context":"https:\/\/schema.org","@graph":[{"@type":"WebPage","@id":"https:\/\/yescase.shop\/?product=x-coque-en-aluminium-inoxydable-gris","url":"https:\/\/yescase.shop\/?product=x-coque-en-aluminium-inoxydable-gris","name":"Coque de luxe en aluminium sans cadre en forme de X - Argent - YESCASE","isPartOf":{"@id":"https:\/\/yescase.shop\/#website"},"primaryImageOfPage":{"@id":"https:\/\/yescase.shop\/?product=x-coque-en-aluminium-inoxydable-gris#primaryimage"},"image":{"@id":"https:\/\/yescase.shop\/?product=x-coque-en-aluminium-inoxydable-gris#primaryimage"},"thumbnailUrl":"https:\/\/yescase.shop\/wp-content\/uploads\/2025\/03\/IMG_3444-3.jpg","datePublished":"2025-03-01T20:36:34+00:00","dateModified":"2025-11-14T14:15:48+00:00","breadcrumb":{"@id":"https:\/\/yescase.shop\/?product=x-coque-en-aluminium-inoxydable-gris#breadcrumb"},"inLanguage":"fr-FR","potentialAction":[{"@type":"ReadAction","target":["https:\/\/yescase.shop\/?product=x-coque-en-aluminium-inoxydable-gris"]}]},{"@type":"ImageObject","inLanguage":"fr-FR","@id":"https:\/\/yescase.shop\/?product=x-coque-en-aluminium-inoxydable-gris#primaryimage","url":"https:\/\/yescase.shop\/wp-content\/uploads\/2025\/03\/IMG_3444-3.jpg","contentUrl":"https:\/\/yescase.shop\/wp-content\/uploads\/2025\/03\/IMG_3444-3.jpg","width":800,"height":800},{"@type":"BreadcrumbList","@id":"https:\/\/yescase.shop\/?product=x-coque-en-aluminium-inoxydable-gris#breadcrumb","itemListElement":[{"@type":"ListItem","position":1,"name":"Accueil","item":"https:\/\/yescase.shop\/"},{"@type":"ListItem","position":2,"name":"Boutique","item":"https:\/\/yescase.shop\/?page_id=9"},{"@type":"ListItem","position":3,"name":"Coque de luxe en aluminium sans cadre en forme de X &#8211; Argent"}]},{"@type":"WebSite","@id":"https:\/\/yescase.shop\/#website","url":"https:\/\/yescase.shop\/","name":"FRA\u00ceCHEUR MARINE","description":"Site de vente de coques et d\u2019accessoires pour t\u00e9l\u00e9phone.","publisher":{"@id":"https:\/\/yescase.shop\/#organization"},"potentialAction":[{"@type":"SearchAction","target":{"@type":"EntryPoint","urlTemplate":"https:\/\/yescase.shop\/?s={search_term_string}"},"query-input":{"@type":"PropertyValueSpecification","valueRequired":true,"valueName":"search_term_string"}}],"inLanguage":"fr-FR"},{"@type":"Organization","@id":"https:\/\/yescase.shop\/#organization","name":"FRA\u00ceCHEUR MARINE","url":"https:\/\/yescase.shop\/","logo":{"@type":"ImageObject","inLanguage":"fr-FR","@id":"https:\/\/yescase.shop\/#\/schema\/logo\/image\/","url":"https:\/\/yescase.shop\/wp-content\/uploads\/2023\/12\/cropped-Plan-de-travail-1.png","contentUrl":"https:\/\/yescase.shop\/wp-content\/uploads\/2023\/12\/cropped-Plan-de-travail-1.png","width":512,"height":512,"caption":"FRA\u00ceCHEUR MARINE"},"image":{"@id":"https:\/\/yescase.shop\/#\/schema\/logo\/image\/"}}]}},"jetpack_sharing_enabled":true,"_links":{"self":[{"href":"https:\/\/yescase.shop\/index.php?rest_route=\/wp\/v2\/product\/15049","targetHints":{"allow":["GET"]}}],"collection":[{"href":"https:\/\/yescase.shop\/index.php?rest_route=\/wp\/v2\/product"}],"about":[{"href":"https:\/\/yescase.shop\/index.php?rest_route=\/wp\/v2\/types\/product"}],"version-history":[{"count":5,"href":"https:\/\/yescase.shop\/index.php?rest_route=\/wp\/v2\/product\/15049\/revisions"}],"predecessor-version":[{"id":17040,"href":"https:\/\/yescase.shop\/index.php?rest_route=\/wp\/v2\/product\/15049\/revisions\/17040"}],"wp:featuredmedia":[{"embeddable":true,"href":"https:\/\/yescase.shop\/index.php?rest_route=\/wp\/v2\/media\/17042"}],"wp:attachment":[{"href":"https:\/\/yescase.shop\/index.php?rest_route=%2Fwp%2Fv2%2Fmedia&parent=15049"}],"wp:term":[{"taxonomy":"product_brand","embeddable":true,"href":"https:\/\/yescase.shop\/index.php?rest_route=%2Fwp%2Fv2%2Fproduct_brand&post=15049"},{"taxonomy":"product_cat","embeddable":true,"href":"https:\/\/yescase.shop\/index.php?rest_route=%2Fwp%2Fv2%2Fproduct_cat&post=15049"},{"taxonomy":"product_tag","embeddable":true,"href":"https:\/\/yescase.shop\/index.php?rest_route=%2Fwp%2Fv2%2Fproduct_tag&post=15049"}],"curies":[{"name":"wp","href":"https:\/\/api.w.org\/{rel}","templated":true}]}}