{"id":15039,"date":"2025-03-01T21:32:46","date_gmt":"2025-03-01T20:32:46","guid":{"rendered":"https:\/\/yescase.shop\/?post_type=product&#038;p=15039"},"modified":"2025-11-14T15:25:46","modified_gmt":"2025-11-14T14:25:46","slug":"coque-north-face-doudoune-noir","status":"publish","type":"product","link":"https:\/\/yescase.shop\/?product=coque-north-face-doudoune-noir","title":{"rendered":"Coque The North Face Doudoune Noir"},"content":{"rendered":"","protected":false},"excerpt":{"rendered":"<p><span class=\"a-list-item\" style=\"color: var(--__n4qdchev6mgo,#0f1111);\">Mat\u00e9riau en polyur\u00e9thane : la coque de t\u00e9l\u00e9phone 3D Puffer Down Jacket est fabriqu\u00e9e en polyur\u00e9thane de haute qualit\u00e9, qui offre une protection efficace contre les rayures, les chutes et les chocs. Le polyur\u00e9thane est un mat\u00e9riau solide, durable et flexible qui peut absorber les chocs et \u00e9viter d&rsquo;endommager votre t\u00e9l\u00e9phone.<\/span><\/p>\n","protected":false},"featured_media":18010,"template":"","meta":[],"product_brand":[],"product_cat":[139,92],"product_tag":[],"class_list":{"0":"post-15039","1":"product","2":"type-product","3":"status-publish","4":"has-post-thumbnail","6":"product_cat-coques","7":"product_cat-home-coque","9":"first","10":"instock","11":"sale","12":"shipping-taxable","13":"purchasable","14":"product-type-variable"},"yoast_head":"<!-- This site is optimized with the Yoast SEO plugin v26.3 - https:\/\/yoast.com\/wordpress\/plugins\/seo\/ -->\n<title>Coque The North Face Doudoune Noir - YESCASE<\/title>\n<meta name=\"robots\" content=\"index, follow, max-snippet:-1, max-image-preview:large, max-video-preview:-1\" \/>\n<link rel=\"canonical\" href=\"https:\/\/yescase.shop\/?product=coque-north-face-doudoune-noir\" \/>\n<meta property=\"og:locale\" content=\"fr_FR\" \/>\n<meta property=\"og:type\" content=\"article\" \/>\n<meta property=\"og:title\" content=\"Coque The North Face Doudoune Noir - YESCASE\" \/>\n<meta property=\"og:description\" content=\"Mat\u00e9riau en polyur\u00e9thane : la coque de t\u00e9l\u00e9phone 3D Puffer Down Jacket est fabriqu\u00e9e en polyur\u00e9thane de haute qualit\u00e9, qui offre une protection efficace contre les rayures, les chutes et les chocs. Le polyur\u00e9thane est un mat\u00e9riau solide, durable et flexible qui peut absorber les chocs et \u00e9viter d&#039;endommager votre t\u00e9l\u00e9phone.\" \/>\n<meta property=\"og:url\" content=\"https:\/\/yescase.shop\/?product=coque-north-face-doudoune-noir\" \/>\n<meta property=\"og:site_name\" content=\"YESCASE\" \/>\n<meta property=\"article:modified_time\" content=\"2025-11-14T14:25:46+00:00\" \/>\n<meta property=\"og:image\" content=\"https:\/\/yescase.shop\/wp-content\/uploads\/2025\/03\/IMG_1010.jpg\" \/>\n\t<meta property=\"og:image:width\" content=\"1800\" \/>\n\t<meta property=\"og:image:height\" content=\"1800\" \/>\n\t<meta property=\"og:image:type\" content=\"image\/jpeg\" \/>\n<meta name=\"twitter:card\" content=\"summary_large_image\" \/>\n<meta name=\"twitter:label1\" content=\"Dur\u00e9e de lecture estim\u00e9e\" \/>\n\t<meta name=\"twitter:data1\" content=\"1 minute\" \/>\n<script type=\"application\/ld+json\" class=\"yoast-schema-graph\">{\"@context\":\"https:\/\/schema.org\",\"@graph\":[{\"@type\":\"WebPage\",\"@id\":\"https:\/\/yescase.shop\/?product=coque-north-face-doudoune-noir\",\"url\":\"https:\/\/yescase.shop\/?product=coque-north-face-doudoune-noir\",\"name\":\"Coque The North Face Doudoune Noir - YESCASE\",\"isPartOf\":{\"@id\":\"https:\/\/yescase.shop\/#website\"},\"primaryImageOfPage\":{\"@id\":\"https:\/\/yescase.shop\/?product=coque-north-face-doudoune-noir#primaryimage\"},\"image\":{\"@id\":\"https:\/\/yescase.shop\/?product=coque-north-face-doudoune-noir#primaryimage\"},\"thumbnailUrl\":\"https:\/\/yescase.shop\/wp-content\/uploads\/2025\/03\/IMG_1010.jpg\",\"datePublished\":\"2025-03-01T20:32:46+00:00\",\"dateModified\":\"2025-11-14T14:25:46+00:00\",\"breadcrumb\":{\"@id\":\"https:\/\/yescase.shop\/?product=coque-north-face-doudoune-noir#breadcrumb\"},\"inLanguage\":\"fr-FR\",\"potentialAction\":[{\"@type\":\"ReadAction\",\"target\":[\"https:\/\/yescase.shop\/?product=coque-north-face-doudoune-noir\"]}]},{\"@type\":\"ImageObject\",\"inLanguage\":\"fr-FR\",\"@id\":\"https:\/\/yescase.shop\/?product=coque-north-face-doudoune-noir#primaryimage\",\"url\":\"https:\/\/yescase.shop\/wp-content\/uploads\/2025\/03\/IMG_1010.jpg\",\"contentUrl\":\"https:\/\/yescase.shop\/wp-content\/uploads\/2025\/03\/IMG_1010.jpg\",\"width\":1800,\"height\":1800},{\"@type\":\"BreadcrumbList\",\"@id\":\"https:\/\/yescase.shop\/?product=coque-north-face-doudoune-noir#breadcrumb\",\"itemListElement\":[{\"@type\":\"ListItem\",\"position\":1,\"name\":\"Accueil\",\"item\":\"https:\/\/yescase.shop\/\"},{\"@type\":\"ListItem\",\"position\":2,\"name\":\"Boutique\",\"item\":\"https:\/\/yescase.shop\/?page_id=9\"},{\"@type\":\"ListItem\",\"position\":3,\"name\":\"Coque The North Face Doudoune Noir\"}]},{\"@type\":\"WebSite\",\"@id\":\"https:\/\/yescase.shop\/#website\",\"url\":\"https:\/\/yescase.shop\/\",\"name\":\"FRA\u00ceCHEUR MARINE\",\"description\":\"Site de vente de coques et d\u2019accessoires pour t\u00e9l\u00e9phone.\",\"publisher\":{\"@id\":\"https:\/\/yescase.shop\/#organization\"},\"potentialAction\":[{\"@type\":\"SearchAction\",\"target\":{\"@type\":\"EntryPoint\",\"urlTemplate\":\"https:\/\/yescase.shop\/?s={search_term_string}\"},\"query-input\":{\"@type\":\"PropertyValueSpecification\",\"valueRequired\":true,\"valueName\":\"search_term_string\"}}],\"inLanguage\":\"fr-FR\"},{\"@type\":\"Organization\",\"@id\":\"https:\/\/yescase.shop\/#organization\",\"name\":\"FRA\u00ceCHEUR MARINE\",\"url\":\"https:\/\/yescase.shop\/\",\"logo\":{\"@type\":\"ImageObject\",\"inLanguage\":\"fr-FR\",\"@id\":\"https:\/\/yescase.shop\/#\/schema\/logo\/image\/\",\"url\":\"https:\/\/yescase.shop\/wp-content\/uploads\/2023\/12\/cropped-Plan-de-travail-1.png\",\"contentUrl\":\"https:\/\/yescase.shop\/wp-content\/uploads\/2023\/12\/cropped-Plan-de-travail-1.png\",\"width\":512,\"height\":512,\"caption\":\"FRA\u00ceCHEUR MARINE\"},\"image\":{\"@id\":\"https:\/\/yescase.shop\/#\/schema\/logo\/image\/\"}}]}<\/script>\n<!-- \/ Yoast SEO plugin. -->","yoast_head_json":{"title":"Coque The North Face Doudoune Noir - YESCASE","robots":{"index":"index","follow":"follow","max-snippet":"max-snippet:-1","max-image-preview":"max-image-preview:large","max-video-preview":"max-video-preview:-1"},"canonical":"https:\/\/yescase.shop\/?product=coque-north-face-doudoune-noir","og_locale":"fr_FR","og_type":"article","og_title":"Coque The North Face Doudoune Noir - YESCASE","og_description":"Mat\u00e9riau en polyur\u00e9thane : la coque de t\u00e9l\u00e9phone 3D Puffer Down Jacket est fabriqu\u00e9e en polyur\u00e9thane de haute qualit\u00e9, qui offre une protection efficace contre les rayures, les chutes et les chocs. Le polyur\u00e9thane est un mat\u00e9riau solide, durable et flexible qui peut absorber les chocs et \u00e9viter d'endommager votre t\u00e9l\u00e9phone.","og_url":"https:\/\/yescase.shop\/?product=coque-north-face-doudoune-noir","og_site_name":"YESCASE","article_modified_time":"2025-11-14T14:25:46+00:00","og_image":[{"width":1800,"height":1800,"url":"https:\/\/yescase.shop\/wp-content\/uploads\/2025\/03\/IMG_1010.jpg","type":"image\/jpeg"}],"twitter_card":"summary_large_image","twitter_misc":{"Dur\u00e9e de lecture estim\u00e9e":"1 minute"},"schema":{"@context":"https:\/\/schema.org","@graph":[{"@type":"WebPage","@id":"https:\/\/yescase.shop\/?product=coque-north-face-doudoune-noir","url":"https:\/\/yescase.shop\/?product=coque-north-face-doudoune-noir","name":"Coque The North Face Doudoune Noir - YESCASE","isPartOf":{"@id":"https:\/\/yescase.shop\/#website"},"primaryImageOfPage":{"@id":"https:\/\/yescase.shop\/?product=coque-north-face-doudoune-noir#primaryimage"},"image":{"@id":"https:\/\/yescase.shop\/?product=coque-north-face-doudoune-noir#primaryimage"},"thumbnailUrl":"https:\/\/yescase.shop\/wp-content\/uploads\/2025\/03\/IMG_1010.jpg","datePublished":"2025-03-01T20:32:46+00:00","dateModified":"2025-11-14T14:25:46+00:00","breadcrumb":{"@id":"https:\/\/yescase.shop\/?product=coque-north-face-doudoune-noir#breadcrumb"},"inLanguage":"fr-FR","potentialAction":[{"@type":"ReadAction","target":["https:\/\/yescase.shop\/?product=coque-north-face-doudoune-noir"]}]},{"@type":"ImageObject","inLanguage":"fr-FR","@id":"https:\/\/yescase.shop\/?product=coque-north-face-doudoune-noir#primaryimage","url":"https:\/\/yescase.shop\/wp-content\/uploads\/2025\/03\/IMG_1010.jpg","contentUrl":"https:\/\/yescase.shop\/wp-content\/uploads\/2025\/03\/IMG_1010.jpg","width":1800,"height":1800},{"@type":"BreadcrumbList","@id":"https:\/\/yescase.shop\/?product=coque-north-face-doudoune-noir#breadcrumb","itemListElement":[{"@type":"ListItem","position":1,"name":"Accueil","item":"https:\/\/yescase.shop\/"},{"@type":"ListItem","position":2,"name":"Boutique","item":"https:\/\/yescase.shop\/?page_id=9"},{"@type":"ListItem","position":3,"name":"Coque The North Face Doudoune Noir"}]},{"@type":"WebSite","@id":"https:\/\/yescase.shop\/#website","url":"https:\/\/yescase.shop\/","name":"FRA\u00ceCHEUR MARINE","description":"Site de vente de coques et d\u2019accessoires pour t\u00e9l\u00e9phone.","publisher":{"@id":"https:\/\/yescase.shop\/#organization"},"potentialAction":[{"@type":"SearchAction","target":{"@type":"EntryPoint","urlTemplate":"https:\/\/yescase.shop\/?s={search_term_string}"},"query-input":{"@type":"PropertyValueSpecification","valueRequired":true,"valueName":"search_term_string"}}],"inLanguage":"fr-FR"},{"@type":"Organization","@id":"https:\/\/yescase.shop\/#organization","name":"FRA\u00ceCHEUR MARINE","url":"https:\/\/yescase.shop\/","logo":{"@type":"ImageObject","inLanguage":"fr-FR","@id":"https:\/\/yescase.shop\/#\/schema\/logo\/image\/","url":"https:\/\/yescase.shop\/wp-content\/uploads\/2023\/12\/cropped-Plan-de-travail-1.png","contentUrl":"https:\/\/yescase.shop\/wp-content\/uploads\/2023\/12\/cropped-Plan-de-travail-1.png","width":512,"height":512,"caption":"FRA\u00ceCHEUR MARINE"},"image":{"@id":"https:\/\/yescase.shop\/#\/schema\/logo\/image\/"}}]}},"jetpack_sharing_enabled":true,"_links":{"self":[{"href":"https:\/\/yescase.shop\/index.php?rest_route=\/wp\/v2\/product\/15039","targetHints":{"allow":["GET"]}}],"collection":[{"href":"https:\/\/yescase.shop\/index.php?rest_route=\/wp\/v2\/product"}],"about":[{"href":"https:\/\/yescase.shop\/index.php?rest_route=\/wp\/v2\/types\/product"}],"version-history":[{"count":7,"href":"https:\/\/yescase.shop\/index.php?rest_route=\/wp\/v2\/product\/15039\/revisions"}],"predecessor-version":[{"id":15579,"href":"https:\/\/yescase.shop\/index.php?rest_route=\/wp\/v2\/product\/15039\/revisions\/15579"}],"wp:featuredmedia":[{"embeddable":true,"href":"https:\/\/yescase.shop\/index.php?rest_route=\/wp\/v2\/media\/18010"}],"wp:attachment":[{"href":"https:\/\/yescase.shop\/index.php?rest_route=%2Fwp%2Fv2%2Fmedia&parent=15039"}],"wp:term":[{"taxonomy":"product_brand","embeddable":true,"href":"https:\/\/yescase.shop\/index.php?rest_route=%2Fwp%2Fv2%2Fproduct_brand&post=15039"},{"taxonomy":"product_cat","embeddable":true,"href":"https:\/\/yescase.shop\/index.php?rest_route=%2Fwp%2Fv2%2Fproduct_cat&post=15039"},{"taxonomy":"product_tag","embeddable":true,"href":"https:\/\/yescase.shop\/index.php?rest_route=%2Fwp%2Fv2%2Fproduct_tag&post=15039"}],"curies":[{"name":"wp","href":"https:\/\/api.w.org\/{rel}","templated":true}]}}