{"id":14975,"date":"2025-03-01T17:20:54","date_gmt":"2025-03-01T16:20:54","guid":{"rendered":"https:\/\/yescase.shop\/?post_type=product&#038;p=14975"},"modified":"2026-04-13T16:18:47","modified_gmt":"2026-04-13T14:18:47","slug":"bracelet-metallique-gold-apple-watch-copie-copie-copie-copie","status":"publish","type":"product","link":"https:\/\/yescase.shop\/?product=bracelet-metallique-gold-apple-watch-copie-copie-copie-copie","title":{"rendered":"Bracelet Milanais rose &#8211; Apple Watch"},"content":{"rendered":"","protected":false},"excerpt":{"rendered":"<p class=\"p1\">\u2705 <b>Caract\u00e9ristiques<\/b> :<\/p>\n<p class=\"p2\">\u2022 <strong>Compatibilit\u00e9 :<\/strong> disponible pour Apple Watch (38mm, 40mm, 41mm, 42mm, 44mm, 45mm, 46mm et 49mm.)<\/p>\n<p class=\"p2\">\u2022 <b>Design en maille m\u00e9tallique noire<\/b> pour un look \u00e9l\u00e9gant et intemporel \u2728<\/p>\n<p class=\"p2\">\u2022 <b>Fermoir magn\u00e9tique s\u00e9curis\u00e9<\/b> pour un ajustement parfait et sans effort \ud83d\udd12<\/p>\n<p class=\"p2\">\u2022<b>Confort optimal<\/b> pour une utilisation quotidienne, que ce soit au travail ou pour des occasions sp\u00e9ciales \u270b<\/p>\n<p class=\"p2\">\u2022<b>R\u00e9sistant \u00e0 l\u2019usure et \u00e0 la transpiration<\/b>, id\u00e9al pour les activit\u00e9s sportives ou professionnelles \ud83d\udca6<\/p>\n","protected":false},"featured_media":14979,"template":"","meta":[],"product_brand":[],"product_cat":[88],"product_tag":[],"class_list":{"0":"post-14975","1":"product","2":"type-product","3":"status-publish","4":"has-post-thumbnail","6":"product_cat-bracelet-apple-watch","8":"first","9":"instock","10":"shipping-taxable","11":"purchasable","12":"product-type-variable"},"yoast_head":"<!-- This site is optimized with the Yoast SEO plugin v26.3 - https:\/\/yoast.com\/wordpress\/plugins\/seo\/ -->\n<title>Bracelet Milanais rose - Apple Watch - YESCASE<\/title>\n<meta name=\"robots\" content=\"index, follow, max-snippet:-1, max-image-preview:large, max-video-preview:-1\" \/>\n<link rel=\"canonical\" href=\"https:\/\/yescase.shop\/?product=bracelet-metallique-gold-apple-watch-copie-copie-copie-copie\" \/>\n<meta property=\"og:locale\" content=\"fr_FR\" \/>\n<meta property=\"og:type\" content=\"article\" \/>\n<meta property=\"og:title\" content=\"Bracelet Milanais rose - Apple Watch - YESCASE\" \/>\n<meta property=\"og:description\" content=\"\u2705 Caract\u00e9ristiques : \u2022 Compatibilit\u00e9 : disponible pour Apple Watch (38mm, 40mm, 41mm, 42mm, 44mm, 45mm, 46mm et 49mm.) \u2022 Design en maille m\u00e9tallique noire pour un look \u00e9l\u00e9gant et intemporel \u2728 \u2022 Fermoir magn\u00e9tique s\u00e9curis\u00e9 pour un ajustement parfait et sans effort \ud83d\udd12 \u2022Confort optimal pour une utilisation quotidienne, que ce soit au travail ou pour des occasions sp\u00e9ciales \u270b \u2022R\u00e9sistant \u00e0 l\u2019usure et \u00e0 la transpiration, id\u00e9al pour les activit\u00e9s sportives ou professionnelles \ud83d\udca6\" \/>\n<meta property=\"og:url\" content=\"https:\/\/yescase.shop\/?product=bracelet-metallique-gold-apple-watch-copie-copie-copie-copie\" \/>\n<meta property=\"og:site_name\" content=\"YESCASE\" \/>\n<meta property=\"article:modified_time\" content=\"2026-04-13T14:18:47+00:00\" \/>\n<meta property=\"og:image\" content=\"https:\/\/yescase.shop\/wp-content\/uploads\/2025\/03\/H0f4d2258ec09486a9cd73446d0269b8eZ.jpeg\" \/>\n\t<meta property=\"og:image:width\" content=\"1000\" \/>\n\t<meta property=\"og:image:height\" content=\"1000\" \/>\n\t<meta property=\"og:image:type\" content=\"image\/jpeg\" \/>\n<meta name=\"twitter:card\" content=\"summary_large_image\" \/>\n<meta name=\"twitter:label1\" content=\"Dur\u00e9e de lecture estim\u00e9e\" \/>\n\t<meta name=\"twitter:data1\" content=\"1 minute\" \/>\n<script type=\"application\/ld+json\" class=\"yoast-schema-graph\">{\"@context\":\"https:\/\/schema.org\",\"@graph\":[{\"@type\":\"WebPage\",\"@id\":\"https:\/\/yescase.shop\/?product=bracelet-metallique-gold-apple-watch-copie-copie-copie-copie\",\"url\":\"https:\/\/yescase.shop\/?product=bracelet-metallique-gold-apple-watch-copie-copie-copie-copie\",\"name\":\"Bracelet Milanais rose - Apple Watch - YESCASE\",\"isPartOf\":{\"@id\":\"https:\/\/yescase.shop\/#website\"},\"primaryImageOfPage\":{\"@id\":\"https:\/\/yescase.shop\/?product=bracelet-metallique-gold-apple-watch-copie-copie-copie-copie#primaryimage\"},\"image\":{\"@id\":\"https:\/\/yescase.shop\/?product=bracelet-metallique-gold-apple-watch-copie-copie-copie-copie#primaryimage\"},\"thumbnailUrl\":\"https:\/\/yescase.shop\/wp-content\/uploads\/2025\/03\/H0f4d2258ec09486a9cd73446d0269b8eZ.jpeg\",\"datePublished\":\"2025-03-01T16:20:54+00:00\",\"dateModified\":\"2026-04-13T14:18:47+00:00\",\"breadcrumb\":{\"@id\":\"https:\/\/yescase.shop\/?product=bracelet-metallique-gold-apple-watch-copie-copie-copie-copie#breadcrumb\"},\"inLanguage\":\"fr-FR\",\"potentialAction\":[{\"@type\":\"ReadAction\",\"target\":[\"https:\/\/yescase.shop\/?product=bracelet-metallique-gold-apple-watch-copie-copie-copie-copie\"]}]},{\"@type\":\"ImageObject\",\"inLanguage\":\"fr-FR\",\"@id\":\"https:\/\/yescase.shop\/?product=bracelet-metallique-gold-apple-watch-copie-copie-copie-copie#primaryimage\",\"url\":\"https:\/\/yescase.shop\/wp-content\/uploads\/2025\/03\/H0f4d2258ec09486a9cd73446d0269b8eZ.jpeg\",\"contentUrl\":\"https:\/\/yescase.shop\/wp-content\/uploads\/2025\/03\/H0f4d2258ec09486a9cd73446d0269b8eZ.jpeg\",\"width\":1000,\"height\":1000},{\"@type\":\"BreadcrumbList\",\"@id\":\"https:\/\/yescase.shop\/?product=bracelet-metallique-gold-apple-watch-copie-copie-copie-copie#breadcrumb\",\"itemListElement\":[{\"@type\":\"ListItem\",\"position\":1,\"name\":\"Accueil\",\"item\":\"https:\/\/yescase.shop\/\"},{\"@type\":\"ListItem\",\"position\":2,\"name\":\"Boutique\",\"item\":\"https:\/\/yescase.shop\/?page_id=9\"},{\"@type\":\"ListItem\",\"position\":3,\"name\":\"Bracelet Milanais rose &#8211; Apple Watch\"}]},{\"@type\":\"WebSite\",\"@id\":\"https:\/\/yescase.shop\/#website\",\"url\":\"https:\/\/yescase.shop\/\",\"name\":\"FRA\u00ceCHEUR MARINE\",\"description\":\"Site de vente de coques et d\u2019accessoires pour t\u00e9l\u00e9phone.\",\"publisher\":{\"@id\":\"https:\/\/yescase.shop\/#organization\"},\"potentialAction\":[{\"@type\":\"SearchAction\",\"target\":{\"@type\":\"EntryPoint\",\"urlTemplate\":\"https:\/\/yescase.shop\/?s={search_term_string}\"},\"query-input\":{\"@type\":\"PropertyValueSpecification\",\"valueRequired\":true,\"valueName\":\"search_term_string\"}}],\"inLanguage\":\"fr-FR\"},{\"@type\":\"Organization\",\"@id\":\"https:\/\/yescase.shop\/#organization\",\"name\":\"FRA\u00ceCHEUR MARINE\",\"url\":\"https:\/\/yescase.shop\/\",\"logo\":{\"@type\":\"ImageObject\",\"inLanguage\":\"fr-FR\",\"@id\":\"https:\/\/yescase.shop\/#\/schema\/logo\/image\/\",\"url\":\"https:\/\/yescase.shop\/wp-content\/uploads\/2023\/12\/cropped-Plan-de-travail-1.png\",\"contentUrl\":\"https:\/\/yescase.shop\/wp-content\/uploads\/2023\/12\/cropped-Plan-de-travail-1.png\",\"width\":512,\"height\":512,\"caption\":\"FRA\u00ceCHEUR MARINE\"},\"image\":{\"@id\":\"https:\/\/yescase.shop\/#\/schema\/logo\/image\/\"}}]}<\/script>\n<!-- \/ Yoast SEO plugin. -->","yoast_head_json":{"title":"Bracelet Milanais rose - Apple Watch - YESCASE","robots":{"index":"index","follow":"follow","max-snippet":"max-snippet:-1","max-image-preview":"max-image-preview:large","max-video-preview":"max-video-preview:-1"},"canonical":"https:\/\/yescase.shop\/?product=bracelet-metallique-gold-apple-watch-copie-copie-copie-copie","og_locale":"fr_FR","og_type":"article","og_title":"Bracelet Milanais rose - Apple Watch - YESCASE","og_description":"\u2705 Caract\u00e9ristiques : \u2022 Compatibilit\u00e9 : disponible pour Apple Watch (38mm, 40mm, 41mm, 42mm, 44mm, 45mm, 46mm et 49mm.) \u2022 Design en maille m\u00e9tallique noire pour un look \u00e9l\u00e9gant et intemporel \u2728 \u2022 Fermoir magn\u00e9tique s\u00e9curis\u00e9 pour un ajustement parfait et sans effort \ud83d\udd12 \u2022Confort optimal pour une utilisation quotidienne, que ce soit au travail ou pour des occasions sp\u00e9ciales \u270b \u2022R\u00e9sistant \u00e0 l\u2019usure et \u00e0 la transpiration, id\u00e9al pour les activit\u00e9s sportives ou professionnelles \ud83d\udca6","og_url":"https:\/\/yescase.shop\/?product=bracelet-metallique-gold-apple-watch-copie-copie-copie-copie","og_site_name":"YESCASE","article_modified_time":"2026-04-13T14:18:47+00:00","og_image":[{"width":1000,"height":1000,"url":"https:\/\/yescase.shop\/wp-content\/uploads\/2025\/03\/H0f4d2258ec09486a9cd73446d0269b8eZ.jpeg","type":"image\/jpeg"}],"twitter_card":"summary_large_image","twitter_misc":{"Dur\u00e9e de lecture estim\u00e9e":"1 minute"},"schema":{"@context":"https:\/\/schema.org","@graph":[{"@type":"WebPage","@id":"https:\/\/yescase.shop\/?product=bracelet-metallique-gold-apple-watch-copie-copie-copie-copie","url":"https:\/\/yescase.shop\/?product=bracelet-metallique-gold-apple-watch-copie-copie-copie-copie","name":"Bracelet Milanais rose - Apple Watch - YESCASE","isPartOf":{"@id":"https:\/\/yescase.shop\/#website"},"primaryImageOfPage":{"@id":"https:\/\/yescase.shop\/?product=bracelet-metallique-gold-apple-watch-copie-copie-copie-copie#primaryimage"},"image":{"@id":"https:\/\/yescase.shop\/?product=bracelet-metallique-gold-apple-watch-copie-copie-copie-copie#primaryimage"},"thumbnailUrl":"https:\/\/yescase.shop\/wp-content\/uploads\/2025\/03\/H0f4d2258ec09486a9cd73446d0269b8eZ.jpeg","datePublished":"2025-03-01T16:20:54+00:00","dateModified":"2026-04-13T14:18:47+00:00","breadcrumb":{"@id":"https:\/\/yescase.shop\/?product=bracelet-metallique-gold-apple-watch-copie-copie-copie-copie#breadcrumb"},"inLanguage":"fr-FR","potentialAction":[{"@type":"ReadAction","target":["https:\/\/yescase.shop\/?product=bracelet-metallique-gold-apple-watch-copie-copie-copie-copie"]}]},{"@type":"ImageObject","inLanguage":"fr-FR","@id":"https:\/\/yescase.shop\/?product=bracelet-metallique-gold-apple-watch-copie-copie-copie-copie#primaryimage","url":"https:\/\/yescase.shop\/wp-content\/uploads\/2025\/03\/H0f4d2258ec09486a9cd73446d0269b8eZ.jpeg","contentUrl":"https:\/\/yescase.shop\/wp-content\/uploads\/2025\/03\/H0f4d2258ec09486a9cd73446d0269b8eZ.jpeg","width":1000,"height":1000},{"@type":"BreadcrumbList","@id":"https:\/\/yescase.shop\/?product=bracelet-metallique-gold-apple-watch-copie-copie-copie-copie#breadcrumb","itemListElement":[{"@type":"ListItem","position":1,"name":"Accueil","item":"https:\/\/yescase.shop\/"},{"@type":"ListItem","position":2,"name":"Boutique","item":"https:\/\/yescase.shop\/?page_id=9"},{"@type":"ListItem","position":3,"name":"Bracelet Milanais rose &#8211; Apple Watch"}]},{"@type":"WebSite","@id":"https:\/\/yescase.shop\/#website","url":"https:\/\/yescase.shop\/","name":"FRA\u00ceCHEUR MARINE","description":"Site de vente de coques et d\u2019accessoires pour t\u00e9l\u00e9phone.","publisher":{"@id":"https:\/\/yescase.shop\/#organization"},"potentialAction":[{"@type":"SearchAction","target":{"@type":"EntryPoint","urlTemplate":"https:\/\/yescase.shop\/?s={search_term_string}"},"query-input":{"@type":"PropertyValueSpecification","valueRequired":true,"valueName":"search_term_string"}}],"inLanguage":"fr-FR"},{"@type":"Organization","@id":"https:\/\/yescase.shop\/#organization","name":"FRA\u00ceCHEUR MARINE","url":"https:\/\/yescase.shop\/","logo":{"@type":"ImageObject","inLanguage":"fr-FR","@id":"https:\/\/yescase.shop\/#\/schema\/logo\/image\/","url":"https:\/\/yescase.shop\/wp-content\/uploads\/2023\/12\/cropped-Plan-de-travail-1.png","contentUrl":"https:\/\/yescase.shop\/wp-content\/uploads\/2023\/12\/cropped-Plan-de-travail-1.png","width":512,"height":512,"caption":"FRA\u00ceCHEUR MARINE"},"image":{"@id":"https:\/\/yescase.shop\/#\/schema\/logo\/image\/"}}]}},"jetpack_sharing_enabled":true,"_links":{"self":[{"href":"https:\/\/yescase.shop\/index.php?rest_route=\/wp\/v2\/product\/14975","targetHints":{"allow":["GET"]}}],"collection":[{"href":"https:\/\/yescase.shop\/index.php?rest_route=\/wp\/v2\/product"}],"about":[{"href":"https:\/\/yescase.shop\/index.php?rest_route=\/wp\/v2\/types\/product"}],"version-history":[{"count":5,"href":"https:\/\/yescase.shop\/index.php?rest_route=\/wp\/v2\/product\/14975\/revisions"}],"predecessor-version":[{"id":18500,"href":"https:\/\/yescase.shop\/index.php?rest_route=\/wp\/v2\/product\/14975\/revisions\/18500"}],"wp:featuredmedia":[{"embeddable":true,"href":"https:\/\/yescase.shop\/index.php?rest_route=\/wp\/v2\/media\/14979"}],"wp:attachment":[{"href":"https:\/\/yescase.shop\/index.php?rest_route=%2Fwp%2Fv2%2Fmedia&parent=14975"}],"wp:term":[{"taxonomy":"product_brand","embeddable":true,"href":"https:\/\/yescase.shop\/index.php?rest_route=%2Fwp%2Fv2%2Fproduct_brand&post=14975"},{"taxonomy":"product_cat","embeddable":true,"href":"https:\/\/yescase.shop\/index.php?rest_route=%2Fwp%2Fv2%2Fproduct_cat&post=14975"},{"taxonomy":"product_tag","embeddable":true,"href":"https:\/\/yescase.shop\/index.php?rest_route=%2Fwp%2Fv2%2Fproduct_tag&post=14975"}],"curies":[{"name":"wp","href":"https:\/\/api.w.org\/{rel}","templated":true}]}}