{"id":14551,"date":"2025-01-13T15:42:40","date_gmt":"2025-01-13T14:42:40","guid":{"rendered":"https:\/\/yescase.shop\/?post_type=product&#038;p=14551"},"modified":"2025-07-31T19:52:03","modified_gmt":"2025-07-31T17:52:03","slug":"bracelets-tissu-apple-watch-noir","status":"publish","type":"product","link":"https:\/\/yescase.shop\/?product=bracelets-tissu-apple-watch-noir","title":{"rendered":"Bracelets Tissu Apple Watch &#8211; Noir"},"content":{"rendered":"","protected":false},"excerpt":{"rendered":"<p class=\"p2\">\u2705 <b>Caract\u00e9ristiques<\/b> :<\/p>\n<p class=\"p3\">\u2022<b>Compatibles avec toutes les s\u00e9ries Apple Watch<\/b> : 38 mm, 40 mm, 42 mm, 44 mm, 45 mm et Ultra \ud83d\udcf1<\/p>\n<p class=\"p3\">\u2022<b>Tissu respirant et confortable<\/b> pour une utilisation prolong\u00e9e, parfait pour le sport ou la vie quotidienne \ud83e\uddf5<\/p>\n<p class=\"p3\">\u2022<b>Fermoir r\u00e9glable et s\u00e9curis\u00e9<\/b> pour un ajustement parfait \ud83d\udd12<\/p>\n<p class=\"p3\">\u2022<b>Design minimaliste et moderne<\/b> adapt\u00e9 \u00e0 toutes les occasions \ud83c\udfa8<\/p>\n<p class=\"p3\">\u2022<b>L\u00e9ger et r\u00e9sistant<\/b> pour un confort maximal \u270b<\/p>\n","protected":false},"featured_media":14495,"template":"","meta":[],"product_brand":[],"product_cat":[88],"product_tag":[],"class_list":{"0":"post-14551","1":"product","2":"type-product","3":"status-publish","4":"has-post-thumbnail","6":"product_cat-bracelet-apple-watch","8":"first","9":"instock","10":"shipping-taxable","11":"purchasable","12":"product-type-variable"},"yoast_head":"<!-- This site is optimized with the Yoast SEO plugin v26.3 - https:\/\/yoast.com\/wordpress\/plugins\/seo\/ -->\n<title>Bracelets Tissu Apple Watch - Noir - YESCASE<\/title>\n<meta name=\"robots\" content=\"index, follow, max-snippet:-1, max-image-preview:large, max-video-preview:-1\" \/>\n<link rel=\"canonical\" href=\"https:\/\/yescase.shop\/?product=bracelets-tissu-apple-watch-noir\" \/>\n<meta property=\"og:locale\" content=\"fr_FR\" \/>\n<meta property=\"og:type\" content=\"article\" \/>\n<meta property=\"og:title\" content=\"Bracelets Tissu Apple Watch - Noir - YESCASE\" \/>\n<meta property=\"og:description\" content=\"\u2705 Caract\u00e9ristiques : \u2022Compatibles avec toutes les s\u00e9ries Apple Watch : 38 mm, 40 mm, 42 mm, 44 mm, 45 mm et Ultra \ud83d\udcf1 \u2022Tissu respirant et confortable pour une utilisation prolong\u00e9e, parfait pour le sport ou la vie quotidienne \ud83e\uddf5 \u2022Fermoir r\u00e9glable et s\u00e9curis\u00e9 pour un ajustement parfait \ud83d\udd12 \u2022Design minimaliste et moderne adapt\u00e9 \u00e0 toutes les occasions \ud83c\udfa8 \u2022L\u00e9ger et r\u00e9sistant pour un confort maximal \u270b\" \/>\n<meta property=\"og:url\" content=\"https:\/\/yescase.shop\/?product=bracelets-tissu-apple-watch-noir\" \/>\n<meta property=\"og:site_name\" content=\"YESCASE\" \/>\n<meta property=\"article:modified_time\" content=\"2025-07-31T17:52:03+00:00\" \/>\n<meta property=\"og:image\" content=\"https:\/\/yescase.shop\/wp-content\/uploads\/2025\/01\/Noir.jpg\" \/>\n\t<meta property=\"og:image:width\" content=\"800\" \/>\n\t<meta property=\"og:image:height\" content=\"800\" \/>\n\t<meta property=\"og:image:type\" content=\"image\/jpeg\" \/>\n<meta name=\"twitter:card\" content=\"summary_large_image\" \/>\n<script type=\"application\/ld+json\" class=\"yoast-schema-graph\">{\"@context\":\"https:\/\/schema.org\",\"@graph\":[{\"@type\":\"WebPage\",\"@id\":\"https:\/\/yescase.shop\/?product=bracelets-tissu-apple-watch-noir\",\"url\":\"https:\/\/yescase.shop\/?product=bracelets-tissu-apple-watch-noir\",\"name\":\"Bracelets Tissu Apple Watch - Noir - YESCASE\",\"isPartOf\":{\"@id\":\"https:\/\/yescase.shop\/#website\"},\"primaryImageOfPage\":{\"@id\":\"https:\/\/yescase.shop\/?product=bracelets-tissu-apple-watch-noir#primaryimage\"},\"image\":{\"@id\":\"https:\/\/yescase.shop\/?product=bracelets-tissu-apple-watch-noir#primaryimage\"},\"thumbnailUrl\":\"https:\/\/yescase.shop\/wp-content\/uploads\/2025\/01\/Noir.jpg\",\"datePublished\":\"2025-01-13T14:42:40+00:00\",\"dateModified\":\"2025-07-31T17:52:03+00:00\",\"breadcrumb\":{\"@id\":\"https:\/\/yescase.shop\/?product=bracelets-tissu-apple-watch-noir#breadcrumb\"},\"inLanguage\":\"fr-FR\",\"potentialAction\":[{\"@type\":\"ReadAction\",\"target\":[\"https:\/\/yescase.shop\/?product=bracelets-tissu-apple-watch-noir\"]}]},{\"@type\":\"ImageObject\",\"inLanguage\":\"fr-FR\",\"@id\":\"https:\/\/yescase.shop\/?product=bracelets-tissu-apple-watch-noir#primaryimage\",\"url\":\"https:\/\/yescase.shop\/wp-content\/uploads\/2025\/01\/Noir.jpg\",\"contentUrl\":\"https:\/\/yescase.shop\/wp-content\/uploads\/2025\/01\/Noir.jpg\",\"width\":800,\"height\":800},{\"@type\":\"BreadcrumbList\",\"@id\":\"https:\/\/yescase.shop\/?product=bracelets-tissu-apple-watch-noir#breadcrumb\",\"itemListElement\":[{\"@type\":\"ListItem\",\"position\":1,\"name\":\"Accueil\",\"item\":\"https:\/\/yescase.shop\/\"},{\"@type\":\"ListItem\",\"position\":2,\"name\":\"Boutique\",\"item\":\"https:\/\/yescase.shop\/?page_id=9\"},{\"@type\":\"ListItem\",\"position\":3,\"name\":\"Bracelets Tissu Apple Watch &#8211; Noir\"}]},{\"@type\":\"WebSite\",\"@id\":\"https:\/\/yescase.shop\/#website\",\"url\":\"https:\/\/yescase.shop\/\",\"name\":\"FRA\u00ceCHEUR MARINE\",\"description\":\"Site de vente de coques et d\u2019accessoires pour t\u00e9l\u00e9phone.\",\"publisher\":{\"@id\":\"https:\/\/yescase.shop\/#organization\"},\"potentialAction\":[{\"@type\":\"SearchAction\",\"target\":{\"@type\":\"EntryPoint\",\"urlTemplate\":\"https:\/\/yescase.shop\/?s={search_term_string}\"},\"query-input\":{\"@type\":\"PropertyValueSpecification\",\"valueRequired\":true,\"valueName\":\"search_term_string\"}}],\"inLanguage\":\"fr-FR\"},{\"@type\":\"Organization\",\"@id\":\"https:\/\/yescase.shop\/#organization\",\"name\":\"FRA\u00ceCHEUR MARINE\",\"url\":\"https:\/\/yescase.shop\/\",\"logo\":{\"@type\":\"ImageObject\",\"inLanguage\":\"fr-FR\",\"@id\":\"https:\/\/yescase.shop\/#\/schema\/logo\/image\/\",\"url\":\"https:\/\/yescase.shop\/wp-content\/uploads\/2023\/12\/cropped-Plan-de-travail-1.png\",\"contentUrl\":\"https:\/\/yescase.shop\/wp-content\/uploads\/2023\/12\/cropped-Plan-de-travail-1.png\",\"width\":512,\"height\":512,\"caption\":\"FRA\u00ceCHEUR MARINE\"},\"image\":{\"@id\":\"https:\/\/yescase.shop\/#\/schema\/logo\/image\/\"}}]}<\/script>\n<!-- \/ Yoast SEO plugin. -->","yoast_head_json":{"title":"Bracelets Tissu Apple Watch - Noir - YESCASE","robots":{"index":"index","follow":"follow","max-snippet":"max-snippet:-1","max-image-preview":"max-image-preview:large","max-video-preview":"max-video-preview:-1"},"canonical":"https:\/\/yescase.shop\/?product=bracelets-tissu-apple-watch-noir","og_locale":"fr_FR","og_type":"article","og_title":"Bracelets Tissu Apple Watch - Noir - YESCASE","og_description":"\u2705 Caract\u00e9ristiques : \u2022Compatibles avec toutes les s\u00e9ries Apple Watch : 38 mm, 40 mm, 42 mm, 44 mm, 45 mm et Ultra \ud83d\udcf1 \u2022Tissu respirant et confortable pour une utilisation prolong\u00e9e, parfait pour le sport ou la vie quotidienne \ud83e\uddf5 \u2022Fermoir r\u00e9glable et s\u00e9curis\u00e9 pour un ajustement parfait \ud83d\udd12 \u2022Design minimaliste et moderne adapt\u00e9 \u00e0 toutes les occasions \ud83c\udfa8 \u2022L\u00e9ger et r\u00e9sistant pour un confort maximal \u270b","og_url":"https:\/\/yescase.shop\/?product=bracelets-tissu-apple-watch-noir","og_site_name":"YESCASE","article_modified_time":"2025-07-31T17:52:03+00:00","og_image":[{"width":800,"height":800,"url":"https:\/\/yescase.shop\/wp-content\/uploads\/2025\/01\/Noir.jpg","type":"image\/jpeg"}],"twitter_card":"summary_large_image","schema":{"@context":"https:\/\/schema.org","@graph":[{"@type":"WebPage","@id":"https:\/\/yescase.shop\/?product=bracelets-tissu-apple-watch-noir","url":"https:\/\/yescase.shop\/?product=bracelets-tissu-apple-watch-noir","name":"Bracelets Tissu Apple Watch - Noir - YESCASE","isPartOf":{"@id":"https:\/\/yescase.shop\/#website"},"primaryImageOfPage":{"@id":"https:\/\/yescase.shop\/?product=bracelets-tissu-apple-watch-noir#primaryimage"},"image":{"@id":"https:\/\/yescase.shop\/?product=bracelets-tissu-apple-watch-noir#primaryimage"},"thumbnailUrl":"https:\/\/yescase.shop\/wp-content\/uploads\/2025\/01\/Noir.jpg","datePublished":"2025-01-13T14:42:40+00:00","dateModified":"2025-07-31T17:52:03+00:00","breadcrumb":{"@id":"https:\/\/yescase.shop\/?product=bracelets-tissu-apple-watch-noir#breadcrumb"},"inLanguage":"fr-FR","potentialAction":[{"@type":"ReadAction","target":["https:\/\/yescase.shop\/?product=bracelets-tissu-apple-watch-noir"]}]},{"@type":"ImageObject","inLanguage":"fr-FR","@id":"https:\/\/yescase.shop\/?product=bracelets-tissu-apple-watch-noir#primaryimage","url":"https:\/\/yescase.shop\/wp-content\/uploads\/2025\/01\/Noir.jpg","contentUrl":"https:\/\/yescase.shop\/wp-content\/uploads\/2025\/01\/Noir.jpg","width":800,"height":800},{"@type":"BreadcrumbList","@id":"https:\/\/yescase.shop\/?product=bracelets-tissu-apple-watch-noir#breadcrumb","itemListElement":[{"@type":"ListItem","position":1,"name":"Accueil","item":"https:\/\/yescase.shop\/"},{"@type":"ListItem","position":2,"name":"Boutique","item":"https:\/\/yescase.shop\/?page_id=9"},{"@type":"ListItem","position":3,"name":"Bracelets Tissu Apple Watch &#8211; Noir"}]},{"@type":"WebSite","@id":"https:\/\/yescase.shop\/#website","url":"https:\/\/yescase.shop\/","name":"FRA\u00ceCHEUR MARINE","description":"Site de vente de coques et d\u2019accessoires pour t\u00e9l\u00e9phone.","publisher":{"@id":"https:\/\/yescase.shop\/#organization"},"potentialAction":[{"@type":"SearchAction","target":{"@type":"EntryPoint","urlTemplate":"https:\/\/yescase.shop\/?s={search_term_string}"},"query-input":{"@type":"PropertyValueSpecification","valueRequired":true,"valueName":"search_term_string"}}],"inLanguage":"fr-FR"},{"@type":"Organization","@id":"https:\/\/yescase.shop\/#organization","name":"FRA\u00ceCHEUR MARINE","url":"https:\/\/yescase.shop\/","logo":{"@type":"ImageObject","inLanguage":"fr-FR","@id":"https:\/\/yescase.shop\/#\/schema\/logo\/image\/","url":"https:\/\/yescase.shop\/wp-content\/uploads\/2023\/12\/cropped-Plan-de-travail-1.png","contentUrl":"https:\/\/yescase.shop\/wp-content\/uploads\/2023\/12\/cropped-Plan-de-travail-1.png","width":512,"height":512,"caption":"FRA\u00ceCHEUR MARINE"},"image":{"@id":"https:\/\/yescase.shop\/#\/schema\/logo\/image\/"}}]}},"jetpack_sharing_enabled":true,"_links":{"self":[{"href":"https:\/\/yescase.shop\/index.php?rest_route=\/wp\/v2\/product\/14551","targetHints":{"allow":["GET"]}}],"collection":[{"href":"https:\/\/yescase.shop\/index.php?rest_route=\/wp\/v2\/product"}],"about":[{"href":"https:\/\/yescase.shop\/index.php?rest_route=\/wp\/v2\/types\/product"}],"version-history":[{"count":1,"href":"https:\/\/yescase.shop\/index.php?rest_route=\/wp\/v2\/product\/14551\/revisions"}],"predecessor-version":[{"id":14552,"href":"https:\/\/yescase.shop\/index.php?rest_route=\/wp\/v2\/product\/14551\/revisions\/14552"}],"wp:featuredmedia":[{"embeddable":true,"href":"https:\/\/yescase.shop\/index.php?rest_route=\/wp\/v2\/media\/14495"}],"wp:attachment":[{"href":"https:\/\/yescase.shop\/index.php?rest_route=%2Fwp%2Fv2%2Fmedia&parent=14551"}],"wp:term":[{"taxonomy":"product_brand","embeddable":true,"href":"https:\/\/yescase.shop\/index.php?rest_route=%2Fwp%2Fv2%2Fproduct_brand&post=14551"},{"taxonomy":"product_cat","embeddable":true,"href":"https:\/\/yescase.shop\/index.php?rest_route=%2Fwp%2Fv2%2Fproduct_cat&post=14551"},{"taxonomy":"product_tag","embeddable":true,"href":"https:\/\/yescase.shop\/index.php?rest_route=%2Fwp%2Fv2%2Fproduct_tag&post=14551"}],"curies":[{"name":"wp","href":"https:\/\/api.w.org\/{rel}","templated":true}]}}