{"id":14516,"date":"2025-01-13T06:02:40","date_gmt":"2025-01-13T05:02:40","guid":{"rendered":"https:\/\/yescase.shop\/?post_type=product&#038;p=14516"},"modified":"2026-04-13T16:01:09","modified_gmt":"2026-04-13T14:01:09","slug":"bracelet-cuir-silicone-fermeture-magnetique-vert","status":"publish","type":"product","link":"https:\/\/yescase.shop\/?product=bracelet-cuir-silicone-fermeture-magnetique-vert","title":{"rendered":"Bracelet Cuir + Silicone Fermeture Magn\u00e9tique &#8211; Vert"},"content":{"rendered":"","protected":false},"excerpt":{"rendered":"<p>Ce bracelet en cuir\u00a0 allie \u00e9l\u00e9gance et confort, parfait pour un usage quotidien ou des occasions formelles.<\/p>\n<p><strong>Caract\u00e9ristiques :<\/strong><\/p>\n<ul>\n<li>Mat\u00e9riau : Cuir<\/li>\n<li>Compatibilit\u00e9 : disponible pour Apple Watch (38mm, 40mm, 41mm, 42mm, 44mm, 45mm, 46mm et 49mm.)<\/li>\n<li>Boucle r\u00e9glable<\/li>\n<\/ul>\n","protected":false},"featured_media":14517,"template":"","meta":[],"product_brand":[],"product_cat":[88],"product_tag":[],"class_list":{"0":"post-14516","1":"product","2":"type-product","3":"status-publish","4":"has-post-thumbnail","6":"product_cat-bracelet-apple-watch","8":"first","9":"instock","10":"shipping-taxable","11":"purchasable","12":"product-type-variable"},"yoast_head":"<!-- This site is optimized with the Yoast SEO plugin v26.3 - https:\/\/yoast.com\/wordpress\/plugins\/seo\/ -->\n<title>Bracelet Cuir + Silicone Fermeture Magn\u00e9tique - Vert - YESCASE<\/title>\n<meta name=\"robots\" content=\"index, follow, max-snippet:-1, max-image-preview:large, max-video-preview:-1\" \/>\n<link rel=\"canonical\" href=\"https:\/\/yescase.shop\/?product=bracelet-cuir-silicone-fermeture-magnetique-vert\" \/>\n<meta property=\"og:locale\" content=\"fr_FR\" \/>\n<meta property=\"og:type\" content=\"article\" \/>\n<meta property=\"og:title\" content=\"Bracelet Cuir + Silicone Fermeture Magn\u00e9tique - Vert - YESCASE\" \/>\n<meta property=\"og:description\" content=\"Ce bracelet en cuir\u00a0 allie \u00e9l\u00e9gance et confort, parfait pour un usage quotidien ou des occasions formelles.  Caract\u00e9ristiques :   Mat\u00e9riau : Cuir  Compatibilit\u00e9 : disponible pour Apple Watch (38mm, 40mm, 41mm, 42mm, 44mm, 45mm, 46mm et 49mm.)  Boucle r\u00e9glable\" \/>\n<meta property=\"og:url\" content=\"https:\/\/yescase.shop\/?product=bracelet-cuir-silicone-fermeture-magnetique-vert\" \/>\n<meta property=\"og:site_name\" content=\"YESCASE\" \/>\n<meta property=\"article:modified_time\" content=\"2026-04-13T14:01:09+00:00\" \/>\n<meta property=\"og:image\" content=\"https:\/\/yescase.shop\/wp-content\/uploads\/2025\/01\/IMG_0408.jpg\" \/>\n\t<meta property=\"og:image:width\" content=\"800\" \/>\n\t<meta property=\"og:image:height\" content=\"800\" \/>\n\t<meta property=\"og:image:type\" content=\"image\/jpeg\" \/>\n<meta name=\"twitter:card\" content=\"summary_large_image\" \/>\n<meta name=\"twitter:label1\" content=\"Dur\u00e9e de lecture estim\u00e9e\" \/>\n\t<meta name=\"twitter:data1\" content=\"1 minute\" \/>\n<script type=\"application\/ld+json\" class=\"yoast-schema-graph\">{\"@context\":\"https:\/\/schema.org\",\"@graph\":[{\"@type\":\"WebPage\",\"@id\":\"https:\/\/yescase.shop\/?product=bracelet-cuir-silicone-fermeture-magnetique-vert\",\"url\":\"https:\/\/yescase.shop\/?product=bracelet-cuir-silicone-fermeture-magnetique-vert\",\"name\":\"Bracelet Cuir + Silicone Fermeture Magn\u00e9tique - Vert - YESCASE\",\"isPartOf\":{\"@id\":\"https:\/\/yescase.shop\/#website\"},\"primaryImageOfPage\":{\"@id\":\"https:\/\/yescase.shop\/?product=bracelet-cuir-silicone-fermeture-magnetique-vert#primaryimage\"},\"image\":{\"@id\":\"https:\/\/yescase.shop\/?product=bracelet-cuir-silicone-fermeture-magnetique-vert#primaryimage\"},\"thumbnailUrl\":\"https:\/\/yescase.shop\/wp-content\/uploads\/2025\/01\/IMG_0408.jpg\",\"datePublished\":\"2025-01-13T05:02:40+00:00\",\"dateModified\":\"2026-04-13T14:01:09+00:00\",\"breadcrumb\":{\"@id\":\"https:\/\/yescase.shop\/?product=bracelet-cuir-silicone-fermeture-magnetique-vert#breadcrumb\"},\"inLanguage\":\"fr-FR\",\"potentialAction\":[{\"@type\":\"ReadAction\",\"target\":[\"https:\/\/yescase.shop\/?product=bracelet-cuir-silicone-fermeture-magnetique-vert\"]}]},{\"@type\":\"ImageObject\",\"inLanguage\":\"fr-FR\",\"@id\":\"https:\/\/yescase.shop\/?product=bracelet-cuir-silicone-fermeture-magnetique-vert#primaryimage\",\"url\":\"https:\/\/yescase.shop\/wp-content\/uploads\/2025\/01\/IMG_0408.jpg\",\"contentUrl\":\"https:\/\/yescase.shop\/wp-content\/uploads\/2025\/01\/IMG_0408.jpg\",\"width\":800,\"height\":800},{\"@type\":\"BreadcrumbList\",\"@id\":\"https:\/\/yescase.shop\/?product=bracelet-cuir-silicone-fermeture-magnetique-vert#breadcrumb\",\"itemListElement\":[{\"@type\":\"ListItem\",\"position\":1,\"name\":\"Accueil\",\"item\":\"https:\/\/yescase.shop\/\"},{\"@type\":\"ListItem\",\"position\":2,\"name\":\"Boutique\",\"item\":\"https:\/\/yescase.shop\/?page_id=9\"},{\"@type\":\"ListItem\",\"position\":3,\"name\":\"Bracelet Cuir + Silicone Fermeture Magn\u00e9tique &#8211; Vert\"}]},{\"@type\":\"WebSite\",\"@id\":\"https:\/\/yescase.shop\/#website\",\"url\":\"https:\/\/yescase.shop\/\",\"name\":\"FRA\u00ceCHEUR MARINE\",\"description\":\"Site de vente de coques et d\u2019accessoires pour t\u00e9l\u00e9phone.\",\"publisher\":{\"@id\":\"https:\/\/yescase.shop\/#organization\"},\"potentialAction\":[{\"@type\":\"SearchAction\",\"target\":{\"@type\":\"EntryPoint\",\"urlTemplate\":\"https:\/\/yescase.shop\/?s={search_term_string}\"},\"query-input\":{\"@type\":\"PropertyValueSpecification\",\"valueRequired\":true,\"valueName\":\"search_term_string\"}}],\"inLanguage\":\"fr-FR\"},{\"@type\":\"Organization\",\"@id\":\"https:\/\/yescase.shop\/#organization\",\"name\":\"FRA\u00ceCHEUR MARINE\",\"url\":\"https:\/\/yescase.shop\/\",\"logo\":{\"@type\":\"ImageObject\",\"inLanguage\":\"fr-FR\",\"@id\":\"https:\/\/yescase.shop\/#\/schema\/logo\/image\/\",\"url\":\"https:\/\/yescase.shop\/wp-content\/uploads\/2023\/12\/cropped-Plan-de-travail-1.png\",\"contentUrl\":\"https:\/\/yescase.shop\/wp-content\/uploads\/2023\/12\/cropped-Plan-de-travail-1.png\",\"width\":512,\"height\":512,\"caption\":\"FRA\u00ceCHEUR MARINE\"},\"image\":{\"@id\":\"https:\/\/yescase.shop\/#\/schema\/logo\/image\/\"}}]}<\/script>\n<!-- \/ Yoast SEO plugin. -->","yoast_head_json":{"title":"Bracelet Cuir + Silicone Fermeture Magn\u00e9tique - Vert - YESCASE","robots":{"index":"index","follow":"follow","max-snippet":"max-snippet:-1","max-image-preview":"max-image-preview:large","max-video-preview":"max-video-preview:-1"},"canonical":"https:\/\/yescase.shop\/?product=bracelet-cuir-silicone-fermeture-magnetique-vert","og_locale":"fr_FR","og_type":"article","og_title":"Bracelet Cuir + Silicone Fermeture Magn\u00e9tique - Vert - YESCASE","og_description":"Ce bracelet en cuir\u00a0 allie \u00e9l\u00e9gance et confort, parfait pour un usage quotidien ou des occasions formelles.  Caract\u00e9ristiques :   Mat\u00e9riau : Cuir  Compatibilit\u00e9 : disponible pour Apple Watch (38mm, 40mm, 41mm, 42mm, 44mm, 45mm, 46mm et 49mm.)  Boucle r\u00e9glable","og_url":"https:\/\/yescase.shop\/?product=bracelet-cuir-silicone-fermeture-magnetique-vert","og_site_name":"YESCASE","article_modified_time":"2026-04-13T14:01:09+00:00","og_image":[{"width":800,"height":800,"url":"https:\/\/yescase.shop\/wp-content\/uploads\/2025\/01\/IMG_0408.jpg","type":"image\/jpeg"}],"twitter_card":"summary_large_image","twitter_misc":{"Dur\u00e9e de lecture estim\u00e9e":"1 minute"},"schema":{"@context":"https:\/\/schema.org","@graph":[{"@type":"WebPage","@id":"https:\/\/yescase.shop\/?product=bracelet-cuir-silicone-fermeture-magnetique-vert","url":"https:\/\/yescase.shop\/?product=bracelet-cuir-silicone-fermeture-magnetique-vert","name":"Bracelet Cuir + Silicone Fermeture Magn\u00e9tique - Vert - YESCASE","isPartOf":{"@id":"https:\/\/yescase.shop\/#website"},"primaryImageOfPage":{"@id":"https:\/\/yescase.shop\/?product=bracelet-cuir-silicone-fermeture-magnetique-vert#primaryimage"},"image":{"@id":"https:\/\/yescase.shop\/?product=bracelet-cuir-silicone-fermeture-magnetique-vert#primaryimage"},"thumbnailUrl":"https:\/\/yescase.shop\/wp-content\/uploads\/2025\/01\/IMG_0408.jpg","datePublished":"2025-01-13T05:02:40+00:00","dateModified":"2026-04-13T14:01:09+00:00","breadcrumb":{"@id":"https:\/\/yescase.shop\/?product=bracelet-cuir-silicone-fermeture-magnetique-vert#breadcrumb"},"inLanguage":"fr-FR","potentialAction":[{"@type":"ReadAction","target":["https:\/\/yescase.shop\/?product=bracelet-cuir-silicone-fermeture-magnetique-vert"]}]},{"@type":"ImageObject","inLanguage":"fr-FR","@id":"https:\/\/yescase.shop\/?product=bracelet-cuir-silicone-fermeture-magnetique-vert#primaryimage","url":"https:\/\/yescase.shop\/wp-content\/uploads\/2025\/01\/IMG_0408.jpg","contentUrl":"https:\/\/yescase.shop\/wp-content\/uploads\/2025\/01\/IMG_0408.jpg","width":800,"height":800},{"@type":"BreadcrumbList","@id":"https:\/\/yescase.shop\/?product=bracelet-cuir-silicone-fermeture-magnetique-vert#breadcrumb","itemListElement":[{"@type":"ListItem","position":1,"name":"Accueil","item":"https:\/\/yescase.shop\/"},{"@type":"ListItem","position":2,"name":"Boutique","item":"https:\/\/yescase.shop\/?page_id=9"},{"@type":"ListItem","position":3,"name":"Bracelet Cuir + Silicone Fermeture Magn\u00e9tique &#8211; Vert"}]},{"@type":"WebSite","@id":"https:\/\/yescase.shop\/#website","url":"https:\/\/yescase.shop\/","name":"FRA\u00ceCHEUR MARINE","description":"Site de vente de coques et d\u2019accessoires pour t\u00e9l\u00e9phone.","publisher":{"@id":"https:\/\/yescase.shop\/#organization"},"potentialAction":[{"@type":"SearchAction","target":{"@type":"EntryPoint","urlTemplate":"https:\/\/yescase.shop\/?s={search_term_string}"},"query-input":{"@type":"PropertyValueSpecification","valueRequired":true,"valueName":"search_term_string"}}],"inLanguage":"fr-FR"},{"@type":"Organization","@id":"https:\/\/yescase.shop\/#organization","name":"FRA\u00ceCHEUR MARINE","url":"https:\/\/yescase.shop\/","logo":{"@type":"ImageObject","inLanguage":"fr-FR","@id":"https:\/\/yescase.shop\/#\/schema\/logo\/image\/","url":"https:\/\/yescase.shop\/wp-content\/uploads\/2023\/12\/cropped-Plan-de-travail-1.png","contentUrl":"https:\/\/yescase.shop\/wp-content\/uploads\/2023\/12\/cropped-Plan-de-travail-1.png","width":512,"height":512,"caption":"FRA\u00ceCHEUR MARINE"},"image":{"@id":"https:\/\/yescase.shop\/#\/schema\/logo\/image\/"}}]}},"jetpack_sharing_enabled":true,"_links":{"self":[{"href":"https:\/\/yescase.shop\/index.php?rest_route=\/wp\/v2\/product\/14516","targetHints":{"allow":["GET"]}}],"collection":[{"href":"https:\/\/yescase.shop\/index.php?rest_route=\/wp\/v2\/product"}],"about":[{"href":"https:\/\/yescase.shop\/index.php?rest_route=\/wp\/v2\/types\/product"}],"version-history":[{"count":3,"href":"https:\/\/yescase.shop\/index.php?rest_route=\/wp\/v2\/product\/14516\/revisions"}],"predecessor-version":[{"id":15247,"href":"https:\/\/yescase.shop\/index.php?rest_route=\/wp\/v2\/product\/14516\/revisions\/15247"}],"wp:featuredmedia":[{"embeddable":true,"href":"https:\/\/yescase.shop\/index.php?rest_route=\/wp\/v2\/media\/14517"}],"wp:attachment":[{"href":"https:\/\/yescase.shop\/index.php?rest_route=%2Fwp%2Fv2%2Fmedia&parent=14516"}],"wp:term":[{"taxonomy":"product_brand","embeddable":true,"href":"https:\/\/yescase.shop\/index.php?rest_route=%2Fwp%2Fv2%2Fproduct_brand&post=14516"},{"taxonomy":"product_cat","embeddable":true,"href":"https:\/\/yescase.shop\/index.php?rest_route=%2Fwp%2Fv2%2Fproduct_cat&post=14516"},{"taxonomy":"product_tag","embeddable":true,"href":"https:\/\/yescase.shop\/index.php?rest_route=%2Fwp%2Fv2%2Fproduct_tag&post=14516"}],"curies":[{"name":"wp","href":"https:\/\/api.w.org\/{rel}","templated":true}]}}