{"id":14409,"date":"2025-01-06T07:11:22","date_gmt":"2025-01-06T06:11:22","guid":{"rendered":"https:\/\/yescase.shop\/?post_type=product&#038;p=14409"},"modified":"2026-04-01T18:17:05","modified_gmt":"2026-04-01T16:17:05","slug":"cuir-marron","status":"publish","type":"product","link":"https:\/\/yescase.shop\/?product=cuir-marron","title":{"rendered":"Coque en cuir v\u00e9ritable avec bordure silicone &#8211; Gold"},"content":{"rendered":"","protected":false},"excerpt":{"rendered":"<p class=\"p1\">\u2705 <b>Caract\u00e9ristiques<\/b> :<\/p>\n<p class=\"p2\">\u2022<b>Compatibles avec iPhone XR \u00e0 16 Pro Max<\/b> \ud83d\udcf1<\/p>\n<p class=\"p2\">\u2022<b>Design en cuir luxueux<\/b> pour un style raffin\u00e9 \u2728<\/p>\n<p class=\"p2\">\u2022<b>Protection renforc\u00e9e<\/b> contre les chocs et rayures \ud83d\udee1\ufe0f<\/p>\n<p class=\"p2\">\u2022<b>Prise en main confortable<\/b> gr\u00e2ce \u00e0 une finition douce et \u00e9l\u00e9gante \u270b<\/p>\n<p class=\"p2\">\u2022<b>Compatibilit\u00e9 MagSafe<\/b> pour une charge sans fil facile \u26a1<\/p>\n","protected":false},"featured_media":14574,"template":"","meta":[],"product_brand":[],"product_cat":[139],"product_tag":[],"class_list":{"0":"post-14409","1":"product","2":"type-product","3":"status-publish","4":"has-post-thumbnail","6":"product_cat-coques","8":"first","9":"instock","10":"sale","11":"shipping-taxable","12":"purchasable","13":"product-type-variable"},"yoast_head":"<!-- This site is optimized with the Yoast SEO plugin v26.3 - https:\/\/yoast.com\/wordpress\/plugins\/seo\/ -->\n<title>Coque en cuir v\u00e9ritable avec bordure silicone - Gold - YESCASE<\/title>\n<meta name=\"robots\" content=\"index, follow, max-snippet:-1, max-image-preview:large, max-video-preview:-1\" \/>\n<link rel=\"canonical\" href=\"https:\/\/yescase.shop\/?product=cuir-marron\" \/>\n<meta property=\"og:locale\" content=\"fr_FR\" \/>\n<meta property=\"og:type\" content=\"article\" \/>\n<meta property=\"og:title\" content=\"Coque en cuir v\u00e9ritable avec bordure silicone - Gold - YESCASE\" \/>\n<meta property=\"og:description\" content=\"\u2705 Caract\u00e9ristiques : \u2022Compatibles avec iPhone XR \u00e0 16 Pro Max \ud83d\udcf1 \u2022Design en cuir luxueux pour un style raffin\u00e9 \u2728 \u2022Protection renforc\u00e9e contre les chocs et rayures \ud83d\udee1\ufe0f \u2022Prise en main confortable gr\u00e2ce \u00e0 une finition douce et \u00e9l\u00e9gante \u270b \u2022Compatibilit\u00e9 MagSafe pour une charge sans fil facile \u26a1\" \/>\n<meta property=\"og:url\" content=\"https:\/\/yescase.shop\/?product=cuir-marron\" \/>\n<meta property=\"og:site_name\" content=\"YESCASE\" \/>\n<meta property=\"article:modified_time\" content=\"2026-04-01T16:17:05+00:00\" \/>\n<meta property=\"og:image\" content=\"https:\/\/yescase.shop\/wp-content\/uploads\/2025\/01\/H0b41151e0cf343adbc33e1c1fb5c80069.webp\" \/>\n\t<meta property=\"og:image:width\" content=\"1600\" \/>\n\t<meta property=\"og:image:height\" content=\"1600\" \/>\n\t<meta property=\"og:image:type\" content=\"image\/webp\" \/>\n<meta name=\"twitter:card\" content=\"summary_large_image\" \/>\n<meta name=\"twitter:label1\" content=\"Dur\u00e9e de lecture estim\u00e9e\" \/>\n\t<meta name=\"twitter:data1\" content=\"1 minute\" \/>\n<script type=\"application\/ld+json\" class=\"yoast-schema-graph\">{\"@context\":\"https:\/\/schema.org\",\"@graph\":[{\"@type\":\"WebPage\",\"@id\":\"https:\/\/yescase.shop\/?product=cuir-marron\",\"url\":\"https:\/\/yescase.shop\/?product=cuir-marron\",\"name\":\"Coque en cuir v\u00e9ritable avec bordure silicone - Gold - YESCASE\",\"isPartOf\":{\"@id\":\"https:\/\/yescase.shop\/#website\"},\"primaryImageOfPage\":{\"@id\":\"https:\/\/yescase.shop\/?product=cuir-marron#primaryimage\"},\"image\":{\"@id\":\"https:\/\/yescase.shop\/?product=cuir-marron#primaryimage\"},\"thumbnailUrl\":\"https:\/\/yescase.shop\/wp-content\/uploads\/2025\/01\/H0b41151e0cf343adbc33e1c1fb5c80069.webp\",\"datePublished\":\"2025-01-06T06:11:22+00:00\",\"dateModified\":\"2026-04-01T16:17:05+00:00\",\"breadcrumb\":{\"@id\":\"https:\/\/yescase.shop\/?product=cuir-marron#breadcrumb\"},\"inLanguage\":\"fr-FR\",\"potentialAction\":[{\"@type\":\"ReadAction\",\"target\":[\"https:\/\/yescase.shop\/?product=cuir-marron\"]}]},{\"@type\":\"ImageObject\",\"inLanguage\":\"fr-FR\",\"@id\":\"https:\/\/yescase.shop\/?product=cuir-marron#primaryimage\",\"url\":\"https:\/\/yescase.shop\/wp-content\/uploads\/2025\/01\/H0b41151e0cf343adbc33e1c1fb5c80069.webp\",\"contentUrl\":\"https:\/\/yescase.shop\/wp-content\/uploads\/2025\/01\/H0b41151e0cf343adbc33e1c1fb5c80069.webp\",\"width\":1600,\"height\":1600},{\"@type\":\"BreadcrumbList\",\"@id\":\"https:\/\/yescase.shop\/?product=cuir-marron#breadcrumb\",\"itemListElement\":[{\"@type\":\"ListItem\",\"position\":1,\"name\":\"Accueil\",\"item\":\"https:\/\/yescase.shop\/\"},{\"@type\":\"ListItem\",\"position\":2,\"name\":\"Boutique\",\"item\":\"https:\/\/yescase.shop\/?page_id=9\"},{\"@type\":\"ListItem\",\"position\":3,\"name\":\"Coque en cuir v\u00e9ritable avec bordure silicone &#8211; Gold\"}]},{\"@type\":\"WebSite\",\"@id\":\"https:\/\/yescase.shop\/#website\",\"url\":\"https:\/\/yescase.shop\/\",\"name\":\"FRA\u00ceCHEUR MARINE\",\"description\":\"Site de vente de coques et d\u2019accessoires pour t\u00e9l\u00e9phone.\",\"publisher\":{\"@id\":\"https:\/\/yescase.shop\/#organization\"},\"potentialAction\":[{\"@type\":\"SearchAction\",\"target\":{\"@type\":\"EntryPoint\",\"urlTemplate\":\"https:\/\/yescase.shop\/?s={search_term_string}\"},\"query-input\":{\"@type\":\"PropertyValueSpecification\",\"valueRequired\":true,\"valueName\":\"search_term_string\"}}],\"inLanguage\":\"fr-FR\"},{\"@type\":\"Organization\",\"@id\":\"https:\/\/yescase.shop\/#organization\",\"name\":\"FRA\u00ceCHEUR MARINE\",\"url\":\"https:\/\/yescase.shop\/\",\"logo\":{\"@type\":\"ImageObject\",\"inLanguage\":\"fr-FR\",\"@id\":\"https:\/\/yescase.shop\/#\/schema\/logo\/image\/\",\"url\":\"https:\/\/yescase.shop\/wp-content\/uploads\/2023\/12\/cropped-Plan-de-travail-1.png\",\"contentUrl\":\"https:\/\/yescase.shop\/wp-content\/uploads\/2023\/12\/cropped-Plan-de-travail-1.png\",\"width\":512,\"height\":512,\"caption\":\"FRA\u00ceCHEUR MARINE\"},\"image\":{\"@id\":\"https:\/\/yescase.shop\/#\/schema\/logo\/image\/\"}}]}<\/script>\n<!-- \/ Yoast SEO plugin. -->","yoast_head_json":{"title":"Coque en cuir v\u00e9ritable avec bordure silicone - Gold - YESCASE","robots":{"index":"index","follow":"follow","max-snippet":"max-snippet:-1","max-image-preview":"max-image-preview:large","max-video-preview":"max-video-preview:-1"},"canonical":"https:\/\/yescase.shop\/?product=cuir-marron","og_locale":"fr_FR","og_type":"article","og_title":"Coque en cuir v\u00e9ritable avec bordure silicone - Gold - YESCASE","og_description":"\u2705 Caract\u00e9ristiques : \u2022Compatibles avec iPhone XR \u00e0 16 Pro Max \ud83d\udcf1 \u2022Design en cuir luxueux pour un style raffin\u00e9 \u2728 \u2022Protection renforc\u00e9e contre les chocs et rayures \ud83d\udee1\ufe0f \u2022Prise en main confortable gr\u00e2ce \u00e0 une finition douce et \u00e9l\u00e9gante \u270b \u2022Compatibilit\u00e9 MagSafe pour une charge sans fil facile \u26a1","og_url":"https:\/\/yescase.shop\/?product=cuir-marron","og_site_name":"YESCASE","article_modified_time":"2026-04-01T16:17:05+00:00","og_image":[{"width":1600,"height":1600,"url":"https:\/\/yescase.shop\/wp-content\/uploads\/2025\/01\/H0b41151e0cf343adbc33e1c1fb5c80069.webp","type":"image\/webp"}],"twitter_card":"summary_large_image","twitter_misc":{"Dur\u00e9e de lecture estim\u00e9e":"1 minute"},"schema":{"@context":"https:\/\/schema.org","@graph":[{"@type":"WebPage","@id":"https:\/\/yescase.shop\/?product=cuir-marron","url":"https:\/\/yescase.shop\/?product=cuir-marron","name":"Coque en cuir v\u00e9ritable avec bordure silicone - Gold - YESCASE","isPartOf":{"@id":"https:\/\/yescase.shop\/#website"},"primaryImageOfPage":{"@id":"https:\/\/yescase.shop\/?product=cuir-marron#primaryimage"},"image":{"@id":"https:\/\/yescase.shop\/?product=cuir-marron#primaryimage"},"thumbnailUrl":"https:\/\/yescase.shop\/wp-content\/uploads\/2025\/01\/H0b41151e0cf343adbc33e1c1fb5c80069.webp","datePublished":"2025-01-06T06:11:22+00:00","dateModified":"2026-04-01T16:17:05+00:00","breadcrumb":{"@id":"https:\/\/yescase.shop\/?product=cuir-marron#breadcrumb"},"inLanguage":"fr-FR","potentialAction":[{"@type":"ReadAction","target":["https:\/\/yescase.shop\/?product=cuir-marron"]}]},{"@type":"ImageObject","inLanguage":"fr-FR","@id":"https:\/\/yescase.shop\/?product=cuir-marron#primaryimage","url":"https:\/\/yescase.shop\/wp-content\/uploads\/2025\/01\/H0b41151e0cf343adbc33e1c1fb5c80069.webp","contentUrl":"https:\/\/yescase.shop\/wp-content\/uploads\/2025\/01\/H0b41151e0cf343adbc33e1c1fb5c80069.webp","width":1600,"height":1600},{"@type":"BreadcrumbList","@id":"https:\/\/yescase.shop\/?product=cuir-marron#breadcrumb","itemListElement":[{"@type":"ListItem","position":1,"name":"Accueil","item":"https:\/\/yescase.shop\/"},{"@type":"ListItem","position":2,"name":"Boutique","item":"https:\/\/yescase.shop\/?page_id=9"},{"@type":"ListItem","position":3,"name":"Coque en cuir v\u00e9ritable avec bordure silicone &#8211; Gold"}]},{"@type":"WebSite","@id":"https:\/\/yescase.shop\/#website","url":"https:\/\/yescase.shop\/","name":"FRA\u00ceCHEUR MARINE","description":"Site de vente de coques et d\u2019accessoires pour t\u00e9l\u00e9phone.","publisher":{"@id":"https:\/\/yescase.shop\/#organization"},"potentialAction":[{"@type":"SearchAction","target":{"@type":"EntryPoint","urlTemplate":"https:\/\/yescase.shop\/?s={search_term_string}"},"query-input":{"@type":"PropertyValueSpecification","valueRequired":true,"valueName":"search_term_string"}}],"inLanguage":"fr-FR"},{"@type":"Organization","@id":"https:\/\/yescase.shop\/#organization","name":"FRA\u00ceCHEUR MARINE","url":"https:\/\/yescase.shop\/","logo":{"@type":"ImageObject","inLanguage":"fr-FR","@id":"https:\/\/yescase.shop\/#\/schema\/logo\/image\/","url":"https:\/\/yescase.shop\/wp-content\/uploads\/2023\/12\/cropped-Plan-de-travail-1.png","contentUrl":"https:\/\/yescase.shop\/wp-content\/uploads\/2023\/12\/cropped-Plan-de-travail-1.png","width":512,"height":512,"caption":"FRA\u00ceCHEUR MARINE"},"image":{"@id":"https:\/\/yescase.shop\/#\/schema\/logo\/image\/"}}]}},"jetpack_sharing_enabled":true,"_links":{"self":[{"href":"https:\/\/yescase.shop\/index.php?rest_route=\/wp\/v2\/product\/14409","targetHints":{"allow":["GET"]}}],"collection":[{"href":"https:\/\/yescase.shop\/index.php?rest_route=\/wp\/v2\/product"}],"about":[{"href":"https:\/\/yescase.shop\/index.php?rest_route=\/wp\/v2\/types\/product"}],"version-history":[{"count":4,"href":"https:\/\/yescase.shop\/index.php?rest_route=\/wp\/v2\/product\/14409\/revisions"}],"predecessor-version":[{"id":15289,"href":"https:\/\/yescase.shop\/index.php?rest_route=\/wp\/v2\/product\/14409\/revisions\/15289"}],"wp:featuredmedia":[{"embeddable":true,"href":"https:\/\/yescase.shop\/index.php?rest_route=\/wp\/v2\/media\/14574"}],"wp:attachment":[{"href":"https:\/\/yescase.shop\/index.php?rest_route=%2Fwp%2Fv2%2Fmedia&parent=14409"}],"wp:term":[{"taxonomy":"product_brand","embeddable":true,"href":"https:\/\/yescase.shop\/index.php?rest_route=%2Fwp%2Fv2%2Fproduct_brand&post=14409"},{"taxonomy":"product_cat","embeddable":true,"href":"https:\/\/yescase.shop\/index.php?rest_route=%2Fwp%2Fv2%2Fproduct_cat&post=14409"},{"taxonomy":"product_tag","embeddable":true,"href":"https:\/\/yescase.shop\/index.php?rest_route=%2Fwp%2Fv2%2Fproduct_tag&post=14409"}],"curies":[{"name":"wp","href":"https:\/\/api.w.org\/{rel}","templated":true}]}}